{"id":777637,"date":"2025-10-21T11:39:57","date_gmt":"2025-10-21T08:39:57","guid":{"rendered":"https:\/\/roveyayinevi.com.tr\/index.php\/urun\/ben-kimim-ilk-turk-kadin-romanci-fatma-aliye\/"},"modified":"2026-04-15T03:39:18","modified_gmt":"2026-04-15T00:39:18","slug":"ben-kimim-ilk-turk-kadin-romanci-fatma-aliye","status":"publish","type":"product","link":"https:\/\/roveyayinevi.com.tr\/index.php\/urun\/ben-kimim-ilk-turk-kadin-romanci-fatma-aliye\/","title":{"rendered":"Ben Kimim? &#8211; \u0130lk T\u00fcrk Kad\u0131n Romanc\u0131 Fatma Aliye"},"content":{"rendered":"<p>Fatma Aliye, \u00e7ocuklu\u011fundan beri \u00f6\u011frenme iste\u011fini hi\u00e7 yitirmeyen ve bu arzusunu kararl\u0131l\u0131kla s\u00fcrd\u00fcren bir kad\u0131nd\u0131r. Toplumun kad\u0131n yazarlara al\u0131\u015f\u0131k olmad\u0131\u011f\u0131 bir d\u00f6nemde \u00e7eviriler yap\u0131p romanlar yazan Fatma Aliye, ilk \u00e7eviri kitab\u0131n\u0131 \u201cBir Kad\u0131n\u201d m\u00fcstear\u0131yla yay\u0131mlar. Azmedip b\u00fct\u00fcn \u00f6n yarg\u0131lar\u0131 y\u0131kar ve \u201cT\u00fcrk edebiyat\u0131n\u0131n ilk kad\u0131n romanc\u0131s\u0131\u201d olarak ad\u0131n\u0131 tarihe yazd\u0131r\u0131r.<\/p>\n","protected":false},"excerpt":{"rendered":"<p>Fatma Aliye, \u00e7ocuklu\u011fundan beri \u00f6\u011frenme iste\u011fini hi\u00e7 yitirmeyen ve bu arzusunu kararl\u0131l\u0131kla s\u00fcrd\u00fcren bir kad\u0131nd\u0131r. Toplumun kad\u0131n yazarlara al\u0131\u015f\u0131k olmad\u0131\u011f\u0131 bir d\u00f6nemde \u00e7eviriler yap\u0131p romanlar yazan<span class=\"excerpt-hellip\"> [\u2026]<\/span><\/p>\n","protected":false},"featured_media":0,"template":"","meta":{"_monsterinsights_skip_tracking":false,"_monsterinsights_sitenote_active":false,"_monsterinsights_sitenote_note":"","_monsterinsights_sitenote_category":0},"product_brand":[],"product_cat":[12274],"product_tag":[],"class_list":{"0":"post-777637","1":"product","2":"type-product","3":"status-publish","5":"product_cat-cocuk-ve-genclik-kitaplari","6":"pa_cilt-ciltsiz","7":"pa_tur-kitap","8":"pa_yayinevi-erdem-cocuk","9":"pa_yazar-eda-uzun","11":"first","12":"instock","13":"sale","14":"shipping-taxable","15":"purchasable","16":"product-type-simple"},"_links":{"self":[{"href":"https:\/\/roveyayinevi.com.tr\/index.php\/wp-json\/wp\/v2\/product\/777637","targetHints":{"allow":["GET"]}}],"collection":[{"href":"https:\/\/roveyayinevi.com.tr\/index.php\/wp-json\/wp\/v2\/product"}],"about":[{"href":"https:\/\/roveyayinevi.com.tr\/index.php\/wp-json\/wp\/v2\/types\/product"}],"wp:attachment":[{"href":"https:\/\/roveyayinevi.com.tr\/index.php\/wp-json\/wp\/v2\/media?parent=777637"}],"wp:term":[{"taxonomy":"product_brand","embeddable":true,"href":"https:\/\/roveyayinevi.com.tr\/index.php\/wp-json\/wp\/v2\/product_brand?post=777637"},{"taxonomy":"product_cat","embeddable":true,"href":"https:\/\/roveyayinevi.com.tr\/index.php\/wp-json\/wp\/v2\/product_cat?post=777637"},{"taxonomy":"product_tag","embeddable":true,"href":"https:\/\/roveyayinevi.com.tr\/index.php\/wp-json\/wp\/v2\/product_tag?post=777637"}],"curies":[{"name":"wp","href":"https:\/\/api.w.org\/{rel}","templated":true}]}}