{"id":777633,"date":"2025-10-21T11:39:47","date_gmt":"2025-10-21T08:39:47","guid":{"rendered":"https:\/\/roveyayinevi.com.tr\/index.php\/urun\/buyuk-haritaci-ve-denizci-piri-reis\/"},"modified":"2026-04-11T03:38:41","modified_gmt":"2026-04-11T00:38:41","slug":"buyuk-haritaci-ve-denizci-piri-reis","status":"publish","type":"product","link":"https:\/\/roveyayinevi.com.tr\/index.php\/urun\/buyuk-haritaci-ve-denizci-piri-reis\/","title":{"rendered":"B\u00fcy\u00fck Haritac\u0131 ve Denizci: Piri Reis"},"content":{"rendered":"<p>P\u00eer\u00ee Reis, Gelibolu\u2019da do\u011far. Denizle i\u00e7 i\u00e7e b\u00fcy\u00fcr. Denizin dilini merak eder. Kendisi de bir denizci olan amcas\u0131 Kemal Reis\u2019ten denizin dilini \u00f6\u011frenir. Osmanl\u0131 donanmas\u0131nda g\u00f6rev alan iyi bir denizci, haritac\u0131 ve co\u011frafyac\u0131d\u0131r. \u00c7izdi\u011fi haritalar, Amerika k\u0131tas\u0131n\u0131 g\u00f6steren en eski ve en do\u011fru \u00e7izimlerdir. Bu kitapta, Osmanl\u0131 haritac\u0131s\u0131 ve denizcisi P\u00eer\u00ee Reis\u2019in maceralarla ve ba\u015far\u0131larla dolu hayat\u0131n\u0131 okuyacaks\u0131n\u0131z.<\/p>\n","protected":false},"excerpt":{"rendered":"<p>P\u00eer\u00ee Reis, Gelibolu\u2019da do\u011far. Denizle i\u00e7 i\u00e7e b\u00fcy\u00fcr. Denizin dilini merak eder. Kendisi de bir denizci olan amcas\u0131 Kemal Reis\u2019ten denizin dilini \u00f6\u011frenir. Osmanl\u0131 donanmas\u0131nda g\u00f6rev<span class=\"excerpt-hellip\"> [\u2026]<\/span><\/p>\n","protected":false},"featured_media":0,"template":"","meta":{"_monsterinsights_skip_tracking":false,"_monsterinsights_sitenote_active":false,"_monsterinsights_sitenote_note":"","_monsterinsights_sitenote_category":0},"product_brand":[],"product_cat":[12274,12284],"product_tag":[],"class_list":{"0":"post-777633","1":"product","2":"type-product","3":"status-publish","5":"product_cat-cocuk-ve-genclik-kitaplari","6":"product_cat-hikayeler","7":"pa_cilt-ciltsiz","8":"pa_tur-kitap","9":"pa_yayinevi-erdem-cocuk","10":"pa_yazar-betul-ozdemir-akpinar","12":"first","13":"instock","14":"sale","15":"shipping-taxable","16":"purchasable","17":"product-type-simple"},"_links":{"self":[{"href":"https:\/\/roveyayinevi.com.tr\/index.php\/wp-json\/wp\/v2\/product\/777633","targetHints":{"allow":["GET"]}}],"collection":[{"href":"https:\/\/roveyayinevi.com.tr\/index.php\/wp-json\/wp\/v2\/product"}],"about":[{"href":"https:\/\/roveyayinevi.com.tr\/index.php\/wp-json\/wp\/v2\/types\/product"}],"wp:attachment":[{"href":"https:\/\/roveyayinevi.com.tr\/index.php\/wp-json\/wp\/v2\/media?parent=777633"}],"wp:term":[{"taxonomy":"product_brand","embeddable":true,"href":"https:\/\/roveyayinevi.com.tr\/index.php\/wp-json\/wp\/v2\/product_brand?post=777633"},{"taxonomy":"product_cat","embeddable":true,"href":"https:\/\/roveyayinevi.com.tr\/index.php\/wp-json\/wp\/v2\/product_cat?post=777633"},{"taxonomy":"product_tag","embeddable":true,"href":"https:\/\/roveyayinevi.com.tr\/index.php\/wp-json\/wp\/v2\/product_tag?post=777633"}],"curies":[{"name":"wp","href":"https:\/\/api.w.org\/{rel}","templated":true}]}}