{"id":777632,"date":"2025-10-21T11:39:45","date_gmt":"2025-10-21T08:39:45","guid":{"rendered":"https:\/\/roveyayinevi.com.tr\/index.php\/urun\/kim-kimle-evlenirse-mutlu-olur\/"},"modified":"2026-04-15T03:39:18","modified_gmt":"2026-04-15T00:39:18","slug":"kim-kimle-evlenirse-mutlu-olur","status":"publish","type":"product","link":"https:\/\/roveyayinevi.com.tr\/index.php\/urun\/kim-kimle-evlenirse-mutlu-olur\/","title":{"rendered":"Kim, Kimle Evlenirse Mutlu Olur?"},"content":{"rendered":"<p>Evlilik s\u00fcrecinde karar vermek kolay de\u011fil. Pek \u00e7ok \u015feyi ayn\u0131 anda d\u00fc\u015f\u00fcnmek, de\u011fi\u015fkenlerin fark\u0131nda olmak gerekiyor. Peki, de\u011ferlendirmeye nereden ba\u015flamal\u0131, hangi kriterleri s\u0131namal\u0131, neye dikkat etmeli? \u00dclkemizin \u00f6nemli psikiyatri uzmanlar\u0131ndan olan Prof. Dr. Medaim Yan\u0131k, aile terapisi konusunda eri\u015fti\u011fi b\u00fcy\u00fck tecr\u00fcbeyle e\u015f se\u00e7imine kuramsal bir yakla\u015f\u0131m getiriyor. Prof. Dr. Yan\u0131k, konu hakk\u0131nda d\u00fcnyan\u0131n \u00e7e\u015fitli yerlerinden bilim insanlar\u0131n\u0131n yakla\u015f\u0131m\u0131n\u0131, \u00fclkemizin k\u00fclt\u00fcrel ger\u00e7ekleriyle birlikte yorumluyor. Kitapta, kad\u0131n ve erkekler a\u00e7\u0131s\u0131ndan evlili\u011fin dinamikleri, e\u015f se\u00e7me y\u00f6ntemleri, karar verme s\u00fcrecinde dikkat edilecek unsurlar, de\u011ferlendirme \u00e7izelgeleriyle bir b\u00fct\u00fcn olarak ele al\u0131n\u0131yor. Benzeri bulunmayan bu \u00e7al\u0131\u015fma, alan\u0131nda b\u00fcy\u00fck bir bo\u015flu\u011fu dolduruyor.<\/p>\n","protected":false},"excerpt":{"rendered":"<p>Evlilik s\u00fcrecinde karar vermek kolay de\u011fil. Pek \u00e7ok \u015feyi ayn\u0131 anda d\u00fc\u015f\u00fcnmek, de\u011fi\u015fkenlerin fark\u0131nda olmak gerekiyor. Peki, de\u011ferlendirmeye nereden ba\u015flamal\u0131, hangi kriterleri s\u0131namal\u0131, neye dikkat etmeli?<span class=\"excerpt-hellip\"> [\u2026]<\/span><\/p>\n","protected":false},"featured_media":0,"template":"","meta":{"_monsterinsights_skip_tracking":false,"_monsterinsights_sitenote_active":false,"_monsterinsights_sitenote_note":"","_monsterinsights_sitenote_category":0},"product_brand":[],"product_cat":[12357],"product_tag":[],"class_list":{"0":"post-777632","1":"product","2":"type-product","3":"status-publish","5":"product_cat-psikoloji","6":"pa_cilt-ciltsiz","7":"pa_tur-kitap","8":"pa_yayinevi-erdem-yayinlari","9":"pa_yazar-medim-yanik","11":"first","12":"instock","13":"sale","14":"shipping-taxable","15":"purchasable","16":"product-type-simple"},"_links":{"self":[{"href":"https:\/\/roveyayinevi.com.tr\/index.php\/wp-json\/wp\/v2\/product\/777632","targetHints":{"allow":["GET"]}}],"collection":[{"href":"https:\/\/roveyayinevi.com.tr\/index.php\/wp-json\/wp\/v2\/product"}],"about":[{"href":"https:\/\/roveyayinevi.com.tr\/index.php\/wp-json\/wp\/v2\/types\/product"}],"wp:attachment":[{"href":"https:\/\/roveyayinevi.com.tr\/index.php\/wp-json\/wp\/v2\/media?parent=777632"}],"wp:term":[{"taxonomy":"product_brand","embeddable":true,"href":"https:\/\/roveyayinevi.com.tr\/index.php\/wp-json\/wp\/v2\/product_brand?post=777632"},{"taxonomy":"product_cat","embeddable":true,"href":"https:\/\/roveyayinevi.com.tr\/index.php\/wp-json\/wp\/v2\/product_cat?post=777632"},{"taxonomy":"product_tag","embeddable":true,"href":"https:\/\/roveyayinevi.com.tr\/index.php\/wp-json\/wp\/v2\/product_tag?post=777632"}],"curies":[{"name":"wp","href":"https:\/\/api.w.org\/{rel}","templated":true}]}}