{"id":777631,"date":"2025-10-21T11:39:42","date_gmt":"2025-10-21T08:39:42","guid":{"rendered":"https:\/\/roveyayinevi.com.tr\/index.php\/urun\/modern-meteoroloji-perspektifinden-kuran-ayetlerine-bakis\/"},"modified":"2026-04-15T03:39:18","modified_gmt":"2026-04-15T00:39:18","slug":"modern-meteoroloji-perspektifinden-kuran-ayetlerine-bakis","status":"publish","type":"product","link":"https:\/\/roveyayinevi.com.tr\/index.php\/urun\/modern-meteoroloji-perspektifinden-kuran-ayetlerine-bakis\/","title":{"rendered":"Modern Meteoroloji Perspektifinden Kur\u2019an Ayetlerine Bak\u0131\u015f"},"content":{"rendered":"<p>T\u00fcrkiye\u2019de ve uluslararas\u0131 alanda tan\u0131nan bir meteoroloji ve afet y\u00f6netimi uzman\u0131 olan Prof. Dr. Mikdat Kad\u0131o\u011flu; bu kitapta Kur\u2019\u00e2n-\u0131 Ker\u00eem\u2019de bahsi ge\u00e7en meteorolojik olaylar\u0131 modern bilimle bulu\u015fturuyor. Pop\u00fcler bilim diliyle yaz\u0131lm\u0131\u015f olan bu kitapta; yakla\u015f\u0131k 13 s\u00fbrede yer alan 47 \u00e2yet \u00fczerinden analizler yap\u0131l\u0131yor, r\u00fczg\u00e2r, t\u00fbfan ve \u00e7ekirge istilas\u0131 gibi do\u011fa olaylar\u0131 bilimsel verilerle kar\u015f\u0131la\u015ft\u0131r\u0131larak inceleniyor. Herkesin anlayabilece\u011fi bir dille yaz\u0131lm\u0131\u015f olan bu eser, meteoroloji ve atmosfer bilimleri alan\u0131nda bilimsel bir derinlik sunmay\u0131 hedefliyor.<\/p>\n","protected":false},"excerpt":{"rendered":"<p>T\u00fcrkiye\u2019de ve uluslararas\u0131 alanda tan\u0131nan bir meteoroloji ve afet y\u00f6netimi uzman\u0131 olan Prof. Dr. Mikdat Kad\u0131o\u011flu; bu kitapta Kur\u2019\u00e2n-\u0131 Ker\u00eem\u2019de bahsi ge\u00e7en meteorolojik olaylar\u0131 modern bilimle<span class=\"excerpt-hellip\"> [\u2026]<\/span><\/p>\n","protected":false},"featured_media":0,"template":"","meta":{"_monsterinsights_skip_tracking":false,"_monsterinsights_sitenote_active":false,"_monsterinsights_sitenote_note":"","_monsterinsights_sitenote_category":0},"product_brand":[],"product_cat":[12718,12719],"product_tag":[],"class_list":{"0":"post-777631","1":"product","2":"type-product","3":"status-publish","5":"product_cat-din","6":"product_cat-islam","7":"pa_cilt-ciltsiz","8":"pa_tur-kitap","9":"pa_yayinevi-erdem-yayinlari","10":"pa_yazar-mikdat-kadioglu","12":"first","13":"instock","14":"sale","15":"shipping-taxable","16":"purchasable","17":"product-type-simple"},"_links":{"self":[{"href":"https:\/\/roveyayinevi.com.tr\/index.php\/wp-json\/wp\/v2\/product\/777631","targetHints":{"allow":["GET"]}}],"collection":[{"href":"https:\/\/roveyayinevi.com.tr\/index.php\/wp-json\/wp\/v2\/product"}],"about":[{"href":"https:\/\/roveyayinevi.com.tr\/index.php\/wp-json\/wp\/v2\/types\/product"}],"wp:attachment":[{"href":"https:\/\/roveyayinevi.com.tr\/index.php\/wp-json\/wp\/v2\/media?parent=777631"}],"wp:term":[{"taxonomy":"product_brand","embeddable":true,"href":"https:\/\/roveyayinevi.com.tr\/index.php\/wp-json\/wp\/v2\/product_brand?post=777631"},{"taxonomy":"product_cat","embeddable":true,"href":"https:\/\/roveyayinevi.com.tr\/index.php\/wp-json\/wp\/v2\/product_cat?post=777631"},{"taxonomy":"product_tag","embeddable":true,"href":"https:\/\/roveyayinevi.com.tr\/index.php\/wp-json\/wp\/v2\/product_tag?post=777631"}],"curies":[{"name":"wp","href":"https:\/\/api.w.org\/{rel}","templated":true}]}}