{"id":777630,"date":"2025-10-21T10:32:47","date_gmt":"2025-10-21T07:32:47","guid":{"rendered":"https:\/\/roveyayinevi.com.tr\/index.php\/urun\/kiyafetsiz-kelimeler\/"},"modified":"2026-04-15T03:30:15","modified_gmt":"2026-04-15T00:30:15","slug":"kiyafetsiz-kelimeler","status":"publish","type":"product","link":"https:\/\/roveyayinevi.com.tr\/index.php\/urun\/kiyafetsiz-kelimeler\/","title":{"rendered":"K\u0131yafetsiz Kelimeler"},"content":{"rendered":"<p>Uzun ince bir yol hayat\u2026 Bu yolda y\u00fcr\u00fcrken; sahip olduklar\u0131n\u0131, yolda bulduklar\u0131nla asla de\u011fi\u015fme \u00c7ocuk\u2026 Karakterin yine ayn\u0131, sa\u011flam kals\u0131n b\u00fcy\u00fcd\u00fc\u011f\u00fcnde&#8230; De\u011fi\u015fme ki, dostlu\u011fun da, sadakatin de baki kals\u0131n\u2026 Kals\u0131n ki, ad\u0131m\u0131zdan sonsuza dek adam diye s\u00f6z etsinler&#8230; Nuran OLKAY \u0130PEK <\/p>\n","protected":false},"excerpt":{"rendered":"<p>Uzun ince bir yol hayat\u2026 Bu yolda y\u00fcr\u00fcrken; sahip olduklar\u0131n\u0131, yolda bulduklar\u0131nla asla de\u011fi\u015fme \u00c7ocuk\u2026 Karakterin yine ayn\u0131, sa\u011flam kals\u0131n b\u00fcy\u00fcd\u00fc\u011f\u00fcnde&#8230; De\u011fi\u015fme ki, dostlu\u011fun da, sadakatin<span class=\"excerpt-hellip\"> [\u2026]<\/span><\/p>\n","protected":false},"featured_media":0,"template":"","meta":{"_monsterinsights_skip_tracking":false,"_monsterinsights_sitenote_active":false,"_monsterinsights_sitenote_note":"","_monsterinsights_sitenote_category":0},"product_brand":[],"product_cat":[12291,12509],"product_tag":[],"class_list":{"0":"post-777630","1":"product","2":"type-product","3":"status-publish","5":"product_cat-edebiyat","6":"product_cat-siir","7":"pa_cilt-ciltsiz","8":"pa_tur-kitap","9":"pa_yayinevi-gulnar-yayinlari","10":"pa_yazar-nuran-olkay-ipek","12":"first","13":"instock","14":"sale","15":"shipping-taxable","16":"purchasable","17":"product-type-simple"},"_links":{"self":[{"href":"https:\/\/roveyayinevi.com.tr\/index.php\/wp-json\/wp\/v2\/product\/777630","targetHints":{"allow":["GET"]}}],"collection":[{"href":"https:\/\/roveyayinevi.com.tr\/index.php\/wp-json\/wp\/v2\/product"}],"about":[{"href":"https:\/\/roveyayinevi.com.tr\/index.php\/wp-json\/wp\/v2\/types\/product"}],"wp:attachment":[{"href":"https:\/\/roveyayinevi.com.tr\/index.php\/wp-json\/wp\/v2\/media?parent=777630"}],"wp:term":[{"taxonomy":"product_brand","embeddable":true,"href":"https:\/\/roveyayinevi.com.tr\/index.php\/wp-json\/wp\/v2\/product_brand?post=777630"},{"taxonomy":"product_cat","embeddable":true,"href":"https:\/\/roveyayinevi.com.tr\/index.php\/wp-json\/wp\/v2\/product_cat?post=777630"},{"taxonomy":"product_tag","embeddable":true,"href":"https:\/\/roveyayinevi.com.tr\/index.php\/wp-json\/wp\/v2\/product_tag?post=777630"}],"curies":[{"name":"wp","href":"https:\/\/api.w.org\/{rel}","templated":true}]}}