{"id":777628,"date":"2025-10-21T07:58:15","date_gmt":"2025-10-21T04:58:15","guid":{"rendered":"https:\/\/roveyayinevi.com.tr\/index.php\/urun\/101-buyuk-liberal-dusunur\/"},"modified":"2026-04-16T02:53:46","modified_gmt":"2026-04-15T23:53:46","slug":"101-buyuk-liberal-dusunur","status":"publish","type":"product","link":"https:\/\/roveyayinevi.com.tr\/index.php\/urun\/101-buyuk-liberal-dusunur\/","title":{"rendered":"101 B\u00fcy\u00fck Liberal D\u00fc\u015f\u00fcn\u00fcr"},"content":{"rendered":"<p>101 B\u00fcy\u00fck Liberal D\u00fc\u015f\u00fcn\u00fcr, antik \u00e7a\u011flardan g\u00fcn\u00fcm\u00fcze kadar \u00f6nde gelen d\u00fc\u015f\u00fcn\u00fcrlerin baz\u0131lar\u0131n\u0131n ya\u015famlar\u0131n\u0131 ve bireysel \u00f6zg\u00fcrl\u00fck konusundaki fikirlerini anlat\u0131yor.\u00d6d\u00fcll\u00fc yazar Eamonn Butler, liberal d\u00fc\u015f\u00fcncenin temel unsurlar\u0131n\u0131 \u00f6zetliyor ve bu gelene\u011fi y\u00fczy\u0131llar boyunca \u015fekillendiren isimleri kronolojik olarak ele al\u0131yor.D\u00fc\u015f\u00fcn\u00fcrlerin ortak hedeflerini belirlemesi ile birlikte h\u00fck\u00fcmetin g\u00fcnl\u00fck ya\u015famlar\u0131m\u0131za ne \u00f6l\u00e7\u00fcde dahil oldu\u011fu gibi farkl\u0131 g\u00f6r\u00fc\u015flerine de vurgu yap\u0131yor.101 B\u00fcy\u00fck Liberal D\u00fc\u015f\u00fcn\u00fcr politika, devlet, sosyal kurumlar, kapitalizm, haklar, \u00f6zg\u00fcrl\u00fck ve ahl\u00e2k ile ilgilenen herkes i\u00e7in bir dizi radikal fikre ve bunlar\u0131n arkas\u0131ndaki d\u00fc\u015f\u00fcn\u00fcrlere a\u00e7\u0131k ve \u00f6zl\u00fc bir giri\u015f sa\u011fl\u0131yor.<\/p>\n","protected":false},"excerpt":{"rendered":"<p>101 B\u00fcy\u00fck Liberal D\u00fc\u015f\u00fcn\u00fcr, antik \u00e7a\u011flardan g\u00fcn\u00fcm\u00fcze kadar \u00f6nde gelen d\u00fc\u015f\u00fcn\u00fcrlerin baz\u0131lar\u0131n\u0131n ya\u015famlar\u0131n\u0131 ve bireysel \u00f6zg\u00fcrl\u00fck konusundaki fikirlerini anlat\u0131yor.\u00d6d\u00fcll\u00fc yazar Eamonn Butler, liberal d\u00fc\u015f\u00fcncenin temel unsurlar\u0131n\u0131<span class=\"excerpt-hellip\"> [\u2026]<\/span><\/p>\n","protected":false},"featured_media":0,"template":"","meta":{"_monsterinsights_skip_tracking":false,"_monsterinsights_sitenote_active":false,"_monsterinsights_sitenote_note":"","_monsterinsights_sitenote_category":0},"product_brand":[],"product_cat":[13072,12291],"product_tag":[],"class_list":{"0":"post-777628","1":"product","2":"type-product","3":"status-publish","5":"product_cat-arastirma-inceleme-referans","6":"product_cat-edebiyat","7":"pa_cilt-ciltsiz","8":"pa_tur-kitap","9":"pa_yayinevi-liberte-yayinlari","10":"pa_yazar-eamonn-butler","12":"first","13":"instock","14":"sale","15":"shipping-taxable","16":"purchasable","17":"product-type-simple"},"_links":{"self":[{"href":"https:\/\/roveyayinevi.com.tr\/index.php\/wp-json\/wp\/v2\/product\/777628","targetHints":{"allow":["GET"]}}],"collection":[{"href":"https:\/\/roveyayinevi.com.tr\/index.php\/wp-json\/wp\/v2\/product"}],"about":[{"href":"https:\/\/roveyayinevi.com.tr\/index.php\/wp-json\/wp\/v2\/types\/product"}],"wp:attachment":[{"href":"https:\/\/roveyayinevi.com.tr\/index.php\/wp-json\/wp\/v2\/media?parent=777628"}],"wp:term":[{"taxonomy":"product_brand","embeddable":true,"href":"https:\/\/roveyayinevi.com.tr\/index.php\/wp-json\/wp\/v2\/product_brand?post=777628"},{"taxonomy":"product_cat","embeddable":true,"href":"https:\/\/roveyayinevi.com.tr\/index.php\/wp-json\/wp\/v2\/product_cat?post=777628"},{"taxonomy":"product_tag","embeddable":true,"href":"https:\/\/roveyayinevi.com.tr\/index.php\/wp-json\/wp\/v2\/product_tag?post=777628"}],"curies":[{"name":"wp","href":"https:\/\/api.w.org\/{rel}","templated":true}]}}