{"id":777627,"date":"2025-10-21T07:33:20","date_gmt":"2025-10-21T04:33:20","guid":{"rendered":"https:\/\/roveyayinevi.com.tr\/index.php\/urun\/fuat-sezgin-ve-temel-islam-bilimleri\/"},"modified":"2026-04-16T02:48:51","modified_gmt":"2026-04-15T23:48:51","slug":"fuat-sezgin-ve-temel-islam-bilimleri","status":"publish","type":"product","link":"https:\/\/roveyayinevi.com.tr\/index.php\/urun\/fuat-sezgin-ve-temel-islam-bilimleri\/","title":{"rendered":"Fuat Sezgin ve Temel \u0130slam Bilimleri"},"content":{"rendered":"<p>\u201cBenim mensubu oldu\u011fum bir ilim, k\u00fclt\u00fcr ve medeniyet d\u00fcnyas\u0131 var. Bizler, k\u00f6ks\u00fcz ve sahipsiz de\u011filiz. \u00c7ok derinlere inen sa\u011flam bir medeniyete be\u015fiklik etmi\u015fiz. Fakat y\u00fczy\u0131llard\u0131r bu medeniyetin g\u00f6rmezden gelindi\u011fini, hakk\u0131n\u0131n yenildi\u011fini, tahkir edilip b\u00fct\u00fcn yapt\u0131klar\u0131n\u0131n da elinden al\u0131nd\u0131\u011f\u0131n\u0131 ve ona zulmedildi\u011fini g\u00f6rd\u00fcm. \u0130slam medeniyetinin bu g\u00f6z kama\u015ft\u0131ran birikimini ve d\u00fcnya bilimine yapt\u0131\u011f\u0131 b\u00fcy\u00fck katk\u0131lar\u0131, bunun fark\u0131nda olmayan d\u00fcnyaya tan\u0131tmay\u0131 gaye ittihaz ettim. Bu gayretimin bir k\u0131sm\u0131, sadece bilim d\u00fcnyas\u0131na hizmet, ama di\u011fer \u00e7ok m\u00fchim bir gayesi ise, koskoca bir \u0130sl\u00e2m aleminin yitirmi\u015f oldu\u011fu kendine h\u00fcrmeti, g\u00fcveni ve insanl\u0131k tarihindeki yerini hat\u0131rlatarak kaybettiklerini iade etmek i\u00e7indir.\u201d- Prof. Dr. Fuat SezginFuat Sezgin, ge\u00e7en sene 94 ya\u015f\u0131nda aram\u0131zdan ayr\u0131ld\u0131. Vefat haberi al\u0131n\u0131r al\u0131nmaz gerek devlet erk\u00e2n\u0131nda ve akademimizde gerekse Arap \u00e2lemi ve Bat\u0131\u2019da hakk\u0131nda \u00e7ok \u015fey s\u00f6ylendi; bir\u00e7ok kimse Hoca ile olan hat\u0131ralar\u0131n\u0131, tan\u0131kl\u0131klar\u0131n\u0131 g\u00f6rsel, yaz\u0131l\u0131 ve sosyal medya arac\u0131l\u0131\u011f\u0131yla if\u00e2de etti. Fuat Sezgin\u2019in ard\u0131ndan, onu \u00f6v\u00fcc\u00fc s\u00f6zlerle anlatman\u0131n \u00f6tesine ge\u00e7ecek ad\u0131mlara ihtiya\u00e7 duyuldu\u011fu d\u00fc\u015f\u00fcncesi y\u00fcksek sesle dile getirilmeye ba\u015fland\u0131\u011f\u0131 bir esnada, 2018\/6 Say\u0131l\u0131 Cumhurba\u015fkanl\u0131\u011f\u0131 Genelgesi\u2019nin Resmi Gazete\u2019de yay\u0131mlanarak 2019 y\u0131l\u0131n\u0131n Prof. Dr. Fuat Sezgin Y\u0131l\u0131 olarak ilan edilmesi, pek \u00e7ok a\u00e7\u0131dan motivasyon kayna\u011f\u0131 oldu.S\u00f6z konusu Cumhurba\u015fkanl\u0131\u011f\u0131 genelgesine de uygun d\u00fc\u015fecek \u015fekilde, \u201cProf. Dr. Fuat Sezgin Y\u0131l\u0131\u201d kapsam\u0131ndaki ilk bilimsel etkinlik 15-17 \u015eubat 2019 tarihleri aras\u0131nda Diyarbak\u0131r\u2019da d\u00fczenlendi. Kadim Akademi, Diyarbak\u0131r \u0130YC ve Kayap\u0131nar Belediyesi ortakl\u0131\u011f\u0131yla d\u00fczenlenen Uluslararas\u0131 \u0130slam Bilim Tarihi ve Fuat Sezgin Sempozyumu\u2019na \u00fclkemizden ve yurtd\u0131\u015f\u0131ndan birbirinden de\u011ferli bir\u00e7ok bilim insan\u0131 tebli\u011fleriyle katk\u0131 sa\u011flad\u0131lar. S\u00f6z konusu sempozyumun i\u00e7inde bulundu\u011fumuz y\u0131l\u0131n ilk bilimsel etkinli\u011fi olmas\u0131 kayda de\u011fer bir \u00f6zellik olarak de\u011ferlendirilmektedir. Sempozyum tebli\u011flerinin titiz bir edit\u00f6ryal s\u00fczge\u00e7ten ge\u00e7irilmesiyle olu\u015fturulan bu eserin; Fuat Sezgin\u2019in fazla an\u0131lmayan y\u00f6nlerini irdelemek, \u00f6zellikle vefat\u0131ndan sonra hakk\u0131nda medya gibi baz\u0131 \u00e7evrelerde yer alan \u00e7eli\u015fkili bilgileri tashih etmek ve yine onunla ilgili bilgi bo\u015fluklar\u0131n\u0131 telafi etmek bak\u0131m\u0131ndan \u00f6nemli bir kaynak olmas\u0131 temenni edilmektedir.<\/p>\n","protected":false},"excerpt":{"rendered":"<p>\u201cBenim mensubu oldu\u011fum bir ilim, k\u00fclt\u00fcr ve medeniyet d\u00fcnyas\u0131 var. Bizler, k\u00f6ks\u00fcz ve sahipsiz de\u011filiz. \u00c7ok derinlere inen sa\u011flam bir medeniyete be\u015fiklik etmi\u015fiz. Fakat y\u00fczy\u0131llard\u0131r bu<span class=\"excerpt-hellip\"> [\u2026]<\/span><\/p>\n","protected":false},"featured_media":0,"template":"","meta":{"_monsterinsights_skip_tracking":false,"_monsterinsights_sitenote_active":false,"_monsterinsights_sitenote_note":"","_monsterinsights_sitenote_category":0},"product_brand":[],"product_cat":[12718,12719],"product_tag":[],"class_list":{"0":"post-777627","1":"product","2":"type-product","3":"status-publish","5":"product_cat-din","6":"product_cat-islam","7":"pa_cilt-ciltsiz","8":"pa_tur-kitap","9":"pa_yayinevi-divan-kitap","10":"pa_yazar-divan-kitap-kolektif","12":"first","13":"instock","14":"sale","15":"shipping-taxable","16":"purchasable","17":"product-type-simple"},"_links":{"self":[{"href":"https:\/\/roveyayinevi.com.tr\/index.php\/wp-json\/wp\/v2\/product\/777627","targetHints":{"allow":["GET"]}}],"collection":[{"href":"https:\/\/roveyayinevi.com.tr\/index.php\/wp-json\/wp\/v2\/product"}],"about":[{"href":"https:\/\/roveyayinevi.com.tr\/index.php\/wp-json\/wp\/v2\/types\/product"}],"wp:attachment":[{"href":"https:\/\/roveyayinevi.com.tr\/index.php\/wp-json\/wp\/v2\/media?parent=777627"}],"wp:term":[{"taxonomy":"product_brand","embeddable":true,"href":"https:\/\/roveyayinevi.com.tr\/index.php\/wp-json\/wp\/v2\/product_brand?post=777627"},{"taxonomy":"product_cat","embeddable":true,"href":"https:\/\/roveyayinevi.com.tr\/index.php\/wp-json\/wp\/v2\/product_cat?post=777627"},{"taxonomy":"product_tag","embeddable":true,"href":"https:\/\/roveyayinevi.com.tr\/index.php\/wp-json\/wp\/v2\/product_tag?post=777627"}],"curies":[{"name":"wp","href":"https:\/\/api.w.org\/{rel}","templated":true}]}}