{"id":777620,"date":"2025-10-19T11:47:38","date_gmt":"2025-10-19T08:47:38","guid":{"rendered":"https:\/\/roveyayinevi.com.tr\/index.php\/urun\/maceralar-atlasi-dunyanin-harikalariciltli\/"},"modified":"2026-04-15T03:43:37","modified_gmt":"2026-04-15T00:43:37","slug":"maceralar-atlasi-dunyanin-harikalariciltli","status":"publish","type":"product","link":"https:\/\/roveyayinevi.com.tr\/index.php\/urun\/maceralar-atlasi-dunyanin-harikalariciltli\/","title":{"rendered":"Maceralar Atlas\u0131 &#8211; D\u00fcnyan\u0131n Harikalar\u0131(Ciltli)"},"content":{"rendered":"<p>Enfes \u00e7izimlerle s\u00fcsl\u00fc, D\u00dcNYANIN B\u00dcY\u00dcK HAR\u0130KALARINA do\u011fru e\u015fsiz bir yolculu\u011fa \u00e7\u0131kaca\u011f\u0131n\u0131z bu kitapla macerac\u0131 ruhuzunuzu \u00f6zg\u00fcr b\u0131rak\u0131n.  Dilerseniz ANGKOR WAT\u2019\u0131n bah\u00e7elerinde serinleyin veya YASAK \u015eEH\u0130R\u2019i ke\u015ffedin y ada KUZEY I\u015eIKLARI\u2019n\u0131 izleyin\u2026 Bu kitap, her k\u0131tadan do\u011fal g\u00fczellikleri ve insan yap\u0131m\u0131 \u015faheserleri bir araya getiriyor.  Her bir sayfada y\u00fczlerce yeni bilgi ke\u015ffedip \u00f6\u011frenirken 30\u2019DAN FAZLA yere seyahat edeceksiniz. \u00c7ok satan Maceralar Atlas\u0131 ekibinden yepyeni bir kitap. <\/p>\n","protected":false},"excerpt":{"rendered":"<p>Enfes \u00e7izimlerle s\u00fcsl\u00fc, D\u00dcNYANIN B\u00dcY\u00dcK HAR\u0130KALARINA do\u011fru e\u015fsiz bir yolculu\u011fa \u00e7\u0131kaca\u011f\u0131n\u0131z bu kitapla macerac\u0131 ruhuzunuzu \u00f6zg\u00fcr b\u0131rak\u0131n. Dilerseniz ANGKOR WAT\u2019\u0131n bah\u00e7elerinde serinleyin veya YASAK \u015eEH\u0130R\u2019i ke\u015ffedin<span class=\"excerpt-hellip\"> [\u2026]<\/span><\/p>\n","protected":false},"featured_media":0,"template":"","meta":{"_monsterinsights_skip_tracking":false,"_monsterinsights_sitenote_active":false,"_monsterinsights_sitenote_note":"","_monsterinsights_sitenote_category":0},"product_brand":[],"product_cat":[13829,12274],"product_tag":[],"class_list":{"0":"post-777620","1":"product","2":"type-product","3":"status-publish","5":"product_cat-bilimsel-kitaplar","6":"product_cat-cocuk-ve-genclik-kitaplari","7":"pa_cilt-ciltli","8":"pa_tur-kitap","9":"pa_yayinevi-buyulu-fener-yayinlari","10":"pa_yazar-ben-handicott","12":"first","13":"instock","14":"sale","15":"shipping-taxable","16":"purchasable","17":"product-type-simple"},"_links":{"self":[{"href":"https:\/\/roveyayinevi.com.tr\/index.php\/wp-json\/wp\/v2\/product\/777620","targetHints":{"allow":["GET"]}}],"collection":[{"href":"https:\/\/roveyayinevi.com.tr\/index.php\/wp-json\/wp\/v2\/product"}],"about":[{"href":"https:\/\/roveyayinevi.com.tr\/index.php\/wp-json\/wp\/v2\/types\/product"}],"wp:attachment":[{"href":"https:\/\/roveyayinevi.com.tr\/index.php\/wp-json\/wp\/v2\/media?parent=777620"}],"wp:term":[{"taxonomy":"product_brand","embeddable":true,"href":"https:\/\/roveyayinevi.com.tr\/index.php\/wp-json\/wp\/v2\/product_brand?post=777620"},{"taxonomy":"product_cat","embeddable":true,"href":"https:\/\/roveyayinevi.com.tr\/index.php\/wp-json\/wp\/v2\/product_cat?post=777620"},{"taxonomy":"product_tag","embeddable":true,"href":"https:\/\/roveyayinevi.com.tr\/index.php\/wp-json\/wp\/v2\/product_tag?post=777620"}],"curies":[{"name":"wp","href":"https:\/\/api.w.org\/{rel}","templated":true}]}}