{"id":777617,"date":"2025-10-19T11:47:33","date_gmt":"2025-10-19T08:47:33","guid":{"rendered":"https:\/\/roveyayinevi.com.tr\/index.php\/urun\/el-medinetul-fazila\/"},"modified":"2025-11-21T12:13:33","modified_gmt":"2025-11-21T09:13:33","slug":"el-medinetul-fazila","status":"publish","type":"product","link":"https:\/\/roveyayinevi.com.tr\/index.php\/urun\/el-medinetul-fazila\/","title":{"rendered":"El-Medinet\u00fc&#8217;l-Faz\u0131la"},"content":{"rendered":"<p>\u0130nsan ruhunun derinliklerinden g\u00f6ky\u00fcz\u00fcn\u00fcn katmanlar\u0131na\u2026 Tanr\u0131 d\u00fc\u015f\u00fcncesinden toplum d\u00fczenine\u2026 \u201cErdemli \u015fehir\u201d tasavvuruyla adaletin, bilginin ve erdemin toplum hayat\u0131ndaki yerini tart\u0131\u015fan; insan\u0131n hakikate, mutlulu\u011fa ve \u00f6zg\u00fcn bir d\u00fczen aray\u0131\u015f\u0131nadair \u00e7a\u011flar\u0131 a\u015fan bir rehber\u2026 Yaln\u0131zca \u0130slam felsefesinin de\u011fil, insanl\u0131k d\u00fc\u015f\u00fcnce tarihinin de en g\u00f6rkemli yap\u0131tlar\u0131ndan biri\u2026 Onur \u00d6zata\u011f\u2019\u0131n titiz ve \u00f6zenli \u00e7evirisi, F\u00e2r\u00e2b\u00ee\u2019nin Arap\u00e7adaki ince kavram \u00f6rg\u00fcs\u00fcn\u00fc T\u00fcrk\u00e7ede berrakl\u0131k ve zarafetle yeniden kuruyor ve koruyor. Her c\u00fcmlede, hem filozofun kadim d\u00fc\u015f\u00fcnce miras\u0131 hem de \u00e7evirmenin metne katt\u0131\u011f\u0131 incelik yan yana ak\u0131yor. Bu sayededir ki El-Med\u00eenet\u00fc\u2019l-F\u00e2z\u0131la, bug\u00fcn de bizi d\u00fc\u015f\u00fcnmeye davet eden diri bir metin olaraksesini duyuruyor. F\u00e2r\u00e2b\u00ee\u2019nin kalemiyle kurulan erdemli \u015fehir, \u00d6zata\u011f\u2019\u0131n \u00e7evirisiyle T\u00fcrk\u00e7ede yeniden y\u00fckseliyor.<\/p>\n","protected":false},"excerpt":{"rendered":"<p>\u0130nsan ruhunun derinliklerinden g\u00f6ky\u00fcz\u00fcn\u00fcn katmanlar\u0131na\u2026 Tanr\u0131 d\u00fc\u015f\u00fcncesinden toplum d\u00fczenine\u2026 \u201cErdemli \u015fehir\u201d tasavvuruyla adaletin, bilginin ve erdemin toplum hayat\u0131ndaki yerini tart\u0131\u015fan; insan\u0131n hakikate, mutlulu\u011fa ve \u00f6zg\u00fcn bir<span class=\"excerpt-hellip\"> [\u2026]<\/span><\/p>\n","protected":false},"featured_media":0,"template":"","meta":{"_monsterinsights_skip_tracking":false,"_monsterinsights_sitenote_active":false,"_monsterinsights_sitenote_note":"","_monsterinsights_sitenote_category":0},"product_brand":[],"product_cat":[19998,12388],"product_tag":[],"class_list":{"0":"post-777617","1":"product","2":"type-product","3":"status-publish","5":"product_cat-din-felsefesi","6":"product_cat-felsefe","7":"pa_cilt-ciltsiz","8":"pa_tur-kitap","9":"pa_yayinevi-kapi-yayinlari","10":"pa_yazar-farabi","12":"first","13":"instock","14":"sale","15":"shipping-taxable","16":"purchasable","17":"product-type-simple"},"_links":{"self":[{"href":"https:\/\/roveyayinevi.com.tr\/index.php\/wp-json\/wp\/v2\/product\/777617","targetHints":{"allow":["GET"]}}],"collection":[{"href":"https:\/\/roveyayinevi.com.tr\/index.php\/wp-json\/wp\/v2\/product"}],"about":[{"href":"https:\/\/roveyayinevi.com.tr\/index.php\/wp-json\/wp\/v2\/types\/product"}],"wp:attachment":[{"href":"https:\/\/roveyayinevi.com.tr\/index.php\/wp-json\/wp\/v2\/media?parent=777617"}],"wp:term":[{"taxonomy":"product_brand","embeddable":true,"href":"https:\/\/roveyayinevi.com.tr\/index.php\/wp-json\/wp\/v2\/product_brand?post=777617"},{"taxonomy":"product_cat","embeddable":true,"href":"https:\/\/roveyayinevi.com.tr\/index.php\/wp-json\/wp\/v2\/product_cat?post=777617"},{"taxonomy":"product_tag","embeddable":true,"href":"https:\/\/roveyayinevi.com.tr\/index.php\/wp-json\/wp\/v2\/product_tag?post=777617"}],"curies":[{"name":"wp","href":"https:\/\/api.w.org\/{rel}","templated":true}]}}