{"id":777616,"date":"2025-10-19T11:47:32","date_gmt":"2025-10-19T08:47:32","guid":{"rendered":"https:\/\/roveyayinevi.com.tr\/index.php\/urun\/aynadaki-bugu\/"},"modified":"2026-04-15T03:43:37","modified_gmt":"2026-04-15T00:43:37","slug":"aynadaki-bugu","status":"publish","type":"product","link":"https:\/\/roveyayinevi.com.tr\/index.php\/urun\/aynadaki-bugu\/","title":{"rendered":"Aynadaki Bu\u011fu"},"content":{"rendered":"<p>\u2018Benim hik\u00e2yem, yolda kar\u015f\u0131la\u015ft\u0131\u011f\u0131m insanlar\u0131n izlerini ta\u015f\u0131r. Babam\u0131n \u00f6\u011fretti\u011fi k\u00fc\u00e7\u00fck oyunlardan, annemin sessiz duas\u0131na; dost sohbetlerinden, kitaplar\u0131n koynunda saklad\u0131\u011f\u0131m d\u00fc\u015flere kadar hepsi bu hik\u00e2yenin sayfalar\u0131na serpi\u015ftirilmi\u015f i\u015faretlerdir. Ve ben biliyorum ki hik\u00e2yemi anlatt\u0131\u011f\u0131mda asl\u0131nda yaln\u0131z kendimi de\u011fil, sizin de i\u00e7inizde bir yerlerde sakl\u0131 duran hat\u0131ralar\u0131 a\u00e7\u0131\u011fa \u00e7\u0131kar\u0131yorum. \u00c7\u00fcnk\u00fc hepimiz ayr\u0131 ayr\u0131 g\u00f6r\u00fcnsek de hik\u00e2yelerimiz birbirine dokunarak b\u00fcy\u00fcyor. \u0130\u015fte bu da benim hik\u00e2yem&#8230;\u2019 \u2018Aynadaki Bu\u011fu\u2019, milyonlar\u0131n sevgilisi Sinan Ya\u011fmur\u2019dan i\u00e7i insan ve hayatla dolu bir \u00f6z ya\u015fam \u00f6yk\u00fcs\u00fc. Ge\u00e7mi\u015fin ayr\u0131nt\u0131lar\u0131ndan gelece\u011fin ufkuna samimi ve cesaret dolu bir nazar.<\/p>\n","protected":false},"excerpt":{"rendered":"<p>\u2018Benim hik\u00e2yem, yolda kar\u015f\u0131la\u015ft\u0131\u011f\u0131m insanlar\u0131n izlerini ta\u015f\u0131r. Babam\u0131n \u00f6\u011fretti\u011fi k\u00fc\u00e7\u00fck oyunlardan, annemin sessiz duas\u0131na; dost sohbetlerinden, kitaplar\u0131n koynunda saklad\u0131\u011f\u0131m d\u00fc\u015flere kadar hepsi bu hik\u00e2yenin sayfalar\u0131na serpi\u015ftirilmi\u015f<span class=\"excerpt-hellip\"> [\u2026]<\/span><\/p>\n","protected":false},"featured_media":0,"template":"","meta":{"_monsterinsights_skip_tracking":false,"_monsterinsights_sitenote_active":false,"_monsterinsights_sitenote_note":"","_monsterinsights_sitenote_category":0},"product_brand":[],"product_cat":[141304],"product_tag":[],"class_list":{"0":"post-777616","1":"product","2":"type-product","3":"status-publish","5":"product_cat-yeni-cikanlar","6":"pa_cilt-ciltsiz","7":"pa_tur-kitap","8":"pa_yayinevi-kapi-yayinlari","9":"pa_yazar-sinan-yagmur","11":"first","12":"instock","13":"sale","14":"shipping-taxable","15":"purchasable","16":"product-type-simple"},"_links":{"self":[{"href":"https:\/\/roveyayinevi.com.tr\/index.php\/wp-json\/wp\/v2\/product\/777616","targetHints":{"allow":["GET"]}}],"collection":[{"href":"https:\/\/roveyayinevi.com.tr\/index.php\/wp-json\/wp\/v2\/product"}],"about":[{"href":"https:\/\/roveyayinevi.com.tr\/index.php\/wp-json\/wp\/v2\/types\/product"}],"wp:attachment":[{"href":"https:\/\/roveyayinevi.com.tr\/index.php\/wp-json\/wp\/v2\/media?parent=777616"}],"wp:term":[{"taxonomy":"product_brand","embeddable":true,"href":"https:\/\/roveyayinevi.com.tr\/index.php\/wp-json\/wp\/v2\/product_brand?post=777616"},{"taxonomy":"product_cat","embeddable":true,"href":"https:\/\/roveyayinevi.com.tr\/index.php\/wp-json\/wp\/v2\/product_cat?post=777616"},{"taxonomy":"product_tag","embeddable":true,"href":"https:\/\/roveyayinevi.com.tr\/index.php\/wp-json\/wp\/v2\/product_tag?post=777616"}],"curies":[{"name":"wp","href":"https:\/\/api.w.org\/{rel}","templated":true}]}}