{"id":777612,"date":"2025-10-19T11:46:55","date_gmt":"2025-10-19T08:46:55","guid":{"rendered":"https:\/\/roveyayinevi.com.tr\/index.php\/urun\/kisilik-ozelliklerimiz-ve-genetik\/"},"modified":"2026-04-15T03:43:13","modified_gmt":"2026-04-15T00:43:13","slug":"kisilik-ozelliklerimiz-ve-genetik","status":"publish","type":"product","link":"https:\/\/roveyayinevi.com.tr\/index.php\/urun\/kisilik-ozelliklerimiz-ve-genetik\/","title":{"rendered":"Ki\u015filik \u00d6zelliklerimiz ve Genetik"},"content":{"rendered":"<p>Neden baz\u0131 insanlar daha yarat\u0131c\u0131, baz\u0131lar\u0131 daha sakin ya da daha \u00f6fkeli? Neden kimimiz sabaha kadar uyuyam\u0131yoruz da kimimiz ba\u015f\u0131n\u0131 yast\u0131\u011fa koyar koymaz hemen uykuya dal\u0131yor?   Peki ya ba\u011f\u0131ml\u0131l\u0131klara yatk\u0131nl\u0131\u011f\u0131m\u0131z? \u015eans m\u0131 yoksa genlerimizin bize oynad\u0131\u011f\u0131 bir oyun mu?   DNA\u2019m\u0131zdaki k\u00fc\u00e7\u00fck farkl\u0131l\u0131klar\u0131n; mizac\u0131m\u0131z\u0131, davran\u0131\u015flar\u0131m\u0131z\u0131, hatta hayata bak\u0131\u015f a\u00e7\u0131m\u0131z\u0131 nas\u0131l \u015fekillendirdi\u011fini \u00f6\u011frenmeye haz\u0131r m\u0131s\u0131n\u0131z?   Bu kitap, ki\u015filik \u00f6zelliklerimizin DNA\u2019m\u0131zdaki \u015fifrelerle nas\u0131l \u015fekillendi\u011fini anlat\u0131yor. Yarat\u0131c\u0131l\u0131ktan uyku d\u00fczenine, ba\u011f\u0131ml\u0131l\u0131klardan mizaca kadar pek \u00e7ok \u00f6zelli\u011fimizin genetik k\u00f6kenleri bilimsel verilerle g\u00f6zler \u00f6n\u00fcne seriliyor.   Prof. Dr. Korkut Ulucan, ki\u015filik geneti\u011fine dair en g\u00fcncel ara\u015ft\u0131rmalar\u0131 herkesin anlayabilece\u011fi bir dille aktar\u0131rken bir yandan da \u201cGenler kaderimiz midir, yoksa bizi biz yapan \u00e7evre midir?\u201d sorusuna yan\u0131t ar\u0131yor.   Ki\u015filik \u00d6zelliklerimiz ve Genetik, kader ile \u00f6zg\u00fcr irade aras\u0131ndaki o ince \u00e7izgiyi ke\u015ffetmek isteyenleri bilimsel ve \u015fa\u015f\u0131rt\u0131c\u0131 bir yolculu\u011fa davet ediyor. <\/p>\n","protected":false},"excerpt":{"rendered":"<p>Neden baz\u0131 insanlar daha yarat\u0131c\u0131, baz\u0131lar\u0131 daha sakin ya da daha \u00f6fkeli? Neden kimimiz sabaha kadar uyuyam\u0131yoruz da kimimiz ba\u015f\u0131n\u0131 yast\u0131\u011fa koyar koymaz hemen uykuya dal\u0131yor?<span class=\"excerpt-hellip\"> [\u2026]<\/span><\/p>\n","protected":false},"featured_media":0,"template":"","meta":{"_monsterinsights_skip_tracking":false,"_monsterinsights_sitenote_active":false,"_monsterinsights_sitenote_note":"","_monsterinsights_sitenote_category":0},"product_brand":[],"product_cat":[13005,13006],"product_tag":[],"class_list":{"0":"post-777612","1":"product","2":"type-product","3":"status-publish","5":"product_cat-bilim-muhendislik","6":"product_cat-populer-bilim","7":"pa_cilt-ciltsiz","8":"pa_tur-kitap","9":"pa_yayinevi-destek-yayinlari","10":"pa_yazar-korkut-ulucan","12":"first","13":"instock","14":"sale","15":"shipping-taxable","16":"purchasable","17":"product-type-simple"},"_links":{"self":[{"href":"https:\/\/roveyayinevi.com.tr\/index.php\/wp-json\/wp\/v2\/product\/777612","targetHints":{"allow":["GET"]}}],"collection":[{"href":"https:\/\/roveyayinevi.com.tr\/index.php\/wp-json\/wp\/v2\/product"}],"about":[{"href":"https:\/\/roveyayinevi.com.tr\/index.php\/wp-json\/wp\/v2\/types\/product"}],"wp:attachment":[{"href":"https:\/\/roveyayinevi.com.tr\/index.php\/wp-json\/wp\/v2\/media?parent=777612"}],"wp:term":[{"taxonomy":"product_brand","embeddable":true,"href":"https:\/\/roveyayinevi.com.tr\/index.php\/wp-json\/wp\/v2\/product_brand?post=777612"},{"taxonomy":"product_cat","embeddable":true,"href":"https:\/\/roveyayinevi.com.tr\/index.php\/wp-json\/wp\/v2\/product_cat?post=777612"},{"taxonomy":"product_tag","embeddable":true,"href":"https:\/\/roveyayinevi.com.tr\/index.php\/wp-json\/wp\/v2\/product_tag?post=777612"}],"curies":[{"name":"wp","href":"https:\/\/api.w.org\/{rel}","templated":true}]}}