{"id":777611,"date":"2025-10-19T11:46:53","date_gmt":"2025-10-19T08:46:53","guid":{"rendered":"https:\/\/roveyayinevi.com.tr\/index.php\/urun\/biz-eskiden-burada-yasardik\/"},"modified":"2026-04-15T03:43:13","modified_gmt":"2026-04-15T00:43:13","slug":"biz-eskiden-burada-yasardik","status":"publish","type":"product","link":"https:\/\/roveyayinevi.com.tr\/index.php\/urun\/biz-eskiden-burada-yasardik\/","title":{"rendered":"Biz Eskiden Burada Ya\u015fard\u0131k"},"content":{"rendered":"<p>DAVETS\u0130Z M\u0130SAF\u0130RLER\u0130 K\u0130MSE SEVMEZ   Charlie ve Eve, ge\u00e7imlerini ev al\u0131p satarak sa\u011flayan gen\u00e7 bir \u00e7iftti. Da\u011flar\u0131n derinliklerine gizlenmi\u015f, hem g\u00fczel hem de \u0131ss\u0131z bir mahalledeki metruk evi inan\u0131lmaz bir fiyata ald\u0131klar\u0131nda \u00e7ok \u015fansl\u0131 olduklar\u0131n\u0131 d\u00fc\u015f\u00fcnm\u00fc\u015flerdi. Ta ki bir g\u00fcn kap\u0131lar\u0131 \u00e7alana kadar.   Kar f\u0131rt\u0131nas\u0131 yakla\u015fmaktayd\u0131 ve bir adam, b\u00fcy\u00fcd\u00fc\u011f\u00fc evi \u00e7ocuklar\u0131yla kar\u0131s\u0131na g\u00f6stermek istiyordu. Kimseye hay\u0131r diyemeyen Eve, onlar\u0131 i\u00e7eri buyur ederken hayat\u0131n\u0131n hatas\u0131n\u0131 yapt\u0131\u011f\u0131n\u0131n fark\u0131nda de\u011fildi.   Ailenin eve ad\u0131m\u0131n\u0131 atmas\u0131yla birlikte tekinsiz olaylar ba\u015f g\u00f6stermeye ba\u015flam\u0131\u015ft\u0131 bile. Eve\u2019in tek iste\u011fi bir an \u00f6nce \u00e7\u0131k\u0131p gitmeleriydi fakat evin eski sakinleri art\u0131k ho\u015f kar\u015f\u0131lanmad\u0131klar\u0131n\u0131 anlam\u0131yor ya da anlamak istemiyor gibiydi. Charlie\u2019nin yoklu\u011fuysa hi\u00e7 yard\u0131mc\u0131 olmuyordu.   Eve yava\u015f yava\u015f deliriyor muydu yoksa evde ve ailede ger\u00e7ekten korkun\u00e7 bir terslik mi vard\u0131?   \u201cUsta i\u015fi temposu ve kurgusuyla Biz Eskiden Burada Ya\u015fard\u0131k, asla uyanamad\u0131\u011f\u0131n\u0131z bir k\u00e2busun i\u00e7ine d\u00fc\u015fm\u00fc\u015fs\u00fcn\u00fcz gibi hissettirecek.\u201d \u2013Nat Cassidy <\/p>\n","protected":false},"excerpt":{"rendered":"<p>DAVETS\u0130Z M\u0130SAF\u0130RLER\u0130 K\u0130MSE SEVMEZ Charlie ve Eve, ge\u00e7imlerini ev al\u0131p satarak sa\u011flayan gen\u00e7 bir \u00e7iftti. Da\u011flar\u0131n derinliklerine gizlenmi\u015f, hem g\u00fczel hem de \u0131ss\u0131z bir mahalledeki metruk<span class=\"excerpt-hellip\"> [\u2026]<\/span><\/p>\n","protected":false},"featured_media":0,"template":"","meta":{"_monsterinsights_skip_tracking":false,"_monsterinsights_sitenote_active":false,"_monsterinsights_sitenote_note":"","_monsterinsights_sitenote_category":0},"product_brand":[],"product_cat":[141304],"product_tag":[],"class_list":{"0":"post-777611","1":"product","2":"type-product","3":"status-publish","5":"product_cat-yeni-cikanlar","6":"pa_cilt-ciltsiz","7":"pa_tur-kitap","8":"pa_yayinevi-nox-yayinlari","9":"pa_yazar-marcus-kliewer","11":"first","12":"instock","13":"sale","14":"shipping-taxable","15":"purchasable","16":"product-type-simple"},"_links":{"self":[{"href":"https:\/\/roveyayinevi.com.tr\/index.php\/wp-json\/wp\/v2\/product\/777611","targetHints":{"allow":["GET"]}}],"collection":[{"href":"https:\/\/roveyayinevi.com.tr\/index.php\/wp-json\/wp\/v2\/product"}],"about":[{"href":"https:\/\/roveyayinevi.com.tr\/index.php\/wp-json\/wp\/v2\/types\/product"}],"wp:attachment":[{"href":"https:\/\/roveyayinevi.com.tr\/index.php\/wp-json\/wp\/v2\/media?parent=777611"}],"wp:term":[{"taxonomy":"product_brand","embeddable":true,"href":"https:\/\/roveyayinevi.com.tr\/index.php\/wp-json\/wp\/v2\/product_brand?post=777611"},{"taxonomy":"product_cat","embeddable":true,"href":"https:\/\/roveyayinevi.com.tr\/index.php\/wp-json\/wp\/v2\/product_cat?post=777611"},{"taxonomy":"product_tag","embeddable":true,"href":"https:\/\/roveyayinevi.com.tr\/index.php\/wp-json\/wp\/v2\/product_tag?post=777611"}],"curies":[{"name":"wp","href":"https:\/\/api.w.org\/{rel}","templated":true}]}}