{"id":777607,"date":"2025-10-19T11:46:45","date_gmt":"2025-10-19T08:46:45","guid":{"rendered":"https:\/\/roveyayinevi.com.tr\/index.php\/urun\/hz-muhammed-ve-ashabi-neden-onemli\/"},"modified":"2026-04-15T03:43:13","modified_gmt":"2026-04-15T00:43:13","slug":"hz-muhammed-ve-ashabi-neden-onemli","status":"publish","type":"product","link":"https:\/\/roveyayinevi.com.tr\/index.php\/urun\/hz-muhammed-ve-ashabi-neden-onemli\/","title":{"rendered":"Hz. Muhammed ve Ashab\u0131 Neden \u00d6nemli?"},"content":{"rendered":"<p>\u201cBir elime Ay\u2019\u0131, bir elime G\u00fcne\u015f\u2019i verseniz, bu davadan vazge\u00e7mem!\u201d \u2013 Hz. Muhammed (s.a.v.)   Bilginin h\u0131zla yay\u0131ld\u0131\u011f\u0131, ancak hakikatin \u00e7arp\u0131t\u0131ld\u0131\u011f\u0131 bir \u00e7a\u011fda ya\u015f\u0131yoruz. Bug\u00fcn sald\u0131r\u0131lar\u0131n as\u0131l hedefi \u201c\u015f\u00fcphe\u201ddir. Kuran\u2019a do\u011frudan y\u00f6nelemeyenler, M\u00fcsl\u00fcmanlar\u0131 k\u00f6klerinden uzakla\u015ft\u0131rmak i\u00e7in bu kez s\u00fcnneti hedef al\u0131yor. Bu modern g\u00f6r\u00fcn\u00fcml\u00fc strateji, asl\u0131nda kadim bir d\u00fc\u015fmanl\u0131\u011f\u0131n yans\u0131mas\u0131d\u0131r.   Hz. Muhammed (s.a.v.), yaln\u0131zca bir el\u00e7i de\u011fil, ilahi nizam\u0131 hayata ge\u00e7iren ve yeni bir medeniyet kuran yeg\u00e2ne peygamberdir. Onun hayat\u0131, insanl\u0131k tarihinin en a\u00e7\u0131k ve g\u00fcvenilir kaynaklarla belgelenmi\u015f \u00f6rne\u011fidir.   Sahabe ise bu medeniyetin ilk halkas\u0131n\u0131 olu\u015fturur; Kuran\u2019\u0131n ilk uygulay\u0131c\u0131lar\u0131 olarak adalet, ahlak ve takva temelli bir toplum in\u015fa etmi\u015flerdir. \u0130slam\u2019\u0131n kurdu\u011fu sistem, siyaseti sahiplik de\u011fil emanet olarak g\u00f6r\u00fcr ve her makam\u0131 liyakatle doldurur.   Bu eser, \u00e7a\u011f\u0131n karma\u015fas\u0131nda hakikati arayanlara vahyin ruhunu ve sahabenin ferasetini hat\u0131rlat\u0131yor. \u00c7\u00fcnk\u00fc hakikat, o rahmet y\u00fckl\u00fc yolda y\u00fcr\u00fcyenlerin kalbinde yeniden hayat bulur. <\/p>\n","protected":false},"excerpt":{"rendered":"<p>\u201cBir elime Ay\u2019\u0131, bir elime G\u00fcne\u015f\u2019i verseniz, bu davadan vazge\u00e7mem!\u201d \u2013 Hz. Muhammed (s.a.v.) Bilginin h\u0131zla yay\u0131ld\u0131\u011f\u0131, ancak hakikatin \u00e7arp\u0131t\u0131ld\u0131\u011f\u0131 bir \u00e7a\u011fda ya\u015f\u0131yoruz. Bug\u00fcn sald\u0131r\u0131lar\u0131n as\u0131l<span class=\"excerpt-hellip\"> [\u2026]<\/span><\/p>\n","protected":false},"featured_media":0,"template":"","meta":{"_monsterinsights_skip_tracking":false,"_monsterinsights_sitenote_active":false,"_monsterinsights_sitenote_note":"","_monsterinsights_sitenote_category":0},"product_brand":[],"product_cat":[12718,12719,15238],"product_tag":[],"class_list":{"0":"post-777607","1":"product","2":"type-product","3":"status-publish","5":"product_cat-din","6":"product_cat-islam","7":"product_cat-tasavvuf","8":"pa_cilt-ciltsiz","9":"pa_tur-kitap","10":"pa_yayinevi-destek-yayinlari","11":"pa_yazar-kubilay-aktas","13":"first","14":"instock","15":"sale","16":"shipping-taxable","17":"purchasable","18":"product-type-simple"},"_links":{"self":[{"href":"https:\/\/roveyayinevi.com.tr\/index.php\/wp-json\/wp\/v2\/product\/777607","targetHints":{"allow":["GET"]}}],"collection":[{"href":"https:\/\/roveyayinevi.com.tr\/index.php\/wp-json\/wp\/v2\/product"}],"about":[{"href":"https:\/\/roveyayinevi.com.tr\/index.php\/wp-json\/wp\/v2\/types\/product"}],"wp:attachment":[{"href":"https:\/\/roveyayinevi.com.tr\/index.php\/wp-json\/wp\/v2\/media?parent=777607"}],"wp:term":[{"taxonomy":"product_brand","embeddable":true,"href":"https:\/\/roveyayinevi.com.tr\/index.php\/wp-json\/wp\/v2\/product_brand?post=777607"},{"taxonomy":"product_cat","embeddable":true,"href":"https:\/\/roveyayinevi.com.tr\/index.php\/wp-json\/wp\/v2\/product_cat?post=777607"},{"taxonomy":"product_tag","embeddable":true,"href":"https:\/\/roveyayinevi.com.tr\/index.php\/wp-json\/wp\/v2\/product_tag?post=777607"}],"curies":[{"name":"wp","href":"https:\/\/api.w.org\/{rel}","templated":true}]}}