{"id":777606,"date":"2025-10-19T11:46:24","date_gmt":"2025-10-19T08:46:24","guid":{"rendered":"https:\/\/roveyayinevi.com.tr\/index.php\/urun\/d-day-son-durak\/"},"modified":"2026-04-15T03:43:11","modified_gmt":"2026-04-15T00:43:11","slug":"d-day-son-durak","status":"publish","type":"product","link":"https:\/\/roveyayinevi.com.tr\/index.php\/urun\/d-day-son-durak\/","title":{"rendered":"D-Day: Son Durak"},"content":{"rendered":"<p>B\u0130R YIL DOLMADAN HAYATIMA SON VERMEMEM, KEND\u0130MCE B\u0130R TESELL\u0130YM\u0130\u015e.   Kendime verdi\u011fim bir y\u0131ll\u0131k s\u00fcre, \u00f6l\u00fcm\u00fc bekleyerek her g\u00fcn\u00fcm\u00fc \u00e7aresizlik ve ac\u0131yla ge\u00e7irmek i\u00e7in de\u011filmi\u015f. Belki de kalan zaman\u0131m\u0131 bir \u015fekilde de\u011ferli k\u0131lmak istiyordum. <\/p>\n","protected":false},"excerpt":{"rendered":"<p>B\u0130R YIL DOLMADAN HAYATIMA SON VERMEMEM, KEND\u0130MCE B\u0130R TESELL\u0130YM\u0130\u015e. Kendime verdi\u011fim bir y\u0131ll\u0131k s\u00fcre, \u00f6l\u00fcm\u00fc bekleyerek her g\u00fcn\u00fcm\u00fc \u00e7aresizlik ve ac\u0131yla ge\u00e7irmek i\u00e7in de\u011filmi\u015f. Belki de<span class=\"excerpt-hellip\"> [\u2026]<\/span><\/p>\n","protected":false},"featured_media":0,"template":"","meta":{"_monsterinsights_skip_tracking":false,"_monsterinsights_sitenote_active":false,"_monsterinsights_sitenote_note":"","_monsterinsights_sitenote_category":0},"product_brand":[],"product_cat":[141304],"product_tag":[],"class_list":{"0":"post-777606","1":"product","2":"type-product","3":"status-publish","5":"product_cat-yeni-cikanlar","6":"pa_cilt-ciltsiz","7":"pa_tur-kitap","8":"pa_yayinevi-athica-yayinlari","9":"pa_yazar-baek-eun-byeol","11":"first","12":"instock","13":"sale","14":"shipping-taxable","15":"purchasable","16":"product-type-simple"},"_links":{"self":[{"href":"https:\/\/roveyayinevi.com.tr\/index.php\/wp-json\/wp\/v2\/product\/777606","targetHints":{"allow":["GET"]}}],"collection":[{"href":"https:\/\/roveyayinevi.com.tr\/index.php\/wp-json\/wp\/v2\/product"}],"about":[{"href":"https:\/\/roveyayinevi.com.tr\/index.php\/wp-json\/wp\/v2\/types\/product"}],"wp:attachment":[{"href":"https:\/\/roveyayinevi.com.tr\/index.php\/wp-json\/wp\/v2\/media?parent=777606"}],"wp:term":[{"taxonomy":"product_brand","embeddable":true,"href":"https:\/\/roveyayinevi.com.tr\/index.php\/wp-json\/wp\/v2\/product_brand?post=777606"},{"taxonomy":"product_cat","embeddable":true,"href":"https:\/\/roveyayinevi.com.tr\/index.php\/wp-json\/wp\/v2\/product_cat?post=777606"},{"taxonomy":"product_tag","embeddable":true,"href":"https:\/\/roveyayinevi.com.tr\/index.php\/wp-json\/wp\/v2\/product_tag?post=777606"}],"curies":[{"name":"wp","href":"https:\/\/api.w.org\/{rel}","templated":true}]}}