{"id":777605,"date":"2025-10-19T11:46:22","date_gmt":"2025-10-19T08:46:22","guid":{"rendered":"https:\/\/roveyayinevi.com.tr\/index.php\/urun\/kuran-ile-aldatmak\/"},"modified":"2026-04-15T03:43:11","modified_gmt":"2026-04-15T00:43:11","slug":"kuran-ile-aldatmak","status":"publish","type":"product","link":"https:\/\/roveyayinevi.com.tr\/index.php\/urun\/kuran-ile-aldatmak\/","title":{"rendered":"Kur\u2019an ile Aldatmak"},"content":{"rendered":"<p>Kur\u2019an ile aldatmak nas\u0131l ba\u015flad\u0131?   \u2022 Kur\u2019an ile aldatanlar\u0131n niteli\u011fi: \u015eeytan\u0131n evliyas\u0131 olmak!   \u2022 Kur\u2019an ile aldatmada \u015feriat hilesi&#8230;   \u2022 Kur\u2019an ile aldatma kurumu olarak Diyanet \u0130\u015fleri Ba\u015fkanl\u0131\u011f\u0131&#8230;   \u2022 Kur\u2019an ile aldatma kurumlar\u0131 olarak Kur\u2019an kurslar\u0131&#8230;   \u2022 \u0130slam\u2019a pusu kuranlar kimler?   \u2022 M\u00fcsl\u00fcman ile \u0130slamc\u0131 aras\u0131ndaki farklar&#8230;   \u2022 Dindar ile dinci aras\u0131ndaki farklar&#8230;   \u2022 \u015eeriat ile \u0130slam aras\u0131ndaki farklar&#8230;   \u2022 Cihada kar\u015f\u0131 cihat!   \u0130lahiyat\u00e7\u0131 Cemil K\u0131l\u0131\u00e7, Kur\u2019an ile aldatanlar\u0131n maskelerini indiriyor! <\/p>\n","protected":false},"excerpt":{"rendered":"<p>Kur\u2019an ile aldatmak nas\u0131l ba\u015flad\u0131? \u2022 Kur\u2019an ile aldatanlar\u0131n niteli\u011fi: \u015eeytan\u0131n evliyas\u0131 olmak! \u2022 Kur\u2019an ile aldatmada \u015feriat hilesi&#8230; \u2022 Kur\u2019an ile aldatma kurumu olarak Diyanet<span class=\"excerpt-hellip\"> [\u2026]<\/span><\/p>\n","protected":false},"featured_media":0,"template":"","meta":{"_monsterinsights_skip_tracking":false,"_monsterinsights_sitenote_active":false,"_monsterinsights_sitenote_note":"","_monsterinsights_sitenote_category":0},"product_brand":[],"product_cat":[12718,12719],"product_tag":[],"class_list":{"0":"post-777605","1":"product","2":"type-product","3":"status-publish","5":"product_cat-din","6":"product_cat-islam","7":"pa_cilt-ciltsiz","8":"pa_tur-kitap","9":"pa_yayinevi-destek-yayinlari","10":"pa_yazar-cemil-kilic","12":"first","13":"instock","14":"sale","15":"shipping-taxable","16":"purchasable","17":"product-type-simple"},"_links":{"self":[{"href":"https:\/\/roveyayinevi.com.tr\/index.php\/wp-json\/wp\/v2\/product\/777605","targetHints":{"allow":["GET"]}}],"collection":[{"href":"https:\/\/roveyayinevi.com.tr\/index.php\/wp-json\/wp\/v2\/product"}],"about":[{"href":"https:\/\/roveyayinevi.com.tr\/index.php\/wp-json\/wp\/v2\/types\/product"}],"wp:attachment":[{"href":"https:\/\/roveyayinevi.com.tr\/index.php\/wp-json\/wp\/v2\/media?parent=777605"}],"wp:term":[{"taxonomy":"product_brand","embeddable":true,"href":"https:\/\/roveyayinevi.com.tr\/index.php\/wp-json\/wp\/v2\/product_brand?post=777605"},{"taxonomy":"product_cat","embeddable":true,"href":"https:\/\/roveyayinevi.com.tr\/index.php\/wp-json\/wp\/v2\/product_cat?post=777605"},{"taxonomy":"product_tag","embeddable":true,"href":"https:\/\/roveyayinevi.com.tr\/index.php\/wp-json\/wp\/v2\/product_tag?post=777605"}],"curies":[{"name":"wp","href":"https:\/\/api.w.org\/{rel}","templated":true}]}}