{"id":777604,"date":"2025-10-19T11:46:12","date_gmt":"2025-10-19T08:46:12","guid":{"rendered":"https:\/\/roveyayinevi.com.tr\/index.php\/urun\/hayat-yasadigina-degsin\/"},"modified":"2026-04-15T03:43:10","modified_gmt":"2026-04-15T00:43:10","slug":"hayat-yasadigina-degsin","status":"publish","type":"product","link":"https:\/\/roveyayinevi.com.tr\/index.php\/urun\/hayat-yasadigina-degsin\/","title":{"rendered":"Hayat Ya\u015fad\u0131\u011f\u0131na De\u011fsin"},"content":{"rendered":"<p>Prof. Dr. Emre Kongar, Hayat Ya\u015fad\u0131\u011f\u0131na De\u011fsin adl\u0131 kitab\u0131nda okuru, kendi hayat\u0131na farkl\u0131 bir g\u00f6zle bakmaya davet ederken, ya\u015fam\u0131n yaln\u0131zca ak\u0131p giden bir s\u00fcre\u00e7 de\u011fil, bilin\u00e7li se\u00e7imlerle \u015fekillenen bir ser\u00fcven oldu\u011funu vurguluyor. Deneyimlerini Hayat, A\u015fk, Ba\u015far\u0131 ve Mutluluk ba\u015fl\u0131klar\u0131 alt\u0131nda toplayan Kongar, bu konulardaki de\u011ferlendirmelerini Aforizma, Karizma ve Kongar s\u00f6zc\u00fcklerini birle\u015ftirerek \u201cKongarizmalar\u201d ad\u0131 alt\u0131nda okurlar\u0131na sunuyor. Bir fark\u0131ndal\u0131k yolculu\u011fu olan bu kitap, kendini tan\u0131mak ve hayat\u0131n\u0131 daha anlaml\u0131 k\u0131lmak i\u00e7in i\u00e7sel bir yolculu\u011fa \u00e7\u0131kmak isteyenlere rehberlik ediyor.<\/p>\n","protected":false},"excerpt":{"rendered":"<p>Prof. Dr. Emre Kongar, Hayat Ya\u015fad\u0131\u011f\u0131na De\u011fsin adl\u0131 kitab\u0131nda okuru, kendi hayat\u0131na farkl\u0131 bir g\u00f6zle bakmaya davet ederken, ya\u015fam\u0131n yaln\u0131zca ak\u0131p giden bir s\u00fcre\u00e7 de\u011fil, bilin\u00e7li<span class=\"excerpt-hellip\"> [\u2026]<\/span><\/p>\n","protected":false},"featured_media":0,"template":"","meta":{"_monsterinsights_skip_tracking":false,"_monsterinsights_sitenote_active":false,"_monsterinsights_sitenote_note":"","_monsterinsights_sitenote_category":0},"product_brand":[],"product_cat":[12777,12291],"product_tag":[],"class_list":{"0":"post-777604","1":"product","2":"type-product","3":"status-publish","5":"product_cat-deneme","6":"product_cat-edebiyat","7":"pa_cilt-ciltsiz","8":"pa_tur-kitap","9":"pa_yayinevi-remzi-kitabevi","10":"pa_yazar-emre-kongar","12":"first","13":"instock","14":"sale","15":"shipping-taxable","16":"purchasable","17":"product-type-simple"},"_links":{"self":[{"href":"https:\/\/roveyayinevi.com.tr\/index.php\/wp-json\/wp\/v2\/product\/777604","targetHints":{"allow":["GET"]}}],"collection":[{"href":"https:\/\/roveyayinevi.com.tr\/index.php\/wp-json\/wp\/v2\/product"}],"about":[{"href":"https:\/\/roveyayinevi.com.tr\/index.php\/wp-json\/wp\/v2\/types\/product"}],"wp:attachment":[{"href":"https:\/\/roveyayinevi.com.tr\/index.php\/wp-json\/wp\/v2\/media?parent=777604"}],"wp:term":[{"taxonomy":"product_brand","embeddable":true,"href":"https:\/\/roveyayinevi.com.tr\/index.php\/wp-json\/wp\/v2\/product_brand?post=777604"},{"taxonomy":"product_cat","embeddable":true,"href":"https:\/\/roveyayinevi.com.tr\/index.php\/wp-json\/wp\/v2\/product_cat?post=777604"},{"taxonomy":"product_tag","embeddable":true,"href":"https:\/\/roveyayinevi.com.tr\/index.php\/wp-json\/wp\/v2\/product_tag?post=777604"}],"curies":[{"name":"wp","href":"https:\/\/api.w.org\/{rel}","templated":true}]}}