{"id":777603,"date":"2025-10-19T11:45:25","date_gmt":"2025-10-19T08:45:25","guid":{"rendered":"https:\/\/roveyayinevi.com.tr\/index.php\/urun\/hepsi-senin-kuruntun\/"},"modified":"2026-04-15T03:43:05","modified_gmt":"2026-04-15T00:43:05","slug":"hepsi-senin-kuruntun","status":"publish","type":"product","link":"https:\/\/roveyayinevi.com.tr\/index.php\/urun\/hepsi-senin-kuruntun\/","title":{"rendered":"Hepsi Senin Kuruntun"},"content":{"rendered":"<p>Neden bu kadar \u00e7ok kad\u0131n kayg\u0131, stres ve depresyonla bo\u011fu\u015fuyor? Neden ihtiya\u00e7 duyduklar\u0131 deste\u011fi bulam\u0131yor ve yanl\u0131 bir sa\u011fl\u0131k sistemiyle m\u00fccadele etmek zorunda kal\u0131yorlar? Antik Yunan\u2019dan g\u00fcn\u00fcm\u00fcze uzanan histeri miras\u0131 kad\u0131nlar\u0131n deneyimlerini k\u00fc\u00e7\u00fcmseyen bir g\u00f6lge gibi varl\u0131\u011f\u0131n\u0131 s\u00fcrd\u00fcr\u00fcyor.Bilim yazar\u0131 ve kad\u0131n sa\u011fl\u0131\u011f\u0131 savunucusu Misty Pratt Hepsi Senin Kuruntun\u2019da kendi deneyimlerini ve en g\u00fcncel ara\u015ft\u0131rmalar\u0131 harmanlayarak kad\u0131nlar\u0131n ruh sa\u011fl\u0131\u011f\u0131n\u0131 ku\u015fatan mitleri y\u0131k\u0131yor, sa\u011fl\u0131k sistemindeki toplumsal cinsiyet temelli \u00f6nyarg\u0131lar\u0131 if\u015fa ediyor. Depresyon, kayg\u0131, do\u011fum sonras\u0131 ruhsal zorluklar, t\u00fckenmi\u015flik sendromu ve terapi ya da ila\u00e7 uygulamalar\u0131 \u00fczerinden kad\u0131nlar\u0131n ruh sa\u011fl\u0131\u011f\u0131n\u0131n nas\u0131l t\u0131bbile\u015ftirildi\u011fini, sistemin ataerkil ve kapitalist kal\u0131plara nas\u0131l hizmet etti\u011fini g\u00f6zler \u00f6n\u00fcne seriyor.Kad\u0131nlar\u0131n a\u011fr\u0131lar\u0131 \u201cabart\u0131\u201d, kayg\u0131lar\u0131 \u201czay\u0131fl\u0131k\u201d, \u00f6fkeleri \u201chastal\u0131k\u201d de\u011fil. Hepsi senin kuruntun de\u011fil!Ruh sa\u011fl\u0131\u011f\u0131n\u0131 sadece beyin kimyas\u0131na indirgemek yerine sosyal, k\u00fclt\u00fcrel ve politik ba\u011flamlar\u0131yla ele alan Hepsi Senin Kuruntun hem i\u00e7g\u00f6r\u00fc hem de umut sunuyor. Duygular\u0131 yeniden tan\u0131mlama, sahiplenme ve ger\u00e7ek iyile\u015fmeyi talep etme zaman\u0131!<\/p>\n","protected":false},"excerpt":{"rendered":"<p>Neden bu kadar \u00e7ok kad\u0131n kayg\u0131, stres ve depresyonla bo\u011fu\u015fuyor? Neden ihtiya\u00e7 duyduklar\u0131 deste\u011fi bulam\u0131yor ve yanl\u0131 bir sa\u011fl\u0131k sistemiyle m\u00fccadele etmek zorunda kal\u0131yorlar? Antik Yunan\u2019dan<span class=\"excerpt-hellip\"> [\u2026]<\/span><\/p>\n","protected":false},"featured_media":0,"template":"","meta":{"_monsterinsights_skip_tracking":false,"_monsterinsights_sitenote_active":false,"_monsterinsights_sitenote_note":"","_monsterinsights_sitenote_category":0},"product_brand":[],"product_cat":[12357],"product_tag":[],"class_list":{"0":"post-777603","1":"product","2":"type-product","3":"status-publish","5":"product_cat-psikoloji","6":"pa_cilt-ciltsiz","7":"pa_tur-kitap","8":"pa_yayinevi-aganta","9":"pa_yazar-misty-pratt","11":"first","12":"instock","13":"sale","14":"shipping-taxable","15":"purchasable","16":"product-type-simple"},"_links":{"self":[{"href":"https:\/\/roveyayinevi.com.tr\/index.php\/wp-json\/wp\/v2\/product\/777603","targetHints":{"allow":["GET"]}}],"collection":[{"href":"https:\/\/roveyayinevi.com.tr\/index.php\/wp-json\/wp\/v2\/product"}],"about":[{"href":"https:\/\/roveyayinevi.com.tr\/index.php\/wp-json\/wp\/v2\/types\/product"}],"wp:attachment":[{"href":"https:\/\/roveyayinevi.com.tr\/index.php\/wp-json\/wp\/v2\/media?parent=777603"}],"wp:term":[{"taxonomy":"product_brand","embeddable":true,"href":"https:\/\/roveyayinevi.com.tr\/index.php\/wp-json\/wp\/v2\/product_brand?post=777603"},{"taxonomy":"product_cat","embeddable":true,"href":"https:\/\/roveyayinevi.com.tr\/index.php\/wp-json\/wp\/v2\/product_cat?post=777603"},{"taxonomy":"product_tag","embeddable":true,"href":"https:\/\/roveyayinevi.com.tr\/index.php\/wp-json\/wp\/v2\/product_tag?post=777603"}],"curies":[{"name":"wp","href":"https:\/\/api.w.org\/{rel}","templated":true}]}}