{"id":777602,"date":"2025-10-19T10:26:34","date_gmt":"2025-10-19T07:26:34","guid":{"rendered":"https:\/\/roveyayinevi.com.tr\/index.php\/urun\/egitim-devlet-insan\/"},"modified":"2026-04-15T03:28:42","modified_gmt":"2026-04-15T00:28:42","slug":"egitim-devlet-insan","status":"publish","type":"product","link":"https:\/\/roveyayinevi.com.tr\/index.php\/urun\/egitim-devlet-insan\/","title":{"rendered":"E\u011fitim, Devlet, \u0130nsan"},"content":{"rendered":"<p>\u201cHayata kay\u0131ts\u0131z  kalmak\u201d beni hi\u00e7bir zaman tatmin etmedi. Bana g\u00f6re ele\u015ftirel, tarihsel ve ampirik \u00e7al\u0131\u015fma yapmak i\u00e7in, her birisi de bu toplumun esasl\u0131 ve d\u00fcr\u00fcst bir de\u011ferlendirmesine dayanan en az d\u00f6rt sebep var. Bunlardan ilki, ele\u015ftirel gelenekleri topluca bir sald\u0131r\u0131yla kar\u015f\u0131 kar\u015f\u0131ya kald\u0131klar\u0131 d\u00f6nemde canl\u0131 tutmakt\u0131r. Bizler, kolektif  haf\u0131zan\u0131n yitirilmesine kar\u015f\u0131 g\u00f6z\u00fcm\u00fcz\u00fc s\u00fcrekli a\u00e7\u0131k tutmal\u0131y\u0131z, \u00f6zellikle de neoliberal ve yeni muhafazak\u00e2rlar\u0131n (neoconlar\u0131n) g\u00fc\u00e7l\u00fc bir \u015fekilde \u00fcniversiteleri ekonomik gerekliliklere hizmet edecek \u015fekilde yeniden yap\u0131land\u0131rma, yeniden olu\u015fturma giri\u015fiminde bulunduklar\u0131 bu d\u00f6nemde. Michael  Apple (E\u011fitim ve \u0130ktidar).   E\u011e\u0130T\u0130M, DEVLET, \u0130NSAN 100 y\u0131l\u0131n T\u00fcrkiye e\u011fitim ger\u00e7ekli\u011fini ve birikimini, T\u00fcrkiye\u2019deki kapitalizmin ayr\u0131mc\u0131 ve e\u015fitsiz e\u011fitim pratiklerini, sorun yumaklar\u0131n\u0131, bu birikimin toplumsal, tarihsel dinamiklerini analitik ve tarihsel s\u00fcre\u00e7 i\u00e7inde anla\u015f\u0131l\u0131r k\u0131lmaya \u00e7al\u0131\u015f\u0131yor. Kitaptaki yaz\u0131lar, T\u00fcrkiye\u2019de e\u011fitim d\u00fczeninin \u00f6nemli alt alan ve boyutlar\u0131n\u0131 ve bunlarla ilgili e\u011fitim politikalar\u0131n\u0131 toplumdaki egemenlik ve g\u00fc\u00e7 ili\u015fkilerinin karma\u015f\u0131k yap\u0131s\u0131 i\u00e7inde ve s\u0131n\u0131flar ve egemenlik ili\u015fkileri ile olan yak\u0131n ba\u011flar\u0131n\u0131 a\u00e7\u0131\u011fa \u00e7\u0131kararak irdeleyen ve tart\u0131\u015fan  makalelerdir.   Toplumu \u015fekillendirmekte \u00f6nemli rol oynad\u0131\u011f\u0131n\u0131 kabul etti\u011fimiz e\u011fitim alan\u0131nda nelerin hayata ge\u00e7irilip, nelerin hi\u00e7 yap\u0131lmad\u0131\u011f\u0131n\u0131, ihmal edildi\u011fini g\u00f6rebilmek, yani uygulanan e\u011fitim politikalar\u0131n\u0131 de\u015fifre etmek i\u00e7in e\u011fitim konular\u0131n\u0131 derinli\u011fine anlamak akademi d\u00fcnyas\u0131 i\u00e7in oldu\u011fu kadar, e\u011fitim d\u00fczenini hak temelli anlamak, e\u015fitlik ve d\u00f6n\u00fc\u015ft\u00fcrme m\u00fccadelesi i\u00e7in de hayati \u00f6nemdedir. Bu kitab\u0131n sistemin nas\u0131l i\u015fledi\u011finin anla\u015f\u0131lmas\u0131 ve d\u00f6n\u00fc\u015ft\u00fcr\u00fclmesi m\u00fccadelesine katk\u0131da bulunmas\u0131n\u0131 diliyoruz. <\/p>\n","protected":false},"excerpt":{"rendered":"<p>\u201cHayata kay\u0131ts\u0131z kalmak\u201d beni hi\u00e7bir zaman tatmin etmedi. Bana g\u00f6re ele\u015ftirel, tarihsel ve ampirik \u00e7al\u0131\u015fma yapmak i\u00e7in, her birisi de bu toplumun esasl\u0131 ve d\u00fcr\u00fcst bir<span class=\"excerpt-hellip\"> [\u2026]<\/span><\/p>\n","protected":false},"featured_media":0,"template":"","meta":{"_monsterinsights_skip_tracking":false,"_monsterinsights_sitenote_active":false,"_monsterinsights_sitenote_note":"","_monsterinsights_sitenote_category":0},"product_brand":[],"product_cat":[13590,12337],"product_tag":[],"class_list":{"0":"post-777602","1":"product","2":"type-product","3":"status-publish","5":"product_cat-arastirma-inceleme-politika-siyaset","6":"product_cat-politika-siyaset","7":"pa_cilt-ciltsiz","8":"pa_tur-kitap","9":"pa_yayinevi-tarih-vakfi-yurt-yayinlari","10":"pa_yazar-fatma-gok","12":"first","13":"instock","14":"sale","15":"shipping-taxable","16":"purchasable","17":"product-type-simple"},"_links":{"self":[{"href":"https:\/\/roveyayinevi.com.tr\/index.php\/wp-json\/wp\/v2\/product\/777602","targetHints":{"allow":["GET"]}}],"collection":[{"href":"https:\/\/roveyayinevi.com.tr\/index.php\/wp-json\/wp\/v2\/product"}],"about":[{"href":"https:\/\/roveyayinevi.com.tr\/index.php\/wp-json\/wp\/v2\/types\/product"}],"wp:attachment":[{"href":"https:\/\/roveyayinevi.com.tr\/index.php\/wp-json\/wp\/v2\/media?parent=777602"}],"wp:term":[{"taxonomy":"product_brand","embeddable":true,"href":"https:\/\/roveyayinevi.com.tr\/index.php\/wp-json\/wp\/v2\/product_brand?post=777602"},{"taxonomy":"product_cat","embeddable":true,"href":"https:\/\/roveyayinevi.com.tr\/index.php\/wp-json\/wp\/v2\/product_cat?post=777602"},{"taxonomy":"product_tag","embeddable":true,"href":"https:\/\/roveyayinevi.com.tr\/index.php\/wp-json\/wp\/v2\/product_tag?post=777602"}],"curies":[{"name":"wp","href":"https:\/\/api.w.org\/{rel}","templated":true}]}}