{"id":777598,"date":"2025-10-19T07:03:36","date_gmt":"2025-10-19T04:03:36","guid":{"rendered":"https:\/\/roveyayinevi.com.tr\/index.php\/urun\/adabi-muaseret\/"},"modified":"2025-11-06T07:13:08","modified_gmt":"2025-11-06T04:13:08","slug":"adabi-muaseret","status":"publish","type":"product","link":"https:\/\/roveyayinevi.com.tr\/index.php\/urun\/adabi-muaseret\/","title":{"rendered":"Adab\u0131 Mua\u015feret"},"content":{"rendered":"<p>\u00c2d\u00e2b\u0131 mu\u00e2\u015feret, g\u00f6rg\u00fc ve nezaket; hepimizin her f\u0131rsatta ve ortamda kulland\u0131\u011f\u0131 kavramlar. Buna ra\u011fmen bu kavramlar\u0131n hayat\u0131m\u0131zdan usul usul \u00e7ekildi\u011fi de ac\u0131 bir ger\u00e7ek. \u0130\u015fte bu noktada; g\u00fcn\u00fcm\u00fcz insan\u0131n\u0131n meden\u00ee ili\u015fkilerine \u0131\u015f\u0131k tutan, ayn\u0131 zamanda konunun ahl\u00e2k\u00ee boyutunu da \u00f6nemseyen bir rehberli\u011fe ihtiya\u00e7 var. Geleneksel ve Bat\u0131 kaynakl\u0131 bu iki farkl\u0131 \u00e2d\u00e2b\u0131 mu\u00e2\u015feret yakla\u015f\u0131m\u0131n\u0131 birlikte de\u011ferlendirme ve \u00e2d\u00e2b\u0131 mu\u00e2\u015ferete kadim de\u011ferlerimiz ekseninde daha b\u00fct\u00fcnc\u00fcl bir anlam y\u00fcklemeye ihtiya\u00e7 var. \u00c2d\u00e2b\u0131 mu\u00e2\u015feret, g\u00f6rg\u00fc, nezaket ve ilgili kavramlara dair a\u00e7\u0131klamalar\u0131n da yer ald\u0131\u011f\u0131 bu \u00e7al\u0131\u015fma; \u00e2d\u00e2b\u0131 mu\u00e2\u015feret konular\u0131n\u0131 hem ahl\u00e2k\u00ee boyutu hem de meden\u00ee davran\u0131\u015f boyutuyla ele alan ve bu \u00f6zelli\u011fi ile alan\u0131nda ilk olma \u00f6zelli\u011fine sahip olan bir \u00e7al\u0131\u015fmad\u0131r.<\/p>\n","protected":false},"excerpt":{"rendered":"<p>\u00c2d\u00e2b\u0131 mu\u00e2\u015feret, g\u00f6rg\u00fc ve nezaket; hepimizin her f\u0131rsatta ve ortamda kulland\u0131\u011f\u0131 kavramlar. Buna ra\u011fmen bu kavramlar\u0131n hayat\u0131m\u0131zdan usul usul \u00e7ekildi\u011fi de ac\u0131 bir ger\u00e7ek. \u0130\u015fte bu<span class=\"excerpt-hellip\"> [\u2026]<\/span><\/p>\n","protected":false},"featured_media":0,"template":"","meta":{"_monsterinsights_skip_tracking":false,"_monsterinsights_sitenote_active":false,"_monsterinsights_sitenote_note":"","_monsterinsights_sitenote_category":0},"product_brand":[],"product_cat":[12364,12376],"product_tag":[],"class_list":{"0":"post-777598","1":"product","2":"type-product","3":"status-publish","5":"product_cat-genel-konular","6":"product_cat-kisisel-gelisim","7":"pa_cilt-ciltsiz","8":"pa_tur-kitap","9":"pa_yayinevi-cinaralti-yayinlari","10":"pa_yazar-idris-koc","12":"first","13":"instock","14":"sale","15":"shipping-taxable","16":"purchasable","17":"product-type-simple"},"_links":{"self":[{"href":"https:\/\/roveyayinevi.com.tr\/index.php\/wp-json\/wp\/v2\/product\/777598","targetHints":{"allow":["GET"]}}],"collection":[{"href":"https:\/\/roveyayinevi.com.tr\/index.php\/wp-json\/wp\/v2\/product"}],"about":[{"href":"https:\/\/roveyayinevi.com.tr\/index.php\/wp-json\/wp\/v2\/types\/product"}],"wp:attachment":[{"href":"https:\/\/roveyayinevi.com.tr\/index.php\/wp-json\/wp\/v2\/media?parent=777598"}],"wp:term":[{"taxonomy":"product_brand","embeddable":true,"href":"https:\/\/roveyayinevi.com.tr\/index.php\/wp-json\/wp\/v2\/product_brand?post=777598"},{"taxonomy":"product_cat","embeddable":true,"href":"https:\/\/roveyayinevi.com.tr\/index.php\/wp-json\/wp\/v2\/product_cat?post=777598"},{"taxonomy":"product_tag","embeddable":true,"href":"https:\/\/roveyayinevi.com.tr\/index.php\/wp-json\/wp\/v2\/product_tag?post=777598"}],"curies":[{"name":"wp","href":"https:\/\/api.w.org\/{rel}","templated":true}]}}