{"id":777596,"date":"2025-10-19T06:35:18","date_gmt":"2025-10-19T03:35:18","guid":{"rendered":"https:\/\/roveyayinevi.com.tr\/index.php\/urun\/oz-buyucusu-sen-de-oku\/"},"modified":"2026-02-03T02:54:11","modified_gmt":"2026-02-02T23:54:11","slug":"oz-buyucusu-sen-de-oku","status":"publish","type":"product","link":"https:\/\/roveyayinevi.com.tr\/index.php\/urun\/oz-buyucusu-sen-de-oku\/","title":{"rendered":"Oz B\u00fcy\u00fcc\u00fcs\u00fc &#8211; Sen de Oku"},"content":{"rendered":"<p>Mavisel Yener, Amerikal\u0131 yazar L. Frank Baum&#8217;un g\u00f6rsel sanatlar\u0131n hemen her dal\u0131na esin kayna\u011f\u0131 olan e\u015fsiz klasi\u011fi Oz B\u00fcy\u00fcc\u00fcs\u00fc&#8217;n\u00fc duru bir yorumla, Doroti&#8217;nin dilinden yeniden anlat\u0131yor.G\u00fcl Sar\u0131&#8217;n\u0131n resimleri e\u015fli\u011finde &#8221;SEN de OKU Klasikler&#8221; koleksiyonundaki yerini alan bu hi\u00e7 eskimeyen fantazya, masals\u0131 kurgusu ve karakterleriyle okurlar\u0131 g\u00f6z kama\u015ft\u0131r\u0131c\u0131 &#8221;Z\u00fcmr\u00fct \u015eehir&#8221;e g\u00f6t\u00fcr\u00fcyor; t\u00fcrl\u00fc \u00e7e\u015fit cad\u0131n\u0131n, kanatl\u0131 maymunlar\u0131n ve kudretli Oz B\u00fcy\u00fcc\u00fcs\u00fc&#8217;n\u00fcn boy g\u00f6sterdi\u011fi sihirli bir ser\u00fcvene \u00e7\u0131kar\u0131yor.Hayata dair farkl\u0131 \u015feyler arayan d\u00f6rt kafadar\u0131 do\u011fruluk ve sevgi yolunda birle\u015ftiren kitap, kalbimizi en b\u00fcy\u00fck rehberimiz k\u0131l\u0131yor; k\u00f6t\u00fcl\u00fc\u011f\u00fcn \u00fcstesinden gelebilmek i\u00e7in daima iyili\u011fin g\u00fcc\u00fcne inanmak gerekti\u011fini hat\u0131rlat\u0131yor.\u00c7ok tuhaf! Yoksa siz b\u00fct\u00fcn cad\u0131lar\u0131n k\u00f6t\u00fc oldu\u011funu mu san\u0131yorsunuz?Ya\u015fad\u0131klar\u0131 \u00e7iftlikte korkun\u00e7 bir kas\u0131rgaya yakalanan Doroti ve k\u00f6pe\u011fi Toto, kendilerini bir anda, K\u00f6t\u00fc Kalpli Do\u011fu Cad\u0131s\u0131&#8217;n\u0131n h\u00fck\u00fcm s\u00fcrd\u00fc\u011f\u00fc B\u0131d\u0131klar Diyar\u0131&#8217;nda bulurlar. Doroti, \u015fa\u015fk\u0131nl\u0131\u011f\u0131n\u0131 \u00fczerinden atar atmaz eve, yani Kansas&#8217;a geri d\u00f6nmenin yollar\u0131n\u0131 ara\u015ft\u0131r\u0131r. \u0130yi Kalpli Kuzey Cad\u0131s\u0131&#8217;n\u0131n dedi\u011fine g\u00f6re, ona ancak bir b\u00fcy\u00fcc\u00fc yard\u0131m edebilir. Doroti, ald\u0131\u011f\u0131 tarifle Muhte\u015fem Oz B\u00fcy\u00fcc\u00fcs\u00fc&#8217;n\u00fc bulmak \u00fczere yola koyulur. Z\u00fcmr\u00fct \u015eehir&#8217;e do\u011fru y\u00fcr\u00fcrken, i\u00e7i saman dolu bir korkulukla, kaskat\u0131 kesilmi\u015f bir teneke adamla ve korkak bir aslanla kar\u015f\u0131la\u015f\u0131r. Her birinin kendine g\u00f6re bir aray\u0131\u015f\u0131 vard\u0131r. Doroti&#8217;ye g\u00f6re, hepsinin \u00e7\u00f6z\u00fcm\u00fc Oz B\u00fcy\u00fcc\u00fcs\u00fc&#8217;nde sakl\u0131d\u0131r. D\u00f6rt arkada\u015f g\u00fcle oynaya, bazen de d\u00fc\u015fe kalka Z\u00fcmr\u00fct \u015eehir&#8217;in yolunu tutarken, ba\u015flar\u0131na gelecek ola\u011fan\u00fcst\u00fc olaylardan ve kar\u015f\u0131lar\u0131na \u00e7\u0131kacak \u015fa\u015f\u0131rt\u0131c\u0131 ki\u015filerden habersizdir&#8230;T\u00fcm zamanlar\u0131n en sevilen klasiklerinden Oz B\u00fcy\u00fcc\u00fcs\u00fc, iyi-k\u00f6t\u00fc, cesaret-korku gibi insanlar\u0131n duygu d\u00fcnyalar\u0131na do\u011frudan etki edebilen kar\u015f\u0131t kavramlar \u00fczerine d\u00fc\u015f\u00fcnsel maceralar ya\u015fat\u0131yor; sevginin ve akl\u0131n t\u00fcm sorunlar\u0131n \u00fcstesinden gelebilece\u011fini vurguluyor.Bireysel farkl\u0131l\u0131klar\u0131 esas alarak mutlulu\u011fun kayna\u011f\u0131n\u0131 sorgulatan roman, kendimizi ger\u00e7ekle\u015ftirme ve hayallerimize ula\u015fma yolunda eksikli\u011fini duydu\u011fumuz g\u00fcd\u00fclenmenin \u00e7o\u011fu zaman i\u00e7imizde sakl\u0131 oldu\u011funu ve onu ancak yine kendimizin ke\u015ffedebilece\u011fini g\u00f6steriyor.<\/p>\n","protected":false},"excerpt":{"rendered":"<p>Mavisel Yener, Amerikal\u0131 yazar L. Frank Baum&#8217;un g\u00f6rsel sanatlar\u0131n hemen her dal\u0131na esin kayna\u011f\u0131 olan e\u015fsiz klasi\u011fi Oz B\u00fcy\u00fcc\u00fcs\u00fc&#8217;n\u00fc duru bir yorumla, Doroti&#8217;nin dilinden yeniden anlat\u0131yor.G\u00fcl<span class=\"excerpt-hellip\"> [\u2026]<\/span><\/p>\n","protected":false},"featured_media":0,"template":"","meta":{"_monsterinsights_skip_tracking":false,"_monsterinsights_sitenote_active":false,"_monsterinsights_sitenote_note":"","_monsterinsights_sitenote_category":0},"product_brand":[],"product_cat":[12275,12274],"product_tag":[],"class_list":{"0":"post-777596","1":"product","2":"type-product","3":"status-publish","5":"product_cat-6-12-yas-kitaplari","6":"product_cat-cocuk-ve-genclik-kitaplari","7":"pa_cilt-ciltsiz","8":"pa_tur-kitap","9":"pa_yayinevi-tudem-yayinlari","10":"pa_yazar-l-frank-baum","12":"first","13":"instock","14":"sale","15":"shipping-taxable","16":"purchasable","17":"product-type-simple"},"_links":{"self":[{"href":"https:\/\/roveyayinevi.com.tr\/index.php\/wp-json\/wp\/v2\/product\/777596","targetHints":{"allow":["GET"]}}],"collection":[{"href":"https:\/\/roveyayinevi.com.tr\/index.php\/wp-json\/wp\/v2\/product"}],"about":[{"href":"https:\/\/roveyayinevi.com.tr\/index.php\/wp-json\/wp\/v2\/types\/product"}],"wp:attachment":[{"href":"https:\/\/roveyayinevi.com.tr\/index.php\/wp-json\/wp\/v2\/media?parent=777596"}],"wp:term":[{"taxonomy":"product_brand","embeddable":true,"href":"https:\/\/roveyayinevi.com.tr\/index.php\/wp-json\/wp\/v2\/product_brand?post=777596"},{"taxonomy":"product_cat","embeddable":true,"href":"https:\/\/roveyayinevi.com.tr\/index.php\/wp-json\/wp\/v2\/product_cat?post=777596"},{"taxonomy":"product_tag","embeddable":true,"href":"https:\/\/roveyayinevi.com.tr\/index.php\/wp-json\/wp\/v2\/product_tag?post=777596"}],"curies":[{"name":"wp","href":"https:\/\/api.w.org\/{rel}","templated":true}]}}