{"id":777595,"date":"2025-10-19T06:18:28","date_gmt":"2025-10-19T03:18:28","guid":{"rendered":"https:\/\/roveyayinevi.com.tr\/index.php\/urun\/erkek-adam-aglar\/"},"modified":"2026-04-16T02:35:52","modified_gmt":"2026-04-15T23:35:52","slug":"erkek-adam-aglar","status":"publish","type":"product","link":"https:\/\/roveyayinevi.com.tr\/index.php\/urun\/erkek-adam-aglar\/","title":{"rendered":"Erkek Adam A\u011flar"},"content":{"rendered":"<p>\u0130ngiliz Jonty Howley\u2019nin hem yaz\u0131p hem resimledi\u011fi Erkek Adam A\u011flar duygular\u0131n ifade edilmesi, a\u011flama ve toplumsal cinsiyet \u00fczerine d\u00fc\u015f\u00fcnd\u00fcren bir kitap. Kitap, kahraman\u0131 Levi\u2019nin okulun ilk g\u00fcn\u00fcnde endi\u015feli hissetmesi \u00fczerine babas\u0131n\u0131n onu \u201cerkek adam a\u011flamaz\u201d diyerek cesaretlendirmesiyle ba\u015fl\u0131yor. Ancak Levi, okula giderken yol boyunca bir\u00e7ok erke\u011fin a\u011flad\u0131\u011f\u0131n\u0131 fark ediyor. \u00c7ocuklar\u0131n duygular\u0131n\u0131 tan\u0131mas\u0131 ve sosyal olarak uygun \u015fekilde ifade etmesi \u00e7ocuklar\u0131n sosyal-duygusal geli\u015fimlerinin b\u00fcy\u00fck bir par\u00e7as\u0131. Her ne kadar o\u011flan \u00e7ocuklar\u0131na daha yayg\u0131n olarak duygular\u0131n bast\u0131r\u0131lmas\u0131 gerekti\u011fi \u00f6\u011fretilse de toplumun her kesimi duygular\u0131n ifadesindeki eksiklik sebebiyle sa\u011fl\u0131kl\u0131 ileti\u015fim ve ili\u015fkiler kurmakta zorlan\u0131yor. Bu kitap \u00f6ncelikle duygular\u0131n ifade edilmesindeki gereklili\u011fin alt\u0131n\u0131 \u00e7izerken bunu da duygular aras\u0131nda en zor ifade edilenlerden biri olan a\u011flamak \u00fczerinden yap\u0131yor. Duygular bast\u0131r\u0131ld\u0131klar\u0131nda ba\u015fka duygular olarak y\u00fczeye \u00e7\u0131karken a\u011flamak s\u0131kl\u0131kla \u00f6fkeye d\u00f6n\u00fc\u015f\u00fcyor, bu sebeple \u00e7ocuklara a\u011flaman\u0131n da herhangi bir duygu kadar normal oldu\u011funun anlat\u0131lmas\u0131 \u00f6nemli. Erkek adamlar\u0131n a\u011flamamas\u0131 gerekti\u011fi \u00e7ocu\u011fa anne baba taraf\u0131ndan \u00f6\u011fretildi\u011fi gibi, asl\u0131nda bu daha \u00e7ok toplumsal cinsiyet rollerinin dayatt\u0131\u011f\u0131 ve bu sebeple de ne o\u011flan ne de k\u0131z \u00e7ocuklar\u0131n\u0131n b\u00fcy\u00fcrken ka\u00e7abildi\u011fi bir fikir. Erkek Adam A\u011flar, \u00e7ocu\u011funuza bu fikrin bir h\u00fckm\u00fcn\u00fcn olmad\u0131\u011f\u0131n\u0131, duygular\u0131n\u0131 ifade etmekten korkmayan, \u00f6zg\u00fcrce a\u011flayan ve k\u0131r\u0131lganl\u0131\u011f\u0131n\u0131 saklamayan erkeklerin de oldu\u011funu anlatman\u0131n yollar\u0131ndan biri. \u00dc\u00e7 ya\u015f ve \u00fczeri \u00e7ocuklara hitap eden Erkek Adam A\u011flar, konusunun yan\u0131 s\u0131ra harika ve \u00f6zg\u00fcn \u00e7izimleriyle de en sevdi\u011finiz resimli kitaplar\u0131n\u0131z aras\u0131ndaki yerini h\u0131zla alacak. <\/p>\n","protected":false},"excerpt":{"rendered":"<p>\u0130ngiliz Jonty Howley\u2019nin hem yaz\u0131p hem resimledi\u011fi Erkek Adam A\u011flar duygular\u0131n ifade edilmesi, a\u011flama ve toplumsal cinsiyet \u00fczerine d\u00fc\u015f\u00fcnd\u00fcren bir kitap. Kitap, kahraman\u0131 Levi\u2019nin okulun ilk<span class=\"excerpt-hellip\"> [\u2026]<\/span><\/p>\n","protected":false},"featured_media":0,"template":"","meta":{"_monsterinsights_skip_tracking":false,"_monsterinsights_sitenote_active":false,"_monsterinsights_sitenote_note":"","_monsterinsights_sitenote_category":0},"product_brand":[],"product_cat":[12913,12274],"product_tag":[],"class_list":{"0":"post-777595","1":"product","2":"type-product","3":"status-publish","5":"product_cat-3-6-yas-kitaplari","6":"product_cat-cocuk-ve-genclik-kitaplari","7":"pa_cilt-ciltsiz","8":"pa_tur-kitap","9":"pa_yayinevi-hippo-yayinlari","10":"pa_yazar-jonty-howley","12":"first","13":"instock","14":"sale","15":"shipping-taxable","16":"purchasable","17":"product-type-simple"},"_links":{"self":[{"href":"https:\/\/roveyayinevi.com.tr\/index.php\/wp-json\/wp\/v2\/product\/777595","targetHints":{"allow":["GET"]}}],"collection":[{"href":"https:\/\/roveyayinevi.com.tr\/index.php\/wp-json\/wp\/v2\/product"}],"about":[{"href":"https:\/\/roveyayinevi.com.tr\/index.php\/wp-json\/wp\/v2\/types\/product"}],"wp:attachment":[{"href":"https:\/\/roveyayinevi.com.tr\/index.php\/wp-json\/wp\/v2\/media?parent=777595"}],"wp:term":[{"taxonomy":"product_brand","embeddable":true,"href":"https:\/\/roveyayinevi.com.tr\/index.php\/wp-json\/wp\/v2\/product_brand?post=777595"},{"taxonomy":"product_cat","embeddable":true,"href":"https:\/\/roveyayinevi.com.tr\/index.php\/wp-json\/wp\/v2\/product_cat?post=777595"},{"taxonomy":"product_tag","embeddable":true,"href":"https:\/\/roveyayinevi.com.tr\/index.php\/wp-json\/wp\/v2\/product_tag?post=777595"}],"curies":[{"name":"wp","href":"https:\/\/api.w.org\/{rel}","templated":true}]}}