{"id":777593,"date":"2025-10-19T06:14:10","date_gmt":"2025-10-19T03:14:10","guid":{"rendered":"https:\/\/roveyayinevi.com.tr\/index.php\/urun\/alis-harikalar-diyarinda-2\/"},"modified":"2025-10-23T06:27:39","modified_gmt":"2025-10-23T03:27:39","slug":"alis-harikalar-diyarinda-2","status":"publish","type":"product","link":"https:\/\/roveyayinevi.com.tr\/index.php\/urun\/alis-harikalar-diyarinda-2\/","title":{"rendered":"Alis Harikalar Diyar\u0131nda"},"content":{"rendered":"<p>&#8221;Eyvah! Yand\u0131m! \u00c7ok ge\u00e7 kalaca\u011f\u0131m!&#8221; diyen tela\u015fl\u0131 bir tav\u015fan\u0131n pe\u015fine tak\u0131l\u0131p onun girdi\u011fi delikten atlayan merakl\u0131 Alis, kendini \u00e7oook derin bir kuyudan a\u015fa\u011f\u0131 d\u00fc\u015ferken bulur. Ayna i\u00e7inde aynalardan ge\u00e7ip d\u00fcnyan\u0131n \u00f6b\u00fcr ucundan \u00e7\u0131kaca\u011f\u0131n\u0131 tahmin ederken; minicik kap\u0131lardan ge\u00e7ebilecek kadar k\u00fc\u00e7\u00fcl\u00fcp evlere s\u0131\u011famayacak kadar b\u00fcy\u00fcyece\u011fi acayip bir d\u00fcnyada oldu\u011funu ke\u015ffeder. \u0130nan\u0131lmaz bir b\u00fcy\u00fcleyicili\u011fin h\u00e2kim oldu\u011fu bu harikalar diyar\u0131 Alis&#8217;i, \u00e7\u0131lg\u0131n bir \u00e7ay partisine kat\u0131laca\u011f\u0131 ya da iskambil k\u00e2\u011f\u0131tlar\u0131ndan muhaf\u0131zlar taraf\u0131ndan kovalanaca\u011f\u0131 s\u0131ra d\u0131\u015f\u0131 bir ser\u00fcvenin i\u00e7ine s\u00fcr\u00fckler. Alis, bir yandan inan\u0131lmaz olaylara tan\u0131kl\u0131k ederken bir yandan da Tavsiyeci T\u0131rt\u0131l&#8217;dan s\u00fcrekli s\u0131r\u0131tan \u00c7e\u015f\u0131r Kedisi&#8217;ne, haval\u0131 \u015eapkac\u0131&#8217;dan koca kafal\u0131 Krali\u00e7e&#8217;ye, birbirinden ilgin\u00e7 karakterlerle kar\u015f\u0131la\u015f\u0131r&#8230; Sanat\u0131n hemen her alan\u0131nda kendine yer bulan hatta bir pop\u00fcler k\u00fclt\u00fcr unsuruna d\u00f6n\u00fc\u015fmeyi ba\u015faran Alis Harikalar Diyar\u0131nda&#8217;n\u0131n bu yeniden anlat\u0131m\u0131, Alis&#8217;le ilk kez tan\u0131\u015fan \u00e7ocuklar\u0131n ya da kalbi her daim Alis&#8217;le birlikte atan \u00e7ocuk ruhlular\u0131n d\u00fc\u015flerini sonsuzlu\u011fa ta\u015f\u0131yor.   Ger\u00e7ekle d\u00fc\u015f\u00fcn kesi\u015fti\u011fi noktada kendine hayal\u00ee bir ka\u00e7\u0131\u015f alan\u0131 yaratan Alis&#8217;in hissettirdi\u011fi duygular, Zeynep \u00d6zatalay&#8217;\u0131n sinematografik bir durulukta resmetti\u011fi \u00e7izimleriyle \u00e2deta g\u00f6zlerde canlan\u0131yor.<\/p>\n","protected":false},"excerpt":{"rendered":"<p>&#8221;Eyvah! Yand\u0131m! \u00c7ok ge\u00e7 kalaca\u011f\u0131m!&#8221; diyen tela\u015fl\u0131 bir tav\u015fan\u0131n pe\u015fine tak\u0131l\u0131p onun girdi\u011fi delikten atlayan merakl\u0131 Alis, kendini \u00e7oook derin bir kuyudan a\u015fa\u011f\u0131 d\u00fc\u015ferken bulur. Ayna<span class=\"excerpt-hellip\"> [\u2026]<\/span><\/p>\n","protected":false},"featured_media":0,"template":"","meta":{"_monsterinsights_skip_tracking":false,"_monsterinsights_sitenote_active":false,"_monsterinsights_sitenote_note":"","_monsterinsights_sitenote_category":0},"product_brand":[],"product_cat":[12275,12274],"product_tag":[],"class_list":{"0":"post-777593","1":"product","2":"type-product","3":"status-publish","5":"product_cat-6-12-yas-kitaplari","6":"product_cat-cocuk-ve-genclik-kitaplari","7":"pa_cilt-ciltsiz","8":"pa_tur-kitap","9":"pa_yayinevi-tudem-yayinlari","10":"pa_yazar-tudem-yayinlari-kolektif","12":"first","13":"instock","14":"sale","15":"shipping-taxable","16":"purchasable","17":"product-type-simple"},"_links":{"self":[{"href":"https:\/\/roveyayinevi.com.tr\/index.php\/wp-json\/wp\/v2\/product\/777593","targetHints":{"allow":["GET"]}}],"collection":[{"href":"https:\/\/roveyayinevi.com.tr\/index.php\/wp-json\/wp\/v2\/product"}],"about":[{"href":"https:\/\/roveyayinevi.com.tr\/index.php\/wp-json\/wp\/v2\/types\/product"}],"wp:attachment":[{"href":"https:\/\/roveyayinevi.com.tr\/index.php\/wp-json\/wp\/v2\/media?parent=777593"}],"wp:term":[{"taxonomy":"product_brand","embeddable":true,"href":"https:\/\/roveyayinevi.com.tr\/index.php\/wp-json\/wp\/v2\/product_brand?post=777593"},{"taxonomy":"product_cat","embeddable":true,"href":"https:\/\/roveyayinevi.com.tr\/index.php\/wp-json\/wp\/v2\/product_cat?post=777593"},{"taxonomy":"product_tag","embeddable":true,"href":"https:\/\/roveyayinevi.com.tr\/index.php\/wp-json\/wp\/v2\/product_tag?post=777593"}],"curies":[{"name":"wp","href":"https:\/\/api.w.org\/{rel}","templated":true}]}}