{"id":777589,"date":"2025-10-19T04:23:08","date_gmt":"2025-10-19T01:23:08","guid":{"rendered":"https:\/\/roveyayinevi.com.tr\/index.php\/urun\/acz-2\/"},"modified":"2026-04-16T02:19:51","modified_gmt":"2026-04-15T23:19:51","slug":"acz-2","status":"publish","type":"product","link":"https:\/\/roveyayinevi.com.tr\/index.php\/urun\/acz-2\/","title":{"rendered":"Acz"},"content":{"rendered":"<p>\u00dclkemizde sanat\u00e7\u0131 ve d\u00fc\u015f\u00fcn\u00fcr olman\u0131n zor yanlar\u0131ndan biri ve belki de ilki; ya\u015farken i\u00e7inde bulundu\u011funuz toplum taraf\u0131ndan anla\u015f\u0131lamaman\u0131zd\u0131r. \u00d6zelde M\u00fcsl\u00fcman, genelde \u00fcretken t\u00fcm insanlar i\u00e7in yaz\u0131k ki; bu, b\u00f6yledir..K\u00fclt\u00fcr, d\u00fc\u015f\u00fcnce ve yaz\u0131n hayat\u0131n\u0131n hemen her t\u00fcr\u00fcnde eser veren \u00e7ok y\u00f6nl\u00fc sanat\u00e7\u0131m\u0131z Cahit Zarifo\u011flu da, i\u015fte \u00f6ylesi \u00fcretken kalemlerden biri hi\u00e7 ku\u015fkusuz.. K\u0131rk yedi y\u0131ll\u0131k hayat\u0131na dokuz \u00e7ocuk kitab\u0131, iki roman, d\u00f6rt \u015fiir kitab\u0131, \u00e7ok say\u0131daki denemelerinden derlenmi\u015f iki deneme, bir g\u00fcnl\u00fck, bir tiyatro, bir tez ve bir piyes olmak \u00fczere 21 eser s\u0131\u011fd\u0131rm\u0131\u015f.Derdi olan biriydi Cahit Zarifo\u011flu.. Hemen b\u00fct\u00fcn eserlerine a\u00e7\u0131k ya da gizli bir \u015fekilde sirayet eden \u201c\u0130slam, \u00dcmmet, M\u00fcsl\u00fcman, edep, \u00fcretkenlik, kitap, \u00e7al\u0131\u015fmak, \u015fahsiyet, ilke vb.\u201d gibi kavramlar\u0131 i\u015fledi durdu. Suskunlu\u011funu bir kenara at\u0131p iki y\u00fczl\u00fc Bat\u0131 D\u00fcnyas\u0131\u2019na ve onun k\u00fclt\u00fcrel kodlar\u0131na kar\u015f\u0131 onurlu bir m\u00fccadele verdi.\u0130nsan tabiat\u0131 gere\u011fi nisyanla malul.. Zamanla zemine d\u00fc\u015f\u00fclmeyen her bir not; tarihin nank\u00f6r, dipsiz, kuytu k\u00f6\u015felerinde unutulup gidiyor. Sonra \u00f6yle bir vakte eriyoruz ki; duygu ve d\u00fc\u015f\u00fcnce d\u00fcnyam\u0131z\u0131n kandilleri bir bir s\u00f6n\u00fcveriyor. Ard\u0131ndan a\u011f\u0131r ve kesif kesif karanl\u0131kta kah el, kah ayak yordam\u0131yla hayata tutunmaya \u00e7al\u0131\u015f\u0131yoruz.Kald\u0131 ki i\u00e7inde ya\u015fad\u0131\u011f\u0131m\u0131z co\u011frafyay\u0131 ve dolay\u0131s\u0131yla halklar\u0131n\u0131; fikir d\u00fcnyam\u0131z\u0131n \u00f6nc\u00fc \u015fahsiyetleriyle tan\u0131\u015ft\u0131rmak her \u015feyden \u00f6nce \u0130sl\u00e2m\u00ee ve ins\u00e2n\u00ee olarak tarihin bize y\u00fckledi\u011fi hayati vazifelerden biridir.\u0130\u015fte bunun i\u00e7in bug\u00fcn\u00fcn ve yar\u0131n\u0131n gen\u00e7leri Cahit Zarifo\u011flu\u2019nu tan\u0131s\u0131n, ans\u0131n, anlas\u0131n istedik. Hakk\u0131nda sahih, sa\u011flam, tutarl\u0131 bilgilere sahip olsun. \u0130nsan oldu\u011funu akl\u0131ndan \u00e7\u0131karmadan, baz\u0131 akl\u0131 evvellerin yapt\u0131\u011f\u0131 gibi onu sanatsal putlara \u00e7evirmesin. D\u00fc\u015f\u00fcnce g\u00fcne\u015finin verimi olan m\u00fcktesebat\u0131yla ne laf kalabal\u0131\u011f\u0131 yaps\u0131n, ne hari\u00e7ten gazel okusun.Bu \u015fuurla hareket ederek ba\u015flad\u0131k \u00e7al\u0131\u015fmam\u0131za. Cahit Zarifo\u011flu hakk\u0131nda alan\u0131nda etkin ve yetkin sanat ve d\u00fc\u015f\u00fcn insanlar\u0131n\u0131 belirledik. Onlarla temaslar kurduk, de\u011ferlendirmelerini ald\u0131k. Bu arada kitab\u0131m\u0131z\u0131 g\u00f6rsellerle destekleyip farkl\u0131 bir boyut eklemek istedik. Bunun i\u00e7in Cahit Bey\u2019in ailesinden ve yak\u0131n dostlar\u0131ndan yard\u0131m ald\u0131k. Kar\u0131nca karar\u0131nca da olsa ilim d\u00fcnyas\u0131na biyografik bir metin b\u0131rakmaya gayret ettik. Sonu\u00e7ta gayret bizden, takdiri Rabbimizdendir.-Osman Koca Edit\u00f6r- <\/p>\n","protected":false},"excerpt":{"rendered":"<p>\u00dclkemizde sanat\u00e7\u0131 ve d\u00fc\u015f\u00fcn\u00fcr olman\u0131n zor yanlar\u0131ndan biri ve belki de ilki; ya\u015farken i\u00e7inde bulundu\u011funuz toplum taraf\u0131ndan anla\u015f\u0131lamaman\u0131zd\u0131r. \u00d6zelde M\u00fcsl\u00fcman, genelde \u00fcretken t\u00fcm insanlar i\u00e7in yaz\u0131k<span class=\"excerpt-hellip\"> [\u2026]<\/span><\/p>\n","protected":false},"featured_media":0,"template":"","meta":{"_monsterinsights_skip_tracking":false,"_monsterinsights_sitenote_active":false,"_monsterinsights_sitenote_note":"","_monsterinsights_sitenote_category":0},"product_brand":[],"product_cat":[14009,12291],"product_tag":[],"class_list":{"0":"post-777589","1":"product","2":"type-product","3":"status-publish","5":"product_cat-biyografi-otobiyografi-edebiyat","6":"product_cat-edebiyat","7":"pa_cilt-ciltli","8":"pa_tur-kitap","9":"pa_yayinevi-beyan-yayinlari","10":"pa_yazar-osman-koca","12":"first","13":"instock","14":"sale","15":"shipping-taxable","16":"purchasable","17":"product-type-simple"},"_links":{"self":[{"href":"https:\/\/roveyayinevi.com.tr\/index.php\/wp-json\/wp\/v2\/product\/777589","targetHints":{"allow":["GET"]}}],"collection":[{"href":"https:\/\/roveyayinevi.com.tr\/index.php\/wp-json\/wp\/v2\/product"}],"about":[{"href":"https:\/\/roveyayinevi.com.tr\/index.php\/wp-json\/wp\/v2\/types\/product"}],"wp:attachment":[{"href":"https:\/\/roveyayinevi.com.tr\/index.php\/wp-json\/wp\/v2\/media?parent=777589"}],"wp:term":[{"taxonomy":"product_brand","embeddable":true,"href":"https:\/\/roveyayinevi.com.tr\/index.php\/wp-json\/wp\/v2\/product_brand?post=777589"},{"taxonomy":"product_cat","embeddable":true,"href":"https:\/\/roveyayinevi.com.tr\/index.php\/wp-json\/wp\/v2\/product_cat?post=777589"},{"taxonomy":"product_tag","embeddable":true,"href":"https:\/\/roveyayinevi.com.tr\/index.php\/wp-json\/wp\/v2\/product_tag?post=777589"}],"curies":[{"name":"wp","href":"https:\/\/api.w.org\/{rel}","templated":true}]}}