{"id":777585,"date":"2025-10-19T03:25:07","date_gmt":"2025-10-19T00:25:07","guid":{"rendered":"https:\/\/roveyayinevi.com.tr\/index.php\/urun\/gulistan-6\/"},"modified":"2026-04-16T02:11:50","modified_gmt":"2026-04-15T23:11:50","slug":"gulistan-6","status":"publish","type":"product","link":"https:\/\/roveyayinevi.com.tr\/index.php\/urun\/gulistan-6\/","title":{"rendered":"G\u00fclistan"},"content":{"rendered":"<p>Sad\u00ee, hikmetli \u00f6\u011f\u00fctler ve unutulmaz ibretler i\u00e7eren hik\u00e2ye gelene\u011fimizin zirve isimlerinden biri. Sad\u00ee\u2019nin G\u00fclistan adl\u0131 bu eseri, birbirinden \u00e7arp\u0131c\u0131 hik\u00e2yeler ve ilgi \u00e7ekici karakterlerle dolu. Yazar okurunu bazen \u00e7\u00f6llerde, bazen \u015fehirlerde gezdirir. Bazen bir \u00f6\u011frenci, bazen de bir tacirle tan\u0131\u015ft\u0131r\u0131r. Ama eser b\u00fct\u00fcn g\u00fcc\u00fcn\u00fc \u00e7arp\u0131c\u0131l\u0131ktan ve ilgin\u00e7likten de\u011fil, hik\u00e2yelerin derinlerinde yatan alt metinlerden ve anlamlardan al\u0131r. G\u00fclistan, \u00f6zellikle Do\u011fu\u2019da ama b\u00fct\u00fcn d\u00fcnyada \u00e7ok be\u011fenilmi\u015f, y\u00fczy\u0131llard\u0131r okunmu\u015f ve okutulmu\u015f, b\u00f6ylece bir ba\u015fucu kitab\u0131 haline gelmi\u015ftir. Bug\u00fcnden ge\u00e7mi\u015fe bak\u0131ld\u0131\u011f\u0131nda G\u00fclistan, tart\u0131\u015fmas\u0131z Do\u011fu edebiyat birikiminin en ba\u015flar\u0131nda yer alan birka\u00e7 klasikten biri&#8230; \ufffcTan\u0131t\u0131m Metni<\/p>\n","protected":false},"excerpt":{"rendered":"<p>Sad\u00ee, hikmetli \u00f6\u011f\u00fctler ve unutulmaz ibretler i\u00e7eren hik\u00e2ye gelene\u011fimizin zirve isimlerinden biri. Sad\u00ee\u2019nin G\u00fclistan adl\u0131 bu eseri, birbirinden \u00e7arp\u0131c\u0131 hik\u00e2yeler ve ilgi \u00e7ekici karakterlerle dolu. Yazar<span class=\"excerpt-hellip\"> [\u2026]<\/span><\/p>\n","protected":false},"featured_media":0,"template":"","meta":{"_monsterinsights_skip_tracking":false,"_monsterinsights_sitenote_active":false,"_monsterinsights_sitenote_note":"","_monsterinsights_sitenote_category":0},"product_brand":[],"product_cat":[12312,12304],"product_tag":[],"class_list":{"0":"post-777585","1":"product","2":"type-product","3":"status-publish","5":"product_cat-diger","6":"product_cat-tarih","7":"pa_cilt-ciltsiz","8":"pa_tur-kitap","9":"pa_yayinevi-kapi-yayinlari","10":"pa_yazar-seyh-sadii-sirazi","12":"first","13":"instock","14":"sale","15":"shipping-taxable","16":"purchasable","17":"product-type-simple"},"_links":{"self":[{"href":"https:\/\/roveyayinevi.com.tr\/index.php\/wp-json\/wp\/v2\/product\/777585","targetHints":{"allow":["GET"]}}],"collection":[{"href":"https:\/\/roveyayinevi.com.tr\/index.php\/wp-json\/wp\/v2\/product"}],"about":[{"href":"https:\/\/roveyayinevi.com.tr\/index.php\/wp-json\/wp\/v2\/types\/product"}],"wp:attachment":[{"href":"https:\/\/roveyayinevi.com.tr\/index.php\/wp-json\/wp\/v2\/media?parent=777585"}],"wp:term":[{"taxonomy":"product_brand","embeddable":true,"href":"https:\/\/roveyayinevi.com.tr\/index.php\/wp-json\/wp\/v2\/product_brand?post=777585"},{"taxonomy":"product_cat","embeddable":true,"href":"https:\/\/roveyayinevi.com.tr\/index.php\/wp-json\/wp\/v2\/product_cat?post=777585"},{"taxonomy":"product_tag","embeddable":true,"href":"https:\/\/roveyayinevi.com.tr\/index.php\/wp-json\/wp\/v2\/product_tag?post=777585"}],"curies":[{"name":"wp","href":"https:\/\/api.w.org\/{rel}","templated":true}]}}