{"id":777582,"date":"2025-10-18T11:42:46","date_gmt":"2025-10-18T08:42:46","guid":{"rendered":"https:\/\/roveyayinevi.com.tr\/index.php\/urun\/1001-gece-hikayeleri\/"},"modified":"2026-04-15T03:43:13","modified_gmt":"2026-04-15T00:43:13","slug":"1001-gece-hikayeleri","status":"publish","type":"product","link":"https:\/\/roveyayinevi.com.tr\/index.php\/urun\/1001-gece-hikayeleri\/","title":{"rendered":"1001 Gece Hikayeleri"},"content":{"rendered":"<p>Do\u011fu\u2019dan Bat\u0131\u2019ya b\u00fct\u00fcn d\u00fcnyaya yay\u0131lan ve b\u00fct\u00fcn uluslarca zevkle okunan, pek \u00e7ok yazara da ilham kayna\u011f\u0131 olan Binbir Gece Hik\u00e2yeleri, T\u00fcrk\u00e7eye de \u00e7evrilmi\u015ftir. Binbir Gece Hik\u00e2yeleri\u2019nin Anadolu\u2019ya hangi y\u00fczy\u0131lda girdi\u011fi bilinmemekle birlikte, Elf Leyletin ve Leyle Hik\u00e2yetleri ad\u0131yla ge\u00e7en Bursa N\u00fcshas\u0131n\u0131n Anadolu T\u00fcrk\u00e7esiyle yaz\u0131lm\u0131\u015f elde bulunan eski n\u00fcshalar\u0131ndan biri oldu\u011funu d\u00fc\u015f\u00fcnmekteyiz. Bu n\u00fcshan\u0131n \u00e7eviriyaz\u0131l\u0131 metninin yay\u0131mlanmas\u0131, Binbir Gece ile ilgili ara\u015ft\u0131r\u0131lmay\u0131 bekleyen baz\u0131 konular\u0131n a\u00e7\u0131kl\u0131\u011fa kavu\u015fturulmas\u0131 bak\u0131m\u0131ndan \u00f6nemlidir. Binbir Gece\u2019nin Bursa yazmas\u0131 tam on y\u0131l \u00f6nce Bursa B\u00fcy\u00fck\u015fehir Belediyesince yay\u0131mlanm\u0131\u015ft\u0131, metnin asl\u0131n\u0131 g\u00f6rmek isteyen o yay\u0131na bakmal\u0131d\u0131r. Elinizdeki yay\u0131n metnin ilk \u00e7eviriyaz\u0131l\u0131 metni ile ayr\u0131nt\u0131l\u0131 bir dizin\/s\u00f6zl\u00fc\u011f\u00fcn\u00fc i\u00e7ermektedir. <\/p>\n","protected":false},"excerpt":{"rendered":"<p>Do\u011fu\u2019dan Bat\u0131\u2019ya b\u00fct\u00fcn d\u00fcnyaya yay\u0131lan ve b\u00fct\u00fcn uluslarca zevkle okunan, pek \u00e7ok yazara da ilham kayna\u011f\u0131 olan Binbir Gece Hik\u00e2yeleri, T\u00fcrk\u00e7eye de \u00e7evrilmi\u015ftir. Binbir Gece Hik\u00e2yeleri\u2019nin<span class=\"excerpt-hellip\"> [\u2026]<\/span><\/p>\n","protected":false},"featured_media":0,"template":"","meta":{"_monsterinsights_skip_tracking":false,"_monsterinsights_sitenote_active":false,"_monsterinsights_sitenote_note":"","_monsterinsights_sitenote_category":0},"product_brand":[],"product_cat":[141304],"product_tag":[],"class_list":{"0":"post-777582","1":"product","2":"type-product","3":"status-publish","5":"product_cat-yeni-cikanlar","6":"pa_cilt-ciltsiz","7":"pa_tur-kitap","8":"pa_yayinevi-bilgesu-yayincilik","9":"pa_yazar-gulseren-tor","11":"first","12":"instock","13":"sale","14":"shipping-taxable","15":"purchasable","16":"product-type-simple"},"_links":{"self":[{"href":"https:\/\/roveyayinevi.com.tr\/index.php\/wp-json\/wp\/v2\/product\/777582","targetHints":{"allow":["GET"]}}],"collection":[{"href":"https:\/\/roveyayinevi.com.tr\/index.php\/wp-json\/wp\/v2\/product"}],"about":[{"href":"https:\/\/roveyayinevi.com.tr\/index.php\/wp-json\/wp\/v2\/types\/product"}],"wp:attachment":[{"href":"https:\/\/roveyayinevi.com.tr\/index.php\/wp-json\/wp\/v2\/media?parent=777582"}],"wp:term":[{"taxonomy":"product_brand","embeddable":true,"href":"https:\/\/roveyayinevi.com.tr\/index.php\/wp-json\/wp\/v2\/product_brand?post=777582"},{"taxonomy":"product_cat","embeddable":true,"href":"https:\/\/roveyayinevi.com.tr\/index.php\/wp-json\/wp\/v2\/product_cat?post=777582"},{"taxonomy":"product_tag","embeddable":true,"href":"https:\/\/roveyayinevi.com.tr\/index.php\/wp-json\/wp\/v2\/product_tag?post=777582"}],"curies":[{"name":"wp","href":"https:\/\/api.w.org\/{rel}","templated":true}]}}