{"id":777578,"date":"2025-10-18T10:32:28","date_gmt":"2025-10-18T07:32:28","guid":{"rendered":"https:\/\/roveyayinevi.com.tr\/index.php\/urun\/temel-muhendislik-elektromanyetigi\/"},"modified":"2026-04-15T03:30:49","modified_gmt":"2026-04-15T00:30:49","slug":"temel-muhendislik-elektromanyetigi","status":"publish","type":"product","link":"https:\/\/roveyayinevi.com.tr\/index.php\/urun\/temel-muhendislik-elektromanyetigi\/","title":{"rendered":"Temel M\u00fchendislik Elektromanyeti\u011fi"},"content":{"rendered":"<p>Bu kitab\u0131n amac\u0131, Elektrik-Elektronik M\u00fchendisli\u011fi ve ilgili ana bilim dallar\u0131 m\u00fcfredat\u0131nda \u00fcniversitelerimizde okutulan statik elektromanyetik alan teorisi dersini kolay ve anla\u015f\u0131l\u0131r olarak \u00f6\u011fretmektir. Bu amac\u0131 ger\u00e7ekle\u015ftirmek i\u00e7in temel kavramlar k\u0131sa ve \u00f6zet olarak anlat\u0131lm\u0131\u015ft\u0131r. Form\u00fcllerin t\u00fcretilmesi ve uzun matematiksel i\u015flemler m\u00fcmk\u00fcn olan en k\u0131sa \u015fekilde verilmi\u015f; form\u00fcllerin fiziksel anlamlar\u0131 da a\u00e7\u0131klanarak \u00f6\u011frencilerin ezberden \u00e7ok kavramas\u0131 hedefenmi\u015ftir. Ayr\u0131ca konu anlat\u0131mlar\u0131ndan sonra \u00f6rnek sorular \u00e7\u00f6z\u00fclm\u00fc\u015f, \u00e7\u00f6z\u00fcml\u00fc al\u0131\u015ft\u0131rma sorular\u0131 ile konular peki\u015ftirilmeye \u00e7al\u0131\u015f\u0131lm\u0131\u015ft\u0131r. Bu kitab\u0131n anla\u015f\u0131labilmesi i\u00e7in okuyucunun kalk\u00fcl\u00fcs I-II, diferansiyel denklemler ve temel fizik konular\u0131n\u0131 bilmesi gerekir. Zira bu kitapta; t\u00fcrev, integral ve kuvvet gibi kavramlar anlat\u0131lmaz ve biliniyor kabul edilir. B\u00f6ylece bu kitab\u0131n, elektromanyetik alan teorisinin temellerini kapsaml\u0131 olarak anlatan ve kolay anla\u015f\u0131lan bir kaynak olmas\u0131 hedeflenmi\u015ftir.<\/p>\n","protected":false},"excerpt":{"rendered":"<p>Bu kitab\u0131n amac\u0131, Elektrik-Elektronik M\u00fchendisli\u011fi ve ilgili ana bilim dallar\u0131 m\u00fcfredat\u0131nda \u00fcniversitelerimizde okutulan statik elektromanyetik alan teorisi dersini kolay ve anla\u015f\u0131l\u0131r olarak \u00f6\u011fretmektir. Bu amac\u0131 ger\u00e7ekle\u015ftirmek<span class=\"excerpt-hellip\"> [\u2026]<\/span><\/p>\n","protected":false},"featured_media":0,"template":"","meta":{"_monsterinsights_skip_tracking":false,"_monsterinsights_sitenote_active":false,"_monsterinsights_sitenote_note":"","_monsterinsights_sitenote_category":0},"product_brand":[],"product_cat":[13005],"product_tag":[],"class_list":{"0":"post-777578","1":"product","2":"type-product","3":"status-publish","5":"product_cat-bilim-muhendislik","6":"pa_cilt-ciltsiz","7":"pa_tur-kitap","8":"pa_yayinevi-nobel-akademik-yayincilik","9":"pa_yazar-goker-sener","11":"first","12":"instock","13":"sale","14":"shipping-taxable","15":"purchasable","16":"product-type-simple"},"_links":{"self":[{"href":"https:\/\/roveyayinevi.com.tr\/index.php\/wp-json\/wp\/v2\/product\/777578","targetHints":{"allow":["GET"]}}],"collection":[{"href":"https:\/\/roveyayinevi.com.tr\/index.php\/wp-json\/wp\/v2\/product"}],"about":[{"href":"https:\/\/roveyayinevi.com.tr\/index.php\/wp-json\/wp\/v2\/types\/product"}],"wp:attachment":[{"href":"https:\/\/roveyayinevi.com.tr\/index.php\/wp-json\/wp\/v2\/media?parent=777578"}],"wp:term":[{"taxonomy":"product_brand","embeddable":true,"href":"https:\/\/roveyayinevi.com.tr\/index.php\/wp-json\/wp\/v2\/product_brand?post=777578"},{"taxonomy":"product_cat","embeddable":true,"href":"https:\/\/roveyayinevi.com.tr\/index.php\/wp-json\/wp\/v2\/product_cat?post=777578"},{"taxonomy":"product_tag","embeddable":true,"href":"https:\/\/roveyayinevi.com.tr\/index.php\/wp-json\/wp\/v2\/product_tag?post=777578"}],"curies":[{"name":"wp","href":"https:\/\/api.w.org\/{rel}","templated":true}]}}