{"id":777576,"date":"2025-10-18T06:11:57","date_gmt":"2025-10-18T03:11:57","guid":{"rendered":"https:\/\/roveyayinevi.com.tr\/index.php\/urun\/nobel-odulleri-ve-nobelin-altmis-yuzu\/"},"modified":"2026-02-23T11:37:08","modified_gmt":"2026-02-23T08:37:08","slug":"nobel-odulleri-ve-nobelin-altmis-yuzu","status":"publish","type":"product","link":"https:\/\/roveyayinevi.com.tr\/index.php\/urun\/nobel-odulleri-ve-nobelin-altmis-yuzu\/","title":{"rendered":"Nobel \u00d6d\u00fclleri ve Nobel&#8217;in Altm\u0131\u015f Y\u00fcz\u00fc"},"content":{"rendered":"<p>Modern bilim ve teknolojinin geli\u015fimine \u00f6nemli katk\u0131lar sa\u011flayan Nobel \u00d6d\u00fclleri ve bilhassa 20. y\u00fczy\u0131l\u0131n ikinci yar\u0131s\u0131nda bilim ve teknolojide ger\u00e7ekle\u015ftirilen b\u00fcy\u00fck at\u0131l\u0131mlar\u0131n \u00f6nc\u00fcleri pek \u00e7o\u011fumuz i\u00e7in bilinmezdir. Bilim ve teknoloji tarihinin \u015fekillenmesini sa\u011flayan, Nobel \u00d6d\u00fcl\u00fc kazanm\u0131\u015f bu ki\u015filerin fen bilimlerine yapt\u0131\u011f\u0131 katk\u0131lar\u0131n bilinmesi \u00f6nemlidir. Bu kitap, Alfred Nobel ve Nobel \u00d6d\u00fcllerinin ortaya \u00e7\u0131k\u0131\u015f\u0131n\u0131 tarihsel s\u00fcre\u00e7leriyle ve bilim tarihini \u00f6ne \u00e7\u0131karan bir ara\u015ft\u0131rma yakla\u015f\u0131m\u0131yla haz\u0131rlanm\u0131\u015ft\u0131r. Nobel \u00d6d\u00fclleri, modern insan\u0131n bilimsel ilerleme ve bilimsel geli\u015fim s\u00fcrecini yans\u0131tan bir filmdir. Bu filmde rol alan, 1960\u2019dan bug\u00fcne Nobel \u00d6d\u00fcl\u00fc kazanm\u0131\u015f altm\u0131\u015f bilim insan\u0131n\u0131n fen bilimleri ile bilim tarihine yapt\u0131\u011f\u0131 katk\u0131lar bilime ilgi duyan herkese hitap eden bir dilde tan\u0131t\u0131lmaktad\u0131r. Kitapta tan\u0131t\u0131lan altm\u0131\u015f bilim insan\u0131 bir anlamda Nobel \u00d6d\u00fcl\u00fc\u2019n\u00fcn son altm\u0131\u015f y\u0131l\u0131n\u0131 temsil eden y\u00fczlerdir. Kitab\u0131n bir ba\u015f ucu kayna\u011f\u0131 olarak fen bilimleri \u00f6\u011fretmenlerine yol g\u00f6stermesi, bilim ve teknolojiye merakl\u0131 okuyuculara ke\u015ffetme f\u0131rsat\u0131 sunmas\u0131 beklenmektedir.<\/p>\n","protected":false},"excerpt":{"rendered":"<p>Modern bilim ve teknolojinin geli\u015fimine \u00f6nemli katk\u0131lar sa\u011flayan Nobel \u00d6d\u00fclleri ve bilhassa 20. y\u00fczy\u0131l\u0131n ikinci yar\u0131s\u0131nda bilim ve teknolojide ger\u00e7ekle\u015ftirilen b\u00fcy\u00fck at\u0131l\u0131mlar\u0131n \u00f6nc\u00fcleri pek \u00e7o\u011fumuz i\u00e7in<span class=\"excerpt-hellip\"> [\u2026]<\/span><\/p>\n","protected":false},"featured_media":0,"template":"","meta":{"_monsterinsights_skip_tracking":false,"_monsterinsights_sitenote_active":false,"_monsterinsights_sitenote_note":"","_monsterinsights_sitenote_category":0},"product_brand":[],"product_cat":[13772,12364],"product_tag":[],"class_list":{"0":"post-777576","1":"product","2":"type-product","3":"status-publish","5":"product_cat-basvuru-kitaplari","6":"product_cat-genel-konular","7":"pa_cilt-ciltsiz","8":"pa_tur-kitap","9":"pa_yayinevi-nobel-akademik-yayincilik","10":"pa_yazar-m-bahadir-aktan","12":"first","13":"instock","14":"sale","15":"shipping-taxable","16":"purchasable","17":"product-type-simple"},"_links":{"self":[{"href":"https:\/\/roveyayinevi.com.tr\/index.php\/wp-json\/wp\/v2\/product\/777576","targetHints":{"allow":["GET"]}}],"collection":[{"href":"https:\/\/roveyayinevi.com.tr\/index.php\/wp-json\/wp\/v2\/product"}],"about":[{"href":"https:\/\/roveyayinevi.com.tr\/index.php\/wp-json\/wp\/v2\/types\/product"}],"wp:attachment":[{"href":"https:\/\/roveyayinevi.com.tr\/index.php\/wp-json\/wp\/v2\/media?parent=777576"}],"wp:term":[{"taxonomy":"product_brand","embeddable":true,"href":"https:\/\/roveyayinevi.com.tr\/index.php\/wp-json\/wp\/v2\/product_brand?post=777576"},{"taxonomy":"product_cat","embeddable":true,"href":"https:\/\/roveyayinevi.com.tr\/index.php\/wp-json\/wp\/v2\/product_cat?post=777576"},{"taxonomy":"product_tag","embeddable":true,"href":"https:\/\/roveyayinevi.com.tr\/index.php\/wp-json\/wp\/v2\/product_tag?post=777576"}],"curies":[{"name":"wp","href":"https:\/\/api.w.org\/{rel}","templated":true}]}}