{"id":777575,"date":"2025-10-18T04:34:55","date_gmt":"2025-10-18T01:34:55","guid":{"rendered":"https:\/\/roveyayinevi.com.tr\/index.php\/urun\/harry-potter-boyama-kitabi\/"},"modified":"2026-04-16T02:21:43","modified_gmt":"2026-04-15T23:21:43","slug":"harry-potter-boyama-kitabi","status":"publish","type":"product","link":"https:\/\/roveyayinevi.com.tr\/index.php\/urun\/harry-potter-boyama-kitabi\/","title":{"rendered":"Harry Potter Boyama Kitab\u0131"},"content":{"rendered":"<p>D\u00f6rt Hogwarts binas\u0131n\u0131n armalar\u0131ndan Weasley \u201cB\u00fcy\u00fcc\u00fc \u015eakalar\u0131\u201dn\u0131n m\u00fcthi\u015f \u00fcr\u00fcnlerine,Harry Potter d\u00fcnyas\u0131 capcanl\u0131 renklerle dolup ta\u015fmaktad\u0131r. Harry Potter filmlerinin yap\u0131m a\u015famas\u0131nda kullan\u0131lan ayr\u0131nt\u0131l\u0131 ill\u00fcstrasyonlar ve \u00f6zenli tasar\u0131mlarla dolu bu kitap sizleri Hogwarts \u015eatosu, Yasak Orman ve daha nicelerini ke\u015ffederek b\u00fcy\u00fcc\u00fcler d\u00fcnyas\u0131n\u0131 reng\u00e2renk boyamaya davet ediyor. Filmlerde kullan\u0131lan D\u0131rd\u0131rc\u0131 dergisi, Quidditch D\u00fcnya Kupas\u0131 posterleri ve \u00dc\u00e7b\u00fcy\u00fcc\u00fc Kupas\u0131 gibi muhte\u015fem par\u00e7alar\u0131nyan\u0131 s\u0131ra, sayfalar dolusu sihirli yarat\u0131k ve Harry\u2019nin ilk y\u0131l\u0131ndaki Se\u00e7me T\u00f6reni\u2019nden Harry ile Lord Voldemort aras\u0131ndaki unutulmaz son sava\u015fa varana dek filmlerdenunutulmaz sahneler bulacaks\u0131n\u0131z. <\/p>\n","protected":false},"excerpt":{"rendered":"<p>D\u00f6rt Hogwarts binas\u0131n\u0131n armalar\u0131ndan Weasley \u201cB\u00fcy\u00fcc\u00fc \u015eakalar\u0131\u201dn\u0131n m\u00fcthi\u015f \u00fcr\u00fcnlerine,Harry Potter d\u00fcnyas\u0131 capcanl\u0131 renklerle dolup ta\u015fmaktad\u0131r. Harry Potter filmlerinin yap\u0131m a\u015famas\u0131nda kullan\u0131lan ayr\u0131nt\u0131l\u0131 ill\u00fcstrasyonlar ve \u00f6zenli tasar\u0131mlarla<span class=\"excerpt-hellip\"> [\u2026]<\/span><\/p>\n","protected":false},"featured_media":0,"template":"","meta":{"_monsterinsights_skip_tracking":false,"_monsterinsights_sitenote_active":false,"_monsterinsights_sitenote_note":"","_monsterinsights_sitenote_category":0},"product_brand":[],"product_cat":[12644,12274],"product_tag":[],"class_list":{"0":"post-777575","1":"product","2":"type-product","3":"status-publish","5":"product_cat-boyama-kitaplari","6":"product_cat-cocuk-ve-genclik-kitaplari","7":"pa_cilt-ciltsiz","8":"pa_tur-kitap","9":"pa_yayinevi-yapi-kredi-yayinlari","10":"pa_yazar-j-k-rowling","12":"first","13":"instock","14":"sale","15":"shipping-taxable","16":"purchasable","17":"product-type-simple"},"_links":{"self":[{"href":"https:\/\/roveyayinevi.com.tr\/index.php\/wp-json\/wp\/v2\/product\/777575","targetHints":{"allow":["GET"]}}],"collection":[{"href":"https:\/\/roveyayinevi.com.tr\/index.php\/wp-json\/wp\/v2\/product"}],"about":[{"href":"https:\/\/roveyayinevi.com.tr\/index.php\/wp-json\/wp\/v2\/types\/product"}],"wp:attachment":[{"href":"https:\/\/roveyayinevi.com.tr\/index.php\/wp-json\/wp\/v2\/media?parent=777575"}],"wp:term":[{"taxonomy":"product_brand","embeddable":true,"href":"https:\/\/roveyayinevi.com.tr\/index.php\/wp-json\/wp\/v2\/product_brand?post=777575"},{"taxonomy":"product_cat","embeddable":true,"href":"https:\/\/roveyayinevi.com.tr\/index.php\/wp-json\/wp\/v2\/product_cat?post=777575"},{"taxonomy":"product_tag","embeddable":true,"href":"https:\/\/roveyayinevi.com.tr\/index.php\/wp-json\/wp\/v2\/product_tag?post=777575"}],"curies":[{"name":"wp","href":"https:\/\/api.w.org\/{rel}","templated":true}]}}