{"id":777574,"date":"2025-10-18T03:13:03","date_gmt":"2025-10-18T00:13:03","guid":{"rendered":"https:\/\/roveyayinevi.com.tr\/index.php\/urun\/osmanli-tasvir-sanatlari-1-minyatur-ciltli\/"},"modified":"2026-04-16T02:10:03","modified_gmt":"2026-04-15T23:10:03","slug":"osmanli-tasvir-sanatlari-1-minyatur-ciltli","status":"publish","type":"product","link":"https:\/\/roveyayinevi.com.tr\/index.php\/urun\/osmanli-tasvir-sanatlari-1-minyatur-ciltli\/","title":{"rendered":"Osmanl\u0131 Tasvir Sanatlar\u0131 1: Minyat\u00fcr (Ciltli)"},"content":{"rendered":"<p>Y2002 y\u0131l\u0131ndan beri Metin And\u2019\u0131n kitaplar\u0131 farkl\u0131 tasar\u0131m, g\u00f6zden ge\u00e7irilmi\u015f i\u00e7erik ve kullan\u0131\u015fl\u0131 dizinlerle yeniden yay\u0131mland\u0131. 2008 y\u0131l\u0131nda yitirdi\u011fimiz Metin And\u2019\u0131n, T\u00fcrk tiyatro tarihi ve geleneksel g\u00f6sterim sanatlar\u0131, \u015fenlikler ve ill\u00fczyon sanat\u0131 yan\u0131nda Osmanl\u0131 minyat\u00fcr\u00fcn\u00fcn tarihi, konular\u0131 ve ustalar\u0131 bak\u0131m\u0131ndan d\u00fcnyaya tan\u0131t\u0131lmas\u0131nda da elli y\u0131l\u0131 a\u015fk\u0131n bir s\u00fcre konferans, bildiri, seminer \u00e7al\u0131\u015fmas\u0131, makale ve kitaplar\u0131yla hizmet ve katk\u0131lar\u0131 b\u00fcy\u00fck olmu\u015ftur. K\u0131rk G\u00fcn K\u0131rk Gece (1959) ile ba\u015flay\u0131p Osmanl\u0131 Tasvir Sanatlar\u0131 1: Minyat\u00fcr (2002) ile son bulan T\u00fcrk\u00e7e ve de\u011fi\u015fik dillerde yay\u0131mlanm\u0131\u015f on kadar kitab\u0131 vard\u0131r. Bir saray sanat\u0131 olan minyat\u00fcr\u00fcn ger\u00e7eklerden kopuk bir sanat dal\u0131 de\u011fil ki\u015filer, \u015fehirler, yap\u0131lar ve g\u00fcndelik hayat bak\u0131m\u0131ndan olduk\u00e7a ger\u00e7ek\u00e7i bir uygulama oldu\u011funun anla\u015f\u0131lmas\u0131nda onun \u00e7al\u0131\u015fmalar\u0131n\u0131n da pay\u0131 b\u00fcy\u00fck olmu\u015ftur. Esas itibariyle yazma eserlerin s\u00fcslenmesinde, yani eski kitap sanatlar\u0131ndan biri olarak ele al\u0131nd\u0131\u011f\u0131nda da Osmanl\u0131 Tasvir Sanatlar\u0131 1: Minyat\u00fcr de ayr\u0131nt\u0131l\u0131 bir bi\u00e7imde ortaya konuldu\u011fu gibi as\u0131l muhatap padi\u015fah ya da \u00f6nemli devlet adamlar\u0131d\u0131r. Her bak\u0131mdan y\u00fcksek maliyetlerle ortaya konulan minyat\u00fcrl\u00fc yazmalar, Hazine\u2019de korunan, sava\u015f s\u0131ras\u0131nda ganimet olarak gele ge\u00e7ti\u011finde padi\u015fahlarca, kumandanlarca ilgilenilen ola\u011fan\u00fcst\u00fc eserlerdir. Yazma kitaplar\u0131n ilgili sayfalar\u0131n\u0131 s\u00fcsleyen minyat\u00fcrlerin ger\u00e7ek hayattan kopuk resimler olmad\u0131\u011f\u0131n\u0131 \u00e7ok \u00f6nceden fark eden Metin And, tarih ve k\u00fclt\u00fcr ara\u015ft\u0131rmalar\u0131n\u0131n kayna\u011f\u0131 olarak bu malzemeden de yararlan\u0131laca\u011f\u0131n\u0131n g\u00fczel \u00f6rneklerini vermi\u015ftir: 16. Y\u00fczy\u0131lda \u0130stanbul. Kent-Saray-G\u00fcnl\u00fck Ya\u015fam (1994), Minyat\u00fcrlerle Osmanl\u0131-\u0130sl\u00e2m Mitologyas\u0131 (1998), 40 G\u00fcn 40 Gece. Osmanl\u0131 D\u00fc\u011f\u00fcnleri-\u015eenlikleri-Ge\u00e7it Alaylar\u0131 (2000) ve Osmanl\u0131 Tasvir Sanatlar\u0131 1: Minyat\u00fcr (2002). Okunacak, bak\u0131lacak, kaynak olarak kullan\u0131lacak bir eser olan Osmanl\u0131 Tasvir Sanatlar\u0131 1: Minyat\u00fcr, bu sanat\u0131n Osmanl\u0131larda ge\u00e7irdi\u011fi evreleri; bir saray sanat\u0131 olu\u015funun mek\u00e2n, teknik ve y\u00f6ntem bak\u0131m\u0131ndan de\u011ferlendirilmesi; portreler, padi\u015fah ya\u015famlar\u0131, Saray, \u015fenlikler, edeb\u00ee eserler, dinsel konular,  do\u011fa ve kent g\u00f6r\u00fcn\u00fcmleri, bilimsel ve ansiklopedik konular, ku\u015flar \u2013 hayvanlar \u2013 yarat\u0131klar ve bitkiler d\u00fcnyas\u0131, kad\u0131nlarla erkekler gibi ba\u015fl\u0131klar alt\u0131nda haz\u0131rlanm\u0131\u015f ayr\u0131nt\u0131l\u0131 bir Alb\u00fcm\u2019den olu\u015fuyor. Ayr\u0131 bir cilt olarak yay\u0131mland\u0131\u011f\u0131nda \u00c7ar\u015f\u0131 Ressamlar\u0131\u2019yla tamamlanacak bir g\u00f6rsel \u015f\u00f6len\u2026<\/p>\n","protected":false},"excerpt":{"rendered":"<p>Y2002 y\u0131l\u0131ndan beri Metin And\u2019\u0131n kitaplar\u0131 farkl\u0131 tasar\u0131m, g\u00f6zden ge\u00e7irilmi\u015f i\u00e7erik ve kullan\u0131\u015fl\u0131 dizinlerle yeniden yay\u0131mland\u0131. 2008 y\u0131l\u0131nda yitirdi\u011fimiz Metin And\u2019\u0131n, T\u00fcrk tiyatro tarihi ve geleneksel<span class=\"excerpt-hellip\"> [\u2026]<\/span><\/p>\n","protected":false},"featured_media":0,"template":"","meta":{"_monsterinsights_skip_tracking":false,"_monsterinsights_sitenote_active":false,"_monsterinsights_sitenote_note":"","_monsterinsights_sitenote_category":0},"product_brand":[],"product_cat":[16169,12408],"product_tag":[],"class_list":{"0":"post-777574","1":"product","2":"type-product","3":"status-publish","5":"product_cat-geleneksel-sanatlar","6":"product_cat-sanat","7":"pa_cilt-ciltli","8":"pa_tur-kitap","9":"pa_yayinevi-yapi-kredi-yayinlari-ozel-basim","10":"pa_yazar-metin-and","12":"first","13":"instock","14":"sale","15":"shipping-taxable","16":"purchasable","17":"product-type-simple"},"_links":{"self":[{"href":"https:\/\/roveyayinevi.com.tr\/index.php\/wp-json\/wp\/v2\/product\/777574","targetHints":{"allow":["GET"]}}],"collection":[{"href":"https:\/\/roveyayinevi.com.tr\/index.php\/wp-json\/wp\/v2\/product"}],"about":[{"href":"https:\/\/roveyayinevi.com.tr\/index.php\/wp-json\/wp\/v2\/types\/product"}],"wp:attachment":[{"href":"https:\/\/roveyayinevi.com.tr\/index.php\/wp-json\/wp\/v2\/media?parent=777574"}],"wp:term":[{"taxonomy":"product_brand","embeddable":true,"href":"https:\/\/roveyayinevi.com.tr\/index.php\/wp-json\/wp\/v2\/product_brand?post=777574"},{"taxonomy":"product_cat","embeddable":true,"href":"https:\/\/roveyayinevi.com.tr\/index.php\/wp-json\/wp\/v2\/product_cat?post=777574"},{"taxonomy":"product_tag","embeddable":true,"href":"https:\/\/roveyayinevi.com.tr\/index.php\/wp-json\/wp\/v2\/product_tag?post=777574"}],"curies":[{"name":"wp","href":"https:\/\/api.w.org\/{rel}","templated":true}]}}