{"id":777570,"date":"2025-10-18T00:24:35","date_gmt":"2025-10-17T21:24:35","guid":{"rendered":"https:\/\/roveyayinevi.com.tr\/index.php\/urun\/kentsel-ve-bolgesel-gelisimi-dusunmek\/"},"modified":"2026-04-15T03:43:37","modified_gmt":"2026-04-15T00:43:37","slug":"kentsel-ve-bolgesel-gelisimi-dusunmek","status":"publish","type":"product","link":"https:\/\/roveyayinevi.com.tr\/index.php\/urun\/kentsel-ve-bolgesel-gelisimi-dusunmek\/","title":{"rendered":"Kentsel Ve B\u00f6lgesel Geli\u015fimi D\u00fc\u015f\u00fcnmek"},"content":{"rendered":"<p>Bu kitap, T\u00fcrkiye\u2019de mek\u00e2nsal d\u00fc\u015f\u00fcncenin geli\u015fimine, kentsel ve b\u00f6lgesel \u00e7al\u0131\u015fmalar\u0131n derinle\u015fmesine e\u015fsiz katk\u0131lar sunan Prof. Dr. Ayda Erayd\u0131n\u2019a bir arma\u011fan olarak haz\u0131rland\u0131. Onun \u00fcretken akademik yolculu\u011funa e\u015flik eden \u00f6\u011frencileri, meslekta\u015flar\u0131 ve dostlar\u0131, bu eserde hem bir hocan\u0131n b\u0131rakt\u0131\u011f\u0131 izleri hem de birlikte d\u00fc\u015f\u00fcnmenin de\u011ferini yeniden hat\u0131rlat\u0131yorlar.   Ayda Erayd\u0131n\u2019\u0131n \u00e7al\u0131\u015fmalar\u0131 yaln\u0131zca kent ve b\u00f6lge planlamas\u0131 alan\u0131na de\u011fil, d\u00fc\u015f\u00fcnsel \u00f6zg\u00fcrl\u00fck, ele\u015ftirellik ve dayan\u0131\u015fma k\u00fclt\u00fcr\u00fcne dair de kal\u0131c\u0131 bir miras b\u0131rakm\u0131\u015ft\u0131r. Kitap, bu miras\u0131 kavramsal ve pratik d\u00fczeyde yeniden yorumlayan yaz\u0131lardan olu\u015fuyor. B\u00f6lgesel kalk\u0131nmadan dijital ekonomiye, kentsel d\u00f6n\u00fc\u015f\u00fcmden sosyal sermaye ve iklim de\u011fi\u015fikli\u011fine uzanan geni\u015f bir yelpazede, g\u00fcn\u00fcm\u00fcz\u00fcn temel mek\u00e2nsal sorunlar\u0131n\u0131 onun d\u00fc\u015f\u00fcnsel izleriyle tart\u0131\u015f\u0131yor.   Edit\u00f6rl\u00fc\u011f\u00fcn\u00fc Bilge Armatl\u0131 K\u00f6ro\u011flu ve Tanyel \u00d6zel\u00e7i Eceral\u2019\u0131n yapt\u0131\u011f\u0131 \u201cKentsel ve B\u00f6lgesel Geli\u015fimi D\u00fc\u015f\u00fcnmek\u201d kitab\u0131, bir bilim insan\u0131na sayg\u0131 duru\u015fu olman\u0131n \u00f6tesinde, ortak \u00fcretimin, entelekt\u00fcel vefan\u0131n ve bilime adanm\u0131\u015f bir ya\u015fam\u0131n hik\u00e2yesidir. Her sayfas\u0131, Ayda Erayd\u0131n\u2019\u0131n \u0131\u015f\u0131\u011f\u0131n\u0131 bug\u00fcne ta\u015f\u0131yan bir \u00e7a\u011fr\u0131d\u0131r: Mek\u00e2n\u0131 anlamak, insan\u0131 ve gelece\u011fi anlamakt\u0131r.<\/p>\n","protected":false},"excerpt":{"rendered":"<p>Bu kitap, T\u00fcrkiye\u2019de mek\u00e2nsal d\u00fc\u015f\u00fcncenin geli\u015fimine, kentsel ve b\u00f6lgesel \u00e7al\u0131\u015fmalar\u0131n derinle\u015fmesine e\u015fsiz katk\u0131lar sunan Prof. Dr. Ayda Erayd\u0131n\u2019a bir arma\u011fan olarak haz\u0131rland\u0131. Onun \u00fcretken akademik yolculu\u011funa<span class=\"excerpt-hellip\"> [\u2026]<\/span><\/p>\n","protected":false},"featured_media":0,"template":"","meta":{"_monsterinsights_skip_tracking":false,"_monsterinsights_sitenote_active":false,"_monsterinsights_sitenote_note":"","_monsterinsights_sitenote_category":0},"product_brand":[],"product_cat":[12324],"product_tag":[],"class_list":{"0":"post-777570","1":"product","2":"type-product","3":"status-publish","5":"product_cat-sosyoloji","6":"pa_cilt-ciltsiz","7":"pa_tur-kitap","8":"pa_yayinevi-idealkent-yayinlari","9":"pa_yazar-bilge-armatli-koroglu-tanyel-ozelci-eceral","11":"first","12":"instock","13":"sale","14":"shipping-taxable","15":"purchasable","16":"product-type-simple"},"_links":{"self":[{"href":"https:\/\/roveyayinevi.com.tr\/index.php\/wp-json\/wp\/v2\/product\/777570","targetHints":{"allow":["GET"]}}],"collection":[{"href":"https:\/\/roveyayinevi.com.tr\/index.php\/wp-json\/wp\/v2\/product"}],"about":[{"href":"https:\/\/roveyayinevi.com.tr\/index.php\/wp-json\/wp\/v2\/types\/product"}],"wp:attachment":[{"href":"https:\/\/roveyayinevi.com.tr\/index.php\/wp-json\/wp\/v2\/media?parent=777570"}],"wp:term":[{"taxonomy":"product_brand","embeddable":true,"href":"https:\/\/roveyayinevi.com.tr\/index.php\/wp-json\/wp\/v2\/product_brand?post=777570"},{"taxonomy":"product_cat","embeddable":true,"href":"https:\/\/roveyayinevi.com.tr\/index.php\/wp-json\/wp\/v2\/product_cat?post=777570"},{"taxonomy":"product_tag","embeddable":true,"href":"https:\/\/roveyayinevi.com.tr\/index.php\/wp-json\/wp\/v2\/product_tag?post=777570"}],"curies":[{"name":"wp","href":"https:\/\/api.w.org\/{rel}","templated":true}]}}