{"id":777567,"date":"2025-10-18T00:24:29","date_gmt":"2025-10-17T21:24:29","guid":{"rendered":"https:\/\/roveyayinevi.com.tr\/index.php\/urun\/1-sinif-okumaya-basliyorum-anetil-10-kitap\/"},"modified":"2026-04-15T03:43:37","modified_gmt":"2026-04-15T00:43:37","slug":"1-sinif-okumaya-basliyorum-anetil-10-kitap","status":"publish","type":"product","link":"https:\/\/roveyayinevi.com.tr\/index.php\/urun\/1-sinif-okumaya-basliyorum-anetil-10-kitap\/","title":{"rendered":"1. S\u0131n\u0131f Okumaya Ba\u015fl\u0131yorum ANET\u0130L 10 Kitap"},"content":{"rendered":"<p>OKUMAYA BA\u015eLIYORUM \u2013 10 K\u0130TAPYeni MEB M\u00fcfredat\u0131na UygunDik Temel Harflerle Haz\u0131rlanm\u0131\u015ft\u0131rT\u00fcm Ses Gruplar\u0131 (anetil, okur\u0131m, \u00fcs\u00f6ydz, \u00e7bgc\u015f, phv\u011ffj), \u015eiirler, Tekerlemeler ve Hik\u00e2yeler\u2026Okuma yazma ser\u00fcveni ba\u015fl\u0131yor!Bu setle harfleri tan\u0131yacak, kelimelerin d\u00fcnyas\u0131na ad\u0131m atacaks\u0131n\u0131z.\u00d6\u011frendi\u011finiz harfleri birbirinden keyifli hik\u00e2yelerle peki\u015ftirecek ve okuman\u0131n b\u00fcy\u00fcs\u00fcn\u00fc ke\u015ffedeceksiniz.<\/p>\n","protected":false},"excerpt":{"rendered":"<p>OKUMAYA BA\u015eLIYORUM \u2013 10 K\u0130TAPYeni MEB M\u00fcfredat\u0131na UygunDik Temel Harflerle Haz\u0131rlanm\u0131\u015ft\u0131rT\u00fcm Ses Gruplar\u0131 (anetil, okur\u0131m, \u00fcs\u00f6ydz, \u00e7bgc\u015f, phv\u011ffj), \u015eiirler, Tekerlemeler ve Hik\u00e2yeler\u2026Okuma yazma ser\u00fcveni ba\u015fl\u0131yor!Bu setle<span class=\"excerpt-hellip\"> [\u2026]<\/span><\/p>\n","protected":false},"featured_media":0,"template":"","meta":{"_monsterinsights_skip_tracking":false,"_monsterinsights_sitenote_active":false,"_monsterinsights_sitenote_note":"","_monsterinsights_sitenote_category":0},"product_brand":[],"product_cat":[12274,12284],"product_tag":[],"class_list":{"0":"post-777567","1":"product","2":"type-product","3":"status-publish","5":"product_cat-cocuk-ve-genclik-kitaplari","6":"product_cat-hikayeler","7":"pa_cilt-ciltsiz","8":"pa_tur-kitap","9":"pa_yayinevi-bilgi-park","10":"pa_yazar-murat-kazan-ozgur-sinan","12":"first","13":"instock","14":"sale","15":"shipping-taxable","16":"purchasable","17":"product-type-simple"},"_links":{"self":[{"href":"https:\/\/roveyayinevi.com.tr\/index.php\/wp-json\/wp\/v2\/product\/777567","targetHints":{"allow":["GET"]}}],"collection":[{"href":"https:\/\/roveyayinevi.com.tr\/index.php\/wp-json\/wp\/v2\/product"}],"about":[{"href":"https:\/\/roveyayinevi.com.tr\/index.php\/wp-json\/wp\/v2\/types\/product"}],"wp:attachment":[{"href":"https:\/\/roveyayinevi.com.tr\/index.php\/wp-json\/wp\/v2\/media?parent=777567"}],"wp:term":[{"taxonomy":"product_brand","embeddable":true,"href":"https:\/\/roveyayinevi.com.tr\/index.php\/wp-json\/wp\/v2\/product_brand?post=777567"},{"taxonomy":"product_cat","embeddable":true,"href":"https:\/\/roveyayinevi.com.tr\/index.php\/wp-json\/wp\/v2\/product_cat?post=777567"},{"taxonomy":"product_tag","embeddable":true,"href":"https:\/\/roveyayinevi.com.tr\/index.php\/wp-json\/wp\/v2\/product_tag?post=777567"}],"curies":[{"name":"wp","href":"https:\/\/api.w.org\/{rel}","templated":true}]}}