{"id":777562,"date":"2025-10-18T00:24:10","date_gmt":"2025-10-17T21:24:10","guid":{"rendered":"https:\/\/roveyayinevi.com.tr\/index.php\/urun\/iki-dilli-ingilizce-turkce-nat-the-narwhal-narval-nat-ingilizce-ogreniyorum\/"},"modified":"2026-04-15T03:43:15","modified_gmt":"2026-04-15T00:43:15","slug":"iki-dilli-ingilizce-turkce-nat-the-narwhal-narval-nat-ingilizce-ogreniyorum","status":"publish","type":"product","link":"https:\/\/roveyayinevi.com.tr\/index.php\/urun\/iki-dilli-ingilizce-turkce-nat-the-narwhal-narval-nat-ingilizce-ogreniyorum\/","title":{"rendered":"\u0130ki Dilli: \u0130ngilizce-T\u00fcrk\u00e7e Nat The Narwhal \/ Narval Nat \u0130ngilizce \u00d6\u011freniyorum"},"content":{"rendered":"<p>Nat the narwhal really wants to know what his tusk is for. One day Nat and his friend Belora set off on a journey through the cracks in the ice to find out.Narval Nat boynuzunun ne i\u015fe yarad\u0131\u011f\u0131n\u0131 bilmeyi \u00e7ok istiyordu. Bir g\u00fcn Nat ve arkada\u015f\u0131 Belora bunu \u00f6\u011frenmek i\u00e7in buzlar\u0131n aras\u0131ndaki \u00e7atlaklardan denize a\u00e7\u0131ld\u0131lar.<\/p>\n","protected":false},"excerpt":{"rendered":"<p>Nat the narwhal really wants to know what his tusk is for. One day Nat and his friend Belora set off on a journey through the<span class=\"excerpt-hellip\"> [\u2026]<\/span><\/p>\n","protected":false},"featured_media":0,"template":"","meta":{"_monsterinsights_skip_tracking":false,"_monsterinsights_sitenote_active":false,"_monsterinsights_sitenote_note":"","_monsterinsights_sitenote_category":0},"product_brand":[],"product_cat":[12274,12518],"product_tag":[],"class_list":{"0":"post-777562","1":"product","2":"type-product","3":"status-publish","5":"product_cat-cocuk-ve-genclik-kitaplari","6":"product_cat-okul-oncesi-kitaplar","7":"pa_cilt-ciltsiz","8":"pa_tur-kitap","9":"pa_yayinevi-koc-universitesi-yayinlari","10":"pa_yazar-catherine-veitch","12":"first","13":"instock","14":"sale","15":"shipping-taxable","16":"purchasable","17":"product-type-simple"},"_links":{"self":[{"href":"https:\/\/roveyayinevi.com.tr\/index.php\/wp-json\/wp\/v2\/product\/777562","targetHints":{"allow":["GET"]}}],"collection":[{"href":"https:\/\/roveyayinevi.com.tr\/index.php\/wp-json\/wp\/v2\/product"}],"about":[{"href":"https:\/\/roveyayinevi.com.tr\/index.php\/wp-json\/wp\/v2\/types\/product"}],"wp:attachment":[{"href":"https:\/\/roveyayinevi.com.tr\/index.php\/wp-json\/wp\/v2\/media?parent=777562"}],"wp:term":[{"taxonomy":"product_brand","embeddable":true,"href":"https:\/\/roveyayinevi.com.tr\/index.php\/wp-json\/wp\/v2\/product_brand?post=777562"},{"taxonomy":"product_cat","embeddable":true,"href":"https:\/\/roveyayinevi.com.tr\/index.php\/wp-json\/wp\/v2\/product_cat?post=777562"},{"taxonomy":"product_tag","embeddable":true,"href":"https:\/\/roveyayinevi.com.tr\/index.php\/wp-json\/wp\/v2\/product_tag?post=777562"}],"curies":[{"name":"wp","href":"https:\/\/api.w.org\/{rel}","templated":true}]}}