{"id":777561,"date":"2025-10-18T00:24:08","date_gmt":"2025-10-17T21:24:08","guid":{"rendered":"https:\/\/roveyayinevi.com.tr\/index.php\/urun\/iki-dilli-ingilizce-turkce-snow-stories-little-wolf-kar-hikayeleri-minik-kurt-ingilizce-ogreniyorum\/"},"modified":"2026-04-15T03:43:15","modified_gmt":"2026-04-15T00:43:15","slug":"iki-dilli-ingilizce-turkce-snow-stories-little-wolf-kar-hikayeleri-minik-kurt-ingilizce-ogreniyorum","status":"publish","type":"product","link":"https:\/\/roveyayinevi.com.tr\/index.php\/urun\/iki-dilli-ingilizce-turkce-snow-stories-little-wolf-kar-hikayeleri-minik-kurt-ingilizce-ogreniyorum\/","title":{"rendered":"\u0130ki Dilli: \u0130ngilizce-T\u00fcrk\u00e7e Snow Stories \u2013 Little Wolf \/ Kar Hik\u00e2yeleri \u2013 Minik Kurt \u0130ngilizce \u00d6\u011freniyorum"},"content":{"rendered":"<p>Little Wolf was is too young to explore her forest home. But one evening when the wolf pack goes hunting, she decided to have an adventure of her own. Minik Kurt ya\u015fad\u0131\u011f\u0131 orman\u0131 ke\u015ffetmek i\u00e7in daha \u00e7ok k\u00fc\u00e7\u00fckt\u00fc. Ama bir ak\u015fam, kurt s\u00fcr\u00fcs\u00fc avlanmaya gitti\u011finde o da kendi maceras\u0131n\u0131 ya\u015famaya karar verdi.<\/p>\n","protected":false},"excerpt":{"rendered":"<p>Little Wolf was is too young to explore her forest home. But one evening when the wolf pack goes hunting, she decided to have an adventure<span class=\"excerpt-hellip\"> [\u2026]<\/span><\/p>\n","protected":false},"featured_media":0,"template":"","meta":{"_monsterinsights_skip_tracking":false,"_monsterinsights_sitenote_active":false,"_monsterinsights_sitenote_note":"","_monsterinsights_sitenote_category":0},"product_brand":[],"product_cat":[12274,12518],"product_tag":[],"class_list":{"0":"post-777561","1":"product","2":"type-product","3":"status-publish","5":"product_cat-cocuk-ve-genclik-kitaplari","6":"product_cat-okul-oncesi-kitaplar","7":"pa_cilt-ciltsiz","8":"pa_tur-kitap","9":"pa_yayinevi-koc-universitesi-yayinlari","10":"pa_yazar-catherine-veitch","12":"first","13":"instock","14":"sale","15":"shipping-taxable","16":"purchasable","17":"product-type-simple"},"_links":{"self":[{"href":"https:\/\/roveyayinevi.com.tr\/index.php\/wp-json\/wp\/v2\/product\/777561","targetHints":{"allow":["GET"]}}],"collection":[{"href":"https:\/\/roveyayinevi.com.tr\/index.php\/wp-json\/wp\/v2\/product"}],"about":[{"href":"https:\/\/roveyayinevi.com.tr\/index.php\/wp-json\/wp\/v2\/types\/product"}],"wp:attachment":[{"href":"https:\/\/roveyayinevi.com.tr\/index.php\/wp-json\/wp\/v2\/media?parent=777561"}],"wp:term":[{"taxonomy":"product_brand","embeddable":true,"href":"https:\/\/roveyayinevi.com.tr\/index.php\/wp-json\/wp\/v2\/product_brand?post=777561"},{"taxonomy":"product_cat","embeddable":true,"href":"https:\/\/roveyayinevi.com.tr\/index.php\/wp-json\/wp\/v2\/product_cat?post=777561"},{"taxonomy":"product_tag","embeddable":true,"href":"https:\/\/roveyayinevi.com.tr\/index.php\/wp-json\/wp\/v2\/product_tag?post=777561"}],"curies":[{"name":"wp","href":"https:\/\/api.w.org\/{rel}","templated":true}]}}