{"id":777560,"date":"2025-10-18T00:24:06","date_gmt":"2025-10-17T21:24:06","guid":{"rendered":"https:\/\/roveyayinevi.com.tr\/index.php\/urun\/iki-dilli-ingilizce-turkce-snow-stories-ollie-the-owl-kar-hikayeleri-baykus-ollie-ingilizce-ogreniyorum\/"},"modified":"2026-04-15T03:43:15","modified_gmt":"2026-04-15T00:43:15","slug":"iki-dilli-ingilizce-turkce-snow-stories-ollie-the-owl-kar-hikayeleri-baykus-ollie-ingilizce-ogreniyorum","status":"publish","type":"product","link":"https:\/\/roveyayinevi.com.tr\/index.php\/urun\/iki-dilli-ingilizce-turkce-snow-stories-ollie-the-owl-kar-hikayeleri-baykus-ollie-ingilizce-ogreniyorum\/","title":{"rendered":"\u0130ki Dilli: \u0130ngilizce -T\u00fcrk\u00e7e Snow Stories \u2013 Ollie The Owl \/ Kar Hik\u00e2yeleri \u2013 Bayku\u015f Ollie \u0130ngilizce \u00d6\u011freniyorum"},"content":{"rendered":"<p>Ollie the owl is the best hunter in the forest. But when another owl moves in, Ollie must learn that the forest is big enough for both of them. Bayku\u015f Ollie ormandaki en iyi avc\u0131yd\u0131. Ba\u015fka bir bayku\u015f daha gelince, Ollie orman\u0131n ikisine de yetecek kadar b\u00fcy\u00fck oldu\u011funu \u00f6\u011frenmek zorunda kald\u0131.<\/p>\n","protected":false},"excerpt":{"rendered":"<p>Ollie the owl is the best hunter in the forest. But when another owl moves in, Ollie must learn that the forest is big enough for<span class=\"excerpt-hellip\"> [\u2026]<\/span><\/p>\n","protected":false},"featured_media":0,"template":"","meta":{"_monsterinsights_skip_tracking":false,"_monsterinsights_sitenote_active":false,"_monsterinsights_sitenote_note":"","_monsterinsights_sitenote_category":0},"product_brand":[],"product_cat":[12274,12518],"product_tag":[],"class_list":{"0":"post-777560","1":"product","2":"type-product","3":"status-publish","5":"product_cat-cocuk-ve-genclik-kitaplari","6":"product_cat-okul-oncesi-kitaplar","7":"pa_cilt-ciltsiz","8":"pa_tur-kitap","9":"pa_yayinevi-koc-universitesi-yayinlari","10":"pa_yazar-catherine-veitch","12":"first","13":"instock","14":"sale","15":"shipping-taxable","16":"purchasable","17":"product-type-simple"},"_links":{"self":[{"href":"https:\/\/roveyayinevi.com.tr\/index.php\/wp-json\/wp\/v2\/product\/777560","targetHints":{"allow":["GET"]}}],"collection":[{"href":"https:\/\/roveyayinevi.com.tr\/index.php\/wp-json\/wp\/v2\/product"}],"about":[{"href":"https:\/\/roveyayinevi.com.tr\/index.php\/wp-json\/wp\/v2\/types\/product"}],"wp:attachment":[{"href":"https:\/\/roveyayinevi.com.tr\/index.php\/wp-json\/wp\/v2\/media?parent=777560"}],"wp:term":[{"taxonomy":"product_brand","embeddable":true,"href":"https:\/\/roveyayinevi.com.tr\/index.php\/wp-json\/wp\/v2\/product_brand?post=777560"},{"taxonomy":"product_cat","embeddable":true,"href":"https:\/\/roveyayinevi.com.tr\/index.php\/wp-json\/wp\/v2\/product_cat?post=777560"},{"taxonomy":"product_tag","embeddable":true,"href":"https:\/\/roveyayinevi.com.tr\/index.php\/wp-json\/wp\/v2\/product_tag?post=777560"}],"curies":[{"name":"wp","href":"https:\/\/api.w.org\/{rel}","templated":true}]}}