{"id":777554,"date":"2025-10-18T00:23:48","date_gmt":"2025-10-17T21:23:48","guid":{"rendered":"https:\/\/roveyayinevi.com.tr\/index.php\/urun\/agac-hayvan-ve-insan\/"},"modified":"2026-04-15T03:43:14","modified_gmt":"2026-04-15T00:43:14","slug":"agac-hayvan-ve-insan","status":"publish","type":"product","link":"https:\/\/roveyayinevi.com.tr\/index.php\/urun\/agac-hayvan-ve-insan\/","title":{"rendered":"A\u011fa\u00e7, Hayvan ve \u0130nsan"},"content":{"rendered":"<p>Bu kitap, do\u011fan\u0131n \u00e7\u0131\u011fl\u0131\u011f\u0131n\u0131 duymak isteyen herkese bir \u00e7a\u011fr\u0131d\u0131r\u2026 K\u00fcresel \u0131s\u0131nma, kurakl\u0131k, \u00e7evre kirlili\u011fi, sava\u015flar ve bilin\u00e7sizce t\u00fcketilen do\u011fal kaynaklar\u2026 Hepsi bir araya geldi\u011finde sadece insanlar de\u011fil, t\u00fcm canl\u0131lar tehdit alt\u0131ndad\u0131r. Yazar Tufan Ya\u011fma, bu eserinde do\u011fay\u0131; bir a\u011fac\u0131n g\u00f6vdesinden, bir leyle\u011fin kanad\u0131ndan, bir kaplumba\u011fan\u0131n kabu\u011fundan anlat\u0131yor. Ormanlar\u0131n ortas\u0131nda kalan bir Koca A\u011fa\u00e7, kutuplarda yavrular\u0131n\u0131 korumaya \u00e7al\u0131\u015fan bir kutup ay\u0131s\u0131, yumurtlayacak temiz bir sahil arayan deniz kaplumba\u011fas\u0131, ya\u015fama tutunmaya \u00e7al\u0131\u015fan ku\u015flar, geyikler, sincaplar, kurtlar\u2026 Hayal ile ger\u00e7e\u011fin i\u00e7 i\u00e7e ge\u00e7ti\u011fi bu hik\u00e2yelerde; \u00e7ocuklar i\u00e7in empati, do\u011fa sevgisi ve \u00e7evre bilinci kazand\u0131rmay\u0131 ama\u00e7layan samimi, yer yer mizahi, yer yer h\u00fcz\u00fcnl\u00fc anlat\u0131mlar sizi bekliyor. Sadece bir kitap de\u011fil, gelece\u011fe at\u0131lan vicdanl\u0131 bir bak\u0131\u015f\u2026 \u201cDo\u011fa bir g\u00fcn bizim dilimizden de\u011fil, kendi dilinden konu\u015facak.\u201d Uyanmak i\u00e7in ge\u00e7 olmadan okuyun\u2026 \u00c7\u00fcnk\u00fc do\u011fada ya\u015fam t\u00fckeniyor. <\/p>\n","protected":false},"excerpt":{"rendered":"<p>Bu kitap, do\u011fan\u0131n \u00e7\u0131\u011fl\u0131\u011f\u0131n\u0131 duymak isteyen herkese bir \u00e7a\u011fr\u0131d\u0131r\u2026 K\u00fcresel \u0131s\u0131nma, kurakl\u0131k, \u00e7evre kirlili\u011fi, sava\u015flar ve bilin\u00e7sizce t\u00fcketilen do\u011fal kaynaklar\u2026 Hepsi bir araya geldi\u011finde sadece insanlar<span class=\"excerpt-hellip\"> [\u2026]<\/span><\/p>\n","protected":false},"featured_media":0,"template":"","meta":{"_monsterinsights_skip_tracking":false,"_monsterinsights_sitenote_active":false,"_monsterinsights_sitenote_note":"","_monsterinsights_sitenote_category":0},"product_brand":[],"product_cat":[12291,18202],"product_tag":[],"class_list":{"0":"post-777554","1":"product","2":"type-product","3":"status-publish","5":"product_cat-edebiyat","6":"product_cat-hikaye","7":"pa_cilt-ciltsiz","8":"pa_tur-kitap","9":"pa_yayinevi-kitap-muptelasi-yayinlari","10":"pa_yazar-tufan-yagma","12":"first","13":"instock","14":"sale","15":"shipping-taxable","16":"purchasable","17":"product-type-simple"},"_links":{"self":[{"href":"https:\/\/roveyayinevi.com.tr\/index.php\/wp-json\/wp\/v2\/product\/777554","targetHints":{"allow":["GET"]}}],"collection":[{"href":"https:\/\/roveyayinevi.com.tr\/index.php\/wp-json\/wp\/v2\/product"}],"about":[{"href":"https:\/\/roveyayinevi.com.tr\/index.php\/wp-json\/wp\/v2\/types\/product"}],"wp:attachment":[{"href":"https:\/\/roveyayinevi.com.tr\/index.php\/wp-json\/wp\/v2\/media?parent=777554"}],"wp:term":[{"taxonomy":"product_brand","embeddable":true,"href":"https:\/\/roveyayinevi.com.tr\/index.php\/wp-json\/wp\/v2\/product_brand?post=777554"},{"taxonomy":"product_cat","embeddable":true,"href":"https:\/\/roveyayinevi.com.tr\/index.php\/wp-json\/wp\/v2\/product_cat?post=777554"},{"taxonomy":"product_tag","embeddable":true,"href":"https:\/\/roveyayinevi.com.tr\/index.php\/wp-json\/wp\/v2\/product_tag?post=777554"}],"curies":[{"name":"wp","href":"https:\/\/api.w.org\/{rel}","templated":true}]}}