{"id":777552,"date":"2025-10-18T00:23:44","date_gmt":"2025-10-17T21:23:44","guid":{"rendered":"https:\/\/roveyayinevi.com.tr\/index.php\/urun\/canavarlarin-vaatleri\/"},"modified":"2026-04-15T03:43:14","modified_gmt":"2026-04-15T00:43:14","slug":"canavarlarin-vaatleri","status":"publish","type":"product","link":"https:\/\/roveyayinevi.com.tr\/index.php\/urun\/canavarlarin-vaatleri\/","title":{"rendered":"Canavarlar\u0131n Vaatleri"},"content":{"rendered":"<p>G\u00fcn\u00fcm\u00fcz\u00fcn edebiyat ele\u015ftirisi yak\u0131n d\u00f6nemin metinlerine bakarken yeni okuma y\u00f6ntemleri ku\u015fanmak zorunda. Ezgi Hamza\u00e7ebi de \u201cfeminist spek\u00fclatif kurmaca\u201d ba\u015fl\u0131\u011f\u0131 alt\u0131nda toplad\u0131\u011f\u0131, \u00e7o\u011fu 1990\u2019dan sonra yay\u0131mlanm\u0131\u015f eserlere \u201cmusallatbilim\u201din, posth\u00fcmanist ve yeni materyalist teorilerin merce\u011finden bak\u0131yor. Suat Dervi\u015f\u2019in Buhran Gecesi\u2019nden Nazl\u0131 Karab\u0131y\u0131ko\u011flu\u2019nun Kad\u0131n K\u00fcrk\u00fcnde R\u00fcya\u2019s\u0131na uzanan yakla\u015f\u0131k y\u00fcz y\u0131ll\u0131k d\u00f6nemde \u201cbiz\u201d olman\u0131n sorunsalla\u015ft\u0131r\u0131ld\u0131\u011f\u0131, \u201cben\u201d derken \u00f6tekine duyulan etik duyarl\u0131l\u0131\u011f\u0131n karakterlere ya da anlat\u0131c\u0131ya musallat oldu\u011fu metinleri ele al\u0131yor. Bu metinlere musallat olan canavar ve hayaletlerin vaat ettikleri etik ve politik potansiyeller ile edebi temsil d\u00fczleminin bu vaatleri ger\u00e7ekle\u015ftirme olanaklar\u0131n\u0131 ve k\u0131s\u0131tlar\u0131n\u0131 tart\u0131\u015f\u0131yor. Canavar tasavvurlar\u0131 insan d\u0131\u015f\u0131 d\u00fcnyaya, kad\u0131nlara ve kuirlere ili\u015fkin olarak toplumda yer etmi\u015f korku ve kayg\u0131larla ilgili ne anlat\u0131r? \u0130mk\u00e2ns\u0131z, fantastik, do\u011fa\u00fcst\u00fc olana y\u00f6nelik arzu ve korkularla ilgili ne s\u00f6ylerler? Bu arzu ve korkular \u201cbiz\u201d kategorisini nas\u0131l kurar? \u201cBiz\u201din bilgisine dair ne t\u00fcr uyar\u0131larda bulunurlar? Kimler, ne gibi \u00f6zellikleri nedeniyle \u201cbiz\u201d kategorisinden d\u0131\u015flan\u0131r? Bu t\u00fcr sorular\u0131n cevaplar\u0131n\u0131 arayan Canavarlar\u0131n Vaatleri\u2019nin, edebiyat ele\u015ftirisi ve feminizmin yan\u0131 s\u0131ra felsefeyle ilgilenen okurlar\u0131n da ilgisini \u00e7ekece\u011fine inan\u0131yoruz.<\/p>\n","protected":false},"excerpt":{"rendered":"<p>G\u00fcn\u00fcm\u00fcz\u00fcn edebiyat ele\u015ftirisi yak\u0131n d\u00f6nemin metinlerine bakarken yeni okuma y\u00f6ntemleri ku\u015fanmak zorunda. Ezgi Hamza\u00e7ebi de \u201cfeminist spek\u00fclatif kurmaca\u201d ba\u015fl\u0131\u011f\u0131 alt\u0131nda toplad\u0131\u011f\u0131, \u00e7o\u011fu 1990\u2019dan sonra yay\u0131mlanm\u0131\u015f eserlere<span class=\"excerpt-hellip\"> [\u2026]<\/span><\/p>\n","protected":false},"featured_media":0,"template":"","meta":{"_monsterinsights_skip_tracking":false,"_monsterinsights_sitenote_active":false,"_monsterinsights_sitenote_note":"","_monsterinsights_sitenote_category":0},"product_brand":[],"product_cat":[12291,12610],"product_tag":[],"class_list":{"0":"post-777552","1":"product","2":"type-product","3":"status-publish","5":"product_cat-edebiyat","6":"product_cat-elestiri-inceleme-kuram","7":"pa_cilt-ciltsiz","8":"pa_tur-kitap","9":"pa_yayinevi-metis-yayinlari","10":"pa_yazar-ezgi-hamzacebi","12":"first","13":"instock","14":"sale","15":"shipping-taxable","16":"purchasable","17":"product-type-simple"},"_links":{"self":[{"href":"https:\/\/roveyayinevi.com.tr\/index.php\/wp-json\/wp\/v2\/product\/777552","targetHints":{"allow":["GET"]}}],"collection":[{"href":"https:\/\/roveyayinevi.com.tr\/index.php\/wp-json\/wp\/v2\/product"}],"about":[{"href":"https:\/\/roveyayinevi.com.tr\/index.php\/wp-json\/wp\/v2\/types\/product"}],"wp:attachment":[{"href":"https:\/\/roveyayinevi.com.tr\/index.php\/wp-json\/wp\/v2\/media?parent=777552"}],"wp:term":[{"taxonomy":"product_brand","embeddable":true,"href":"https:\/\/roveyayinevi.com.tr\/index.php\/wp-json\/wp\/v2\/product_brand?post=777552"},{"taxonomy":"product_cat","embeddable":true,"href":"https:\/\/roveyayinevi.com.tr\/index.php\/wp-json\/wp\/v2\/product_cat?post=777552"},{"taxonomy":"product_tag","embeddable":true,"href":"https:\/\/roveyayinevi.com.tr\/index.php\/wp-json\/wp\/v2\/product_tag?post=777552"}],"curies":[{"name":"wp","href":"https:\/\/api.w.org\/{rel}","templated":true}]}}