{"id":777550,"date":"2025-10-18T00:23:41","date_gmt":"2025-10-17T21:23:41","guid":{"rendered":"https:\/\/roveyayinevi.com.tr\/index.php\/urun\/hayal-kurma-disiplini-gorsellestir-dusun-hisset-uygula\/"},"modified":"2025-11-21T12:12:36","modified_gmt":"2025-11-21T09:12:36","slug":"hayal-kurma-disiplini-gorsellestir-dusun-hisset-uygula","status":"publish","type":"product","link":"https:\/\/roveyayinevi.com.tr\/index.php\/urun\/hayal-kurma-disiplini-gorsellestir-dusun-hisset-uygula\/","title":{"rendered":"Hayal Kurma Disiplini  G\u00f6rselle\u015ftir, D\u00fc\u015f\u00fcn, Hisset, Uygula"},"content":{"rendered":"<p>\u201cKi\u015fisel geli\u015fim d\u00fcnyas\u0131 meditasyondan g\u00fcnl\u00fck tutmaya, so\u011fuk oda terapisinden n\u00f6rolinguistik programlamaya (NLP), tapping (beden vuru\u015fu) y\u00f6nteminden nefes \u00e7al\u0131\u015fmalar\u0131na uzanan, zihne ve bedene yard\u0131mc\u0131 farkl\u0131 ara\u00e7larla, teorilerle ve uygulamalarla doludur. Bunlar\u0131n pek \u00e7o\u011funu y\u0131llard\u0131r yap\u0131yorum. Ancak b\u00fcy\u00fck \u00f6l\u00e7\u00fcde bilinmeyen ya da daha az anla\u015f\u0131lan bir teknik var ki ben bunun en g\u00fc\u00e7l\u00fc zihinsel e\u011fitim tekniklerinden biri oldu\u011funu iddia ediyorum.\u201d Hayal Kurma Disiplini, zihnimizde ve bedenimizde canl\u0131 g\u00f6r\u00fcnt\u00fcler, ortamlar ve duygular yaratmak i\u00e7in hayal g\u00fcc\u00fcm\u00fcz\u00fc kullanaca\u011f\u0131m\u0131z \u00f6zel bir g\u00f6rselle\u015ftirme tekni\u011fi \u00fczerine. T\u00fcm duyular\u0131n\u0131z\u0131n devrede oldu\u011fu bu teknik ile d\u00fc\u015f\u00fcncelerinizi, duygular\u0131n\u0131z\u0131 ve eylemlerinizi kendi iradenizle y\u00f6netebilir, basit uygulamalarla tutumunuzu ve ya\u015fama dair tecr\u00fcbelerinizi de\u011fi\u015ftirebilirsiniz. Aristoteles ve Citiumlu Zeno bunu biliyordu, g\u00fcn\u00fcm\u00fcz\u00fcn elit sporcular\u0131n\u0131 zirveye ta\u015f\u0131yan da ayn\u0131 teknik. \u201cBir ay i\u00e7inde zihnimizi, tutumumuzu ve karakterimizi ne kadar de\u011fi\u015ftirebilece\u011fimizi hafife al\u0131r\u0131z. Ne kadar \u00e7ok antrenman yaparsan\u0131z, ne kadar \u00e7ok g\u00f6rselle\u015ftirirseniz ve ilerlemenizi ne kadar \u00e7ok yans\u0131t\u0131rsan\u0131z o kadar \u00e7ok de\u011fi\u015fim g\u00f6receksiniz.\u201d<\/p>\n","protected":false},"excerpt":{"rendered":"<p>\u201cKi\u015fisel geli\u015fim d\u00fcnyas\u0131 meditasyondan g\u00fcnl\u00fck tutmaya, so\u011fuk oda terapisinden n\u00f6rolinguistik programlamaya (NLP), tapping (beden vuru\u015fu) y\u00f6nteminden nefes \u00e7al\u0131\u015fmalar\u0131na uzanan, zihne ve bedene yard\u0131mc\u0131 farkl\u0131 ara\u00e7larla, teorilerle<span class=\"excerpt-hellip\"> [\u2026]<\/span><\/p>\n","protected":false},"featured_media":0,"template":"","meta":{"_monsterinsights_skip_tracking":false,"_monsterinsights_sitenote_active":false,"_monsterinsights_sitenote_note":"","_monsterinsights_sitenote_category":0},"product_brand":[],"product_cat":[12364,12376],"product_tag":[],"class_list":{"0":"post-777550","1":"product","2":"type-product","3":"status-publish","5":"product_cat-genel-konular","6":"product_cat-kisisel-gelisim","7":"pa_cilt-ciltsiz","8":"pa_tur-kitap","9":"pa_yayinevi-literatur-yayinevi","10":"pa_yazar-maya-raichoora","12":"first","13":"instock","14":"sale","15":"shipping-taxable","16":"purchasable","17":"product-type-simple"},"_links":{"self":[{"href":"https:\/\/roveyayinevi.com.tr\/index.php\/wp-json\/wp\/v2\/product\/777550","targetHints":{"allow":["GET"]}}],"collection":[{"href":"https:\/\/roveyayinevi.com.tr\/index.php\/wp-json\/wp\/v2\/product"}],"about":[{"href":"https:\/\/roveyayinevi.com.tr\/index.php\/wp-json\/wp\/v2\/types\/product"}],"wp:attachment":[{"href":"https:\/\/roveyayinevi.com.tr\/index.php\/wp-json\/wp\/v2\/media?parent=777550"}],"wp:term":[{"taxonomy":"product_brand","embeddable":true,"href":"https:\/\/roveyayinevi.com.tr\/index.php\/wp-json\/wp\/v2\/product_brand?post=777550"},{"taxonomy":"product_cat","embeddable":true,"href":"https:\/\/roveyayinevi.com.tr\/index.php\/wp-json\/wp\/v2\/product_cat?post=777550"},{"taxonomy":"product_tag","embeddable":true,"href":"https:\/\/roveyayinevi.com.tr\/index.php\/wp-json\/wp\/v2\/product_tag?post=777550"}],"curies":[{"name":"wp","href":"https:\/\/api.w.org\/{rel}","templated":true}]}}