{"id":777545,"date":"2025-10-18T00:23:33","date_gmt":"2025-10-17T21:23:33","guid":{"rendered":"https:\/\/roveyayinevi.com.tr\/index.php\/urun\/ac-hayaletler-diyarinda\/"},"modified":"2026-04-15T03:43:14","modified_gmt":"2026-04-15T00:43:14","slug":"ac-hayaletler-diyarinda","status":"publish","type":"product","link":"https:\/\/roveyayinevi.com.tr\/index.php\/urun\/ac-hayaletler-diyarinda\/","title":{"rendered":"A\u00e7 Hayaletler Diyar\u0131nda"},"content":{"rendered":"<p>D\u00fcnyan\u0131n en sayg\u0131n t\u0131p doktorlar\u0131ndan ve d\u00fc\u015f\u00fcn\u00fcrlerinden biri kabul edilen Dr. Gabor Mat\u00e9 A\u00e7 Hayaletler Diyar\u0131nda\u2019da s\u0131kl\u0131kla g\u00f6rmezden gelinen ya da y\u00fczle\u015fmekten ka\u00e7\u0131n\u0131lan ba\u011f\u0131ml\u0131l\u0131k konusunu masaya yat\u0131r\u0131yor. Y\u0131llar boyu uyu\u015fturucu ba\u011f\u0131ml\u0131l\u0131\u011f\u0131n\u0131n ve zihinsel rahats\u0131zl\u0131klar\u0131n pen\u00e7esinde ya\u015fayan hastalar\u0131yla \u00e7al\u0131\u015f\u0131rken edindi\u011fi tecr\u00fcbelerden s\u00fczd\u00fc\u011f\u00fc g\u00f6zlem ve bulgulara dayanarak insan geli\u015fiminin do\u011fas\u0131na dair yeni ve radikal bir perspektif sunuyor. Mat\u00e9 bu \u00f6d\u00fcll\u00fc kitab\u0131nda ger\u00e7ek ki\u015filerin tan\u0131kl\u0131klar\u0131, ufuk a\u00e7\u0131c\u0131 bilimsel ara\u015ft\u0131rma sonu\u00e7lar\u0131 ve bizzat geli\u015ftirdi\u011fi \u015fefkatli merak yakla\u015f\u0131m\u0131n\u0131n terap\u00f6tik potansiyelini bir araya getirerek ba\u011f\u0131ml\u0131l\u0131k meselesine dair panoramik bir resim \u00e7iziyor. Yazar sadece uyu\u015fturucu veya alkol de\u011fil, sigara, kumar, seks, al\u0131\u015fveri\u015f, yemek gibi pek \u00e7ok konuda \u00f6z y\u0131k\u0131ma g\u00f6t\u00fcren her t\u00fcr davran\u0131\u015f\u0131 ele al\u0131yor ve ba\u011f\u0131ml\u0131l\u0131\u011f\u0131, tedavi edilecek t\u0131bbi bir rahats\u0131zl\u0131\u011f\u0131n \u00f6tesinde ma\u011fdurun ki\u015fisel hik\u00e2yesi, duygusal geli\u015fimi ve beyin kimyas\u0131n\u0131n birle\u015fimi olarak inceliyor. Ba\u011f\u0131ml\u0131l\u0131\u011f\u0131n i\u015flevselli\u011fi, uyu\u015fturucuyla sava\u015f kampanyalar\u0131, dezavantajl\u0131 gruplarda uyu\u015fturucu madde kullan\u0131m\u0131, ma\u011fdurlara y\u00f6nelik palyatif bak\u0131m tart\u0131\u015fmalar\u0131, iyile\u015fmenin ekolojisi, kitapta yer alan di\u011fer ba\u015fl\u0131klar. Kendinizi, ba\u015fkalar\u0131n\u0131 ve d\u00fcnyay\u0131 g\u00f6rme \u015feklinizi de\u011fi\u015ftirecek bir k\u00fclt kitap.<\/p>\n","protected":false},"excerpt":{"rendered":"<p>D\u00fcnyan\u0131n en sayg\u0131n t\u0131p doktorlar\u0131ndan ve d\u00fc\u015f\u00fcn\u00fcrlerinden biri kabul edilen Dr. Gabor Mat\u00e9 A\u00e7 Hayaletler Diyar\u0131nda\u2019da s\u0131kl\u0131kla g\u00f6rmezden gelinen ya da y\u00fczle\u015fmekten ka\u00e7\u0131n\u0131lan ba\u011f\u0131ml\u0131l\u0131k konusunu masaya<span class=\"excerpt-hellip\"> [\u2026]<\/span><\/p>\n","protected":false},"featured_media":0,"template":"","meta":{"_monsterinsights_skip_tracking":false,"_monsterinsights_sitenote_active":false,"_monsterinsights_sitenote_note":"","_monsterinsights_sitenote_category":0},"product_brand":[],"product_cat":[12357],"product_tag":[],"class_list":{"0":"post-777545","1":"product","2":"type-product","3":"status-publish","5":"product_cat-psikoloji","6":"pa_cilt-ciltsiz","7":"pa_tur-kitap","8":"pa_yayinevi-iletisim-yayinlari","9":"pa_yazar-gabor-mate","11":"first","12":"instock","13":"sale","14":"shipping-taxable","15":"purchasable","16":"product-type-simple"},"_links":{"self":[{"href":"https:\/\/roveyayinevi.com.tr\/index.php\/wp-json\/wp\/v2\/product\/777545","targetHints":{"allow":["GET"]}}],"collection":[{"href":"https:\/\/roveyayinevi.com.tr\/index.php\/wp-json\/wp\/v2\/product"}],"about":[{"href":"https:\/\/roveyayinevi.com.tr\/index.php\/wp-json\/wp\/v2\/types\/product"}],"wp:attachment":[{"href":"https:\/\/roveyayinevi.com.tr\/index.php\/wp-json\/wp\/v2\/media?parent=777545"}],"wp:term":[{"taxonomy":"product_brand","embeddable":true,"href":"https:\/\/roveyayinevi.com.tr\/index.php\/wp-json\/wp\/v2\/product_brand?post=777545"},{"taxonomy":"product_cat","embeddable":true,"href":"https:\/\/roveyayinevi.com.tr\/index.php\/wp-json\/wp\/v2\/product_cat?post=777545"},{"taxonomy":"product_tag","embeddable":true,"href":"https:\/\/roveyayinevi.com.tr\/index.php\/wp-json\/wp\/v2\/product_tag?post=777545"}],"curies":[{"name":"wp","href":"https:\/\/api.w.org\/{rel}","templated":true}]}}