{"id":777539,"date":"2025-10-18T00:23:22","date_gmt":"2025-10-17T21:23:22","guid":{"rendered":"https:\/\/roveyayinevi.com.tr\/index.php\/urun\/eskimeyen-seyler\/"},"modified":"2026-04-15T03:43:14","modified_gmt":"2026-04-15T00:43:14","slug":"eskimeyen-seyler","status":"publish","type":"product","link":"https:\/\/roveyayinevi.com.tr\/index.php\/urun\/eskimeyen-seyler\/","title":{"rendered":"Eskimeyen \u015eeyler"},"content":{"rendered":"<p>Akari, evde do\u011fum g\u00fcn\u00fc haz\u0131rl\u0131klar\u0131 devam ederken dedesini almak \u00fczere seramik at\u00f6lyesine gider. Y\u0131llard\u0131r kapal\u0131 duran \u2018Eskimeyen \u015eeyler\u2019 odas\u0131n\u0131n kap\u0131s\u0131 bu sefer a\u00e7\u0131kt\u0131r. Dedesi o odada, alt\u0131n tozuyla onar\u0131lm\u0131\u015f vazolar\u0131n aras\u0131ndad\u0131r. Akari\u2019yi ilk anda tan\u0131yamasa da dokundu\u011fu her serami\u011fin hikayesiyle haf\u0131zas\u0131 ayd\u0131nlan\u0131r. Elif Ye\u015filda\u011f\u2019\u0131n yazd\u0131\u011f\u0131 Elif Onat\u2019\u0131n resimledi\u011fi Eskimeyen \u015eeyler, Semra G\u00fcltekin edit\u00f6rl\u00fc\u011f\u00fcnde haz\u0131rland\u0131 ve an\u0131lar ile sevginin hi\u00e7 eskimedi\u011fini dokunakl\u0131 bir \u015fekilde anlat\u0131yor. <\/p>\n","protected":false},"excerpt":{"rendered":"<p>Akari, evde do\u011fum g\u00fcn\u00fc haz\u0131rl\u0131klar\u0131 devam ederken dedesini almak \u00fczere seramik at\u00f6lyesine gider. Y\u0131llard\u0131r kapal\u0131 duran \u2018Eskimeyen \u015eeyler\u2019 odas\u0131n\u0131n kap\u0131s\u0131 bu sefer a\u00e7\u0131kt\u0131r. Dedesi o odada,<span class=\"excerpt-hellip\"> [\u2026]<\/span><\/p>\n","protected":false},"featured_media":0,"template":"","meta":{"_monsterinsights_skip_tracking":false,"_monsterinsights_sitenote_active":false,"_monsterinsights_sitenote_note":"","_monsterinsights_sitenote_category":0},"product_brand":[],"product_cat":[12274,12284],"product_tag":[],"class_list":{"0":"post-777539","1":"product","2":"type-product","3":"status-publish","5":"product_cat-cocuk-ve-genclik-kitaplari","6":"product_cat-hikayeler","7":"pa_cilt-ciltsiz","8":"pa_tur-kitap","9":"pa_yayinevi-potikare-yayincilik","10":"pa_yazar-elif-yesildag","12":"first","13":"instock","14":"sale","15":"shipping-taxable","16":"purchasable","17":"product-type-simple"},"_links":{"self":[{"href":"https:\/\/roveyayinevi.com.tr\/index.php\/wp-json\/wp\/v2\/product\/777539","targetHints":{"allow":["GET"]}}],"collection":[{"href":"https:\/\/roveyayinevi.com.tr\/index.php\/wp-json\/wp\/v2\/product"}],"about":[{"href":"https:\/\/roveyayinevi.com.tr\/index.php\/wp-json\/wp\/v2\/types\/product"}],"wp:attachment":[{"href":"https:\/\/roveyayinevi.com.tr\/index.php\/wp-json\/wp\/v2\/media?parent=777539"}],"wp:term":[{"taxonomy":"product_brand","embeddable":true,"href":"https:\/\/roveyayinevi.com.tr\/index.php\/wp-json\/wp\/v2\/product_brand?post=777539"},{"taxonomy":"product_cat","embeddable":true,"href":"https:\/\/roveyayinevi.com.tr\/index.php\/wp-json\/wp\/v2\/product_cat?post=777539"},{"taxonomy":"product_tag","embeddable":true,"href":"https:\/\/roveyayinevi.com.tr\/index.php\/wp-json\/wp\/v2\/product_tag?post=777539"}],"curies":[{"name":"wp","href":"https:\/\/api.w.org\/{rel}","templated":true}]}}