{"id":777537,"date":"2025-10-18T00:23:09","date_gmt":"2025-10-17T21:23:09","guid":{"rendered":"https:\/\/roveyayinevi.com.tr\/index.php\/urun\/akademiname-akademi-yolcusuna-ogutler\/"},"modified":"2026-04-15T03:43:13","modified_gmt":"2026-04-15T00:43:13","slug":"akademiname-akademi-yolcusuna-ogutler","status":"publish","type":"product","link":"https:\/\/roveyayinevi.com.tr\/index.php\/urun\/akademiname-akademi-yolcusuna-ogutler\/","title":{"rendered":"Akademiname Akademi Yolcusuna \u00d6\u011f\u00fctler"},"content":{"rendered":"<p>Akademi yolculu\u011funun ba\u015flar\u0131nda her \u015fey \u00e7ok kar\u0131\u015f\u0131k g\u00f6r\u00fcn\u00fcr insana. Y\u00fcr\u00fcnmesi gereken yol, ba\u015fka mesleklerde oldu\u011fu gibi a\u015fik\u00e2r, g\u00fczerg\u00e2h\u0131n s\u0131n\u0131rlar\u0131 belirli ve menzil \u00e7ok net de\u011fildir. Ufuk belli belirsiz, alacakaranl\u0131kt\u0131r adeta. B\u00f6yle bir yolculu\u011fa \u00e7\u0131kma iste\u011finin olup olmad\u0131\u011f\u0131 da \u00e7o\u011fu kez me\u00e7huld\u00fcr. B\u00f6yle durumlarda \u00f6nceki tecr\u00fcbelere, akademik bir rehberli\u011fe fazlas\u0131yla ihtiya\u00e7 vard\u0131r. Akademi yolculu\u011funun g\u00fclleri-dikenleri, akademisyenli\u011fin gerekleri nelerdir? Tez konular\u0131 nas\u0131l belirlenir, bir tez nas\u0131l yaz\u0131l\u0131r, bir konu nas\u0131l \u00e7al\u0131\u015f\u0131l\u0131r? Ne \u00e7al\u0131\u015fmal\u0131, ne zaman \u00e7al\u0131\u015fmal\u0131, nerede \u00e7al\u0131\u015fmal\u0131? \u00c7al\u0131\u015f\u0131rken nas\u0131l bir perspektife sahip olmal\u0131? Sadece Bat\u0131 akademisi\/paradigmas\u0131 i\u00e7in ve i\u00e7inden \u00e7al\u0131\u015fmak ne t\u00fcr sonu\u00e7lar \u00fcretebilir? Bu ba\u011flamda bu \u00e7al\u0131\u015fman\u0131n amac\u0131 akademisyenlik kuma\u015f\u0131na sahip nitelikli bireyleri akademiye y\u00f6nlendirmek, daha faydal\u0131 konular \u00e7al\u0131\u015f\u0131lmas\u0131na katk\u0131 vermek, kar\u015f\u0131la\u015f\u0131lacak akademik zorluklar\u0131n \u00e7\u00f6z\u00fcm\u00fcne yard\u0131mc\u0131 olmak, daha iyi bir akademi ve bilim d\u00fcnyas\u0131 i\u00e7in baz\u0131 \u00f6nerilerde bulunmakt\u0131r. \u00c7al\u0131\u015fman\u0131n hedef kitlesi akademisyenlik mesle\u011finin kendilerine uygun olup olmad\u0131\u011f\u0131 \u00fczerine d\u00fc\u015f\u00fcnenler, kariyer plan\u0131 yapanlar, kariyer aray\u0131\u015f\u0131 i\u00e7inde olanlar, y\u00fcksek lisans ve doktora a\u015famas\u0131ndaki gen\u00e7 akademisyenler, gen\u00e7 b\u00fcrokratlar, konusunu belirlemede zorlananlar, hali haz\u0131rda akademi yolculu\u011funda olanlar, dolay\u0131s\u0131yla t\u00fcm akademisyenler ile akademi\/syen d\u00fcnyas\u0131na, akademik bir bak\u0131\u015fa ilgi duyan herkestir. Akademin\u00e2me, akademisyenlik mesle\u011fine uygun nitelikte olanlar\u0131n daha fazla akademiye y\u00f6nelmesine; sadece Bat\u0131 (gelecekte belki Do\u011fu, G\u00fcney, Kuzey) merkezli monolitik ve edilgen bir pozisyon al\u0131\u015f\u0131 a\u015farak, i\u00e7inden \u00e7\u0131kt\u0131\u011f\u0131 medeniyetin\/toplumun birikiminin de fark\u0131nda olarak insanl\u0131\u011f\u0131n k\u00fcresel bilgi havuzuna daha fazla bilgi aktarma aray\u0131\u015f\u0131nda bir i\u015f yap\u0131\u015f ve bak\u0131\u015f tarz\u0131yla, \u00e7ok merkezli, \u00e7ok boyutlu ve \u00e7ok y\u00f6nl\u00fc bir akademik yakla\u015f\u0131ma katk\u0131 sunabilirse ne mutlu bana. <\/p>\n","protected":false},"excerpt":{"rendered":"<p>Akademi yolculu\u011funun ba\u015flar\u0131nda her \u015fey \u00e7ok kar\u0131\u015f\u0131k g\u00f6r\u00fcn\u00fcr insana. Y\u00fcr\u00fcnmesi gereken yol, ba\u015fka mesleklerde oldu\u011fu gibi a\u015fik\u00e2r, g\u00fczerg\u00e2h\u0131n s\u0131n\u0131rlar\u0131 belirli ve menzil \u00e7ok net de\u011fildir. Ufuk<span class=\"excerpt-hellip\"> [\u2026]<\/span><\/p>\n","protected":false},"featured_media":0,"template":"","meta":{"_monsterinsights_skip_tracking":false,"_monsterinsights_sitenote_active":false,"_monsterinsights_sitenote_note":"","_monsterinsights_sitenote_category":0},"product_brand":[],"product_cat":[12573,12566],"product_tag":[],"class_list":{"0":"post-777537","1":"product","2":"type-product","3":"status-publish","5":"product_cat-akademik-kitaplar","6":"product_cat-egitim","7":"pa_cilt-ciltsiz","8":"pa_tur-kitap","9":"pa_yayinevi-liberte-yayinlari","10":"pa_yazar-kudret-bulbul","12":"first","13":"instock","14":"sale","15":"shipping-taxable","16":"purchasable","17":"product-type-simple"},"_links":{"self":[{"href":"https:\/\/roveyayinevi.com.tr\/index.php\/wp-json\/wp\/v2\/product\/777537","targetHints":{"allow":["GET"]}}],"collection":[{"href":"https:\/\/roveyayinevi.com.tr\/index.php\/wp-json\/wp\/v2\/product"}],"about":[{"href":"https:\/\/roveyayinevi.com.tr\/index.php\/wp-json\/wp\/v2\/types\/product"}],"wp:attachment":[{"href":"https:\/\/roveyayinevi.com.tr\/index.php\/wp-json\/wp\/v2\/media?parent=777537"}],"wp:term":[{"taxonomy":"product_brand","embeddable":true,"href":"https:\/\/roveyayinevi.com.tr\/index.php\/wp-json\/wp\/v2\/product_brand?post=777537"},{"taxonomy":"product_cat","embeddable":true,"href":"https:\/\/roveyayinevi.com.tr\/index.php\/wp-json\/wp\/v2\/product_cat?post=777537"},{"taxonomy":"product_tag","embeddable":true,"href":"https:\/\/roveyayinevi.com.tr\/index.php\/wp-json\/wp\/v2\/product_tag?post=777537"}],"curies":[{"name":"wp","href":"https:\/\/api.w.org\/{rel}","templated":true}]}}