{"id":777536,"date":"2025-10-17T21:11:20","date_gmt":"2025-10-17T18:11:20","guid":{"rendered":"https:\/\/roveyayinevi.com.tr\/index.php\/urun\/fil-muzigi\/"},"modified":"2026-04-16T03:00:20","modified_gmt":"2026-04-16T00:00:20","slug":"fil-muzigi","status":"publish","type":"product","link":"https:\/\/roveyayinevi.com.tr\/index.php\/urun\/fil-muzigi\/","title":{"rendered":"Fil M\u00fczi\u011fi"},"content":{"rendered":"<p>Ormandaki b\u00fct\u00fcn hayvanlar m\u00fczi\u011fi \u00e7ok seviyormu\u015f, her birinin \u00e7alabildi\u011fi bir m\u00fczik aleti varm\u0131\u015f. Yani Fil Edi\u2019yi saymazsak. Edi ne zaman bir m\u00fczik aleti \u00e7almay\u0131 denese sonunda aleti k\u0131r\u0131yor ve her \u015feyi berbat ediyormu\u015f. Bu y\u00fczden de Edi\u2019nin yaln\u0131zca dinlemesine izin veriliyormu\u015f, tabii o da arkada\u015flar\u0131n\u0131n hi\u00e7bir konserini ka\u00e7\u0131rm\u0131yormu\u015f. Ama bir g\u00fcn beklenmedik bir \u015fey olmu\u015f\u2026 Monika Filipina\u2019dan, yeteneklerimizi ke\u015ffetmeye ve tak\u0131m olmaya dair muzip bir hik\u00e2ye! <\/p>\n","protected":false},"excerpt":{"rendered":"<p>Ormandaki b\u00fct\u00fcn hayvanlar m\u00fczi\u011fi \u00e7ok seviyormu\u015f, her birinin \u00e7alabildi\u011fi bir m\u00fczik aleti varm\u0131\u015f. Yani Fil Edi\u2019yi saymazsak. Edi ne zaman bir m\u00fczik aleti \u00e7almay\u0131 denese sonunda<span class=\"excerpt-hellip\"> [\u2026]<\/span><\/p>\n","protected":false},"featured_media":0,"template":"","meta":{"_monsterinsights_skip_tracking":false,"_monsterinsights_sitenote_active":false,"_monsterinsights_sitenote_note":"","_monsterinsights_sitenote_category":0},"product_brand":[],"product_cat":[12274,12284],"product_tag":[],"class_list":{"0":"post-777536","1":"product","2":"type-product","3":"status-publish","5":"product_cat-cocuk-ve-genclik-kitaplari","6":"product_cat-hikayeler","7":"pa_cilt-ciltsiz","8":"pa_tur-kitap","9":"pa_yayinevi-yapi-kredi-yayinlari","10":"pa_yazar-monika-filipina","12":"first","13":"instock","14":"sale","15":"shipping-taxable","16":"purchasable","17":"product-type-simple"},"_links":{"self":[{"href":"https:\/\/roveyayinevi.com.tr\/index.php\/wp-json\/wp\/v2\/product\/777536","targetHints":{"allow":["GET"]}}],"collection":[{"href":"https:\/\/roveyayinevi.com.tr\/index.php\/wp-json\/wp\/v2\/product"}],"about":[{"href":"https:\/\/roveyayinevi.com.tr\/index.php\/wp-json\/wp\/v2\/types\/product"}],"wp:attachment":[{"href":"https:\/\/roveyayinevi.com.tr\/index.php\/wp-json\/wp\/v2\/media?parent=777536"}],"wp:term":[{"taxonomy":"product_brand","embeddable":true,"href":"https:\/\/roveyayinevi.com.tr\/index.php\/wp-json\/wp\/v2\/product_brand?post=777536"},{"taxonomy":"product_cat","embeddable":true,"href":"https:\/\/roveyayinevi.com.tr\/index.php\/wp-json\/wp\/v2\/product_cat?post=777536"},{"taxonomy":"product_tag","embeddable":true,"href":"https:\/\/roveyayinevi.com.tr\/index.php\/wp-json\/wp\/v2\/product_tag?post=777536"}],"curies":[{"name":"wp","href":"https:\/\/api.w.org\/{rel}","templated":true}]}}