{"id":777528,"date":"2025-10-17T11:45:22","date_gmt":"2025-10-17T08:45:22","guid":{"rendered":"https:\/\/roveyayinevi.com.tr\/index.php\/urun\/tarihi-turk-baskentleri\/"},"modified":"2026-04-15T03:43:36","modified_gmt":"2026-04-15T00:43:36","slug":"tarihi-turk-baskentleri","status":"publish","type":"product","link":"https:\/\/roveyayinevi.com.tr\/index.php\/urun\/tarihi-turk-baskentleri\/","title":{"rendered":"Tarihi T\u00fcrk Ba\u015fkentleri"},"content":{"rendered":"<p>S\u0130YAS\u0130 TAR\u0130H   Millet, kurucu lider, bayrak, s\u0131n\u0131rlar ve ba\u015fkent\u2026 Bu kavramlar devlet olu\u015fumunun belirleyici \u00f6zelliklerindendir\u2026 Bu \u00f6zelliklerden ba\u015fkent, bazen \u00f6yle \u00f6ne \u00e7\u0131kar ki bir\u00e7ok devlet, ba\u015fkent ad\u0131yla an\u0131l\u0131r.   Tarihteki ba\u015fkentlerimizi ele alan bu \u00e7al\u0131\u015fma kurucu liderlerle ba\u011flant\u0131lar kurarak, ba\u015fkent kavram\u0131n\u0131 bug\u00fcnk\u00fc bilinen \u015fehirlerin \u00f6tesine ta\u015f\u0131yor.   Tarihi T\u00fcrk Ba\u015fkentleri kitab\u0131nda \u00d6t\u00fcken, Ka\u015fgar, Fustat, Bulgar, Gazne, Karabalgasun, Balasagun, Semerkand, Merv, \u0130znik, Sofya, Tebriz, Erbil, \u015eam, Kazan, Erzurum, Hasankeyf-Diyarbak\u0131r, K\u00fctahya, Sivas, S\u00f6\u011f\u00fct, Bursa, Konya, Abakan, Bal\u0131kesir, Kastamonu, Manisa ve Ankara \u015fehirleri, ba\u015fkentlik vas\u0131flar\u0131yla ele al\u0131n\u0131yor.   Tarihi T\u00fcrk Ba\u015fkentleri, devlet ve toplum haf\u0131zam\u0131zda \u00f6nemli bir yere sahiptir. Yazar Birol Dok\u2019un kaleme ald\u0131\u011f\u0131 Tarihi T\u00fcrk Ba\u015fkentleri adl\u0131 \u00e7al\u0131\u015fma, k\u00fclt\u00fcr d\u00fcnyam\u0131zdaki \u00f6nemli bir bo\u015flu\u011fu dolduruyor.   <\/p>\n","protected":false},"excerpt":{"rendered":"<p>S\u0130YAS\u0130 TAR\u0130H Millet, kurucu lider, bayrak, s\u0131n\u0131rlar ve ba\u015fkent\u2026 Bu kavramlar devlet olu\u015fumunun belirleyici \u00f6zelliklerindendir\u2026 Bu \u00f6zelliklerden ba\u015fkent, bazen \u00f6yle \u00f6ne \u00e7\u0131kar ki bir\u00e7ok devlet, ba\u015fkent<span class=\"excerpt-hellip\"> [\u2026]<\/span><\/p>\n","protected":false},"featured_media":0,"template":"","meta":{"_monsterinsights_skip_tracking":false,"_monsterinsights_sitenote_active":false,"_monsterinsights_sitenote_note":"","_monsterinsights_sitenote_category":0},"product_brand":[],"product_cat":[12337,14528],"product_tag":[],"class_list":{"0":"post-777528","1":"product","2":"type-product","3":"status-publish","5":"product_cat-politika-siyaset","6":"product_cat-siyaset-tarihi","7":"pa_cilt-ciltsiz","8":"pa_tur-kitap","9":"pa_yayinevi-biyografi-net-yayincilik","10":"pa_yazar-birol-dok","12":"first","13":"instock","14":"sale","15":"shipping-taxable","16":"purchasable","17":"product-type-simple"},"_links":{"self":[{"href":"https:\/\/roveyayinevi.com.tr\/index.php\/wp-json\/wp\/v2\/product\/777528","targetHints":{"allow":["GET"]}}],"collection":[{"href":"https:\/\/roveyayinevi.com.tr\/index.php\/wp-json\/wp\/v2\/product"}],"about":[{"href":"https:\/\/roveyayinevi.com.tr\/index.php\/wp-json\/wp\/v2\/types\/product"}],"wp:attachment":[{"href":"https:\/\/roveyayinevi.com.tr\/index.php\/wp-json\/wp\/v2\/media?parent=777528"}],"wp:term":[{"taxonomy":"product_brand","embeddable":true,"href":"https:\/\/roveyayinevi.com.tr\/index.php\/wp-json\/wp\/v2\/product_brand?post=777528"},{"taxonomy":"product_cat","embeddable":true,"href":"https:\/\/roveyayinevi.com.tr\/index.php\/wp-json\/wp\/v2\/product_cat?post=777528"},{"taxonomy":"product_tag","embeddable":true,"href":"https:\/\/roveyayinevi.com.tr\/index.php\/wp-json\/wp\/v2\/product_tag?post=777528"}],"curies":[{"name":"wp","href":"https:\/\/api.w.org\/{rel}","templated":true}]}}