{"id":777526,"date":"2025-10-17T11:45:17","date_gmt":"2025-10-17T08:45:17","guid":{"rendered":"https:\/\/roveyayinevi.com.tr\/index.php\/urun\/ustalarla-konusmak-tarihcinin-sesi-soylesilerle-turkiyede-tarih-disiplininin-donusumu\/"},"modified":"2026-04-15T03:43:17","modified_gmt":"2026-04-15T00:43:17","slug":"ustalarla-konusmak-tarihcinin-sesi-soylesilerle-turkiyede-tarih-disiplininin-donusumu","status":"publish","type":"product","link":"https:\/\/roveyayinevi.com.tr\/index.php\/urun\/ustalarla-konusmak-tarihcinin-sesi-soylesilerle-turkiyede-tarih-disiplininin-donusumu\/","title":{"rendered":"Ustalarla Konu\u015fmak: Tarih\u00e7inin Sesi S\u00f6yle\u015filerle T\u00fcrkiye\u2019de Tarih Disiplininin D\u00f6n\u00fc\u015f\u00fcm\u00fc"},"content":{"rendered":"<p>\u00b7         \u0130\u00e7indekiler    \u00b7         T\u00fcrk Tarih Kurumu Ba\u015fkan\u0131 Prof. Dr. Y\u00fcksel \u00d6ZGEN Hayat\u0131\/S\u00f6yle\u015fi  \u00b7         Prof. Dr. Ahmet \u015e\u0130M\u015eEK Hayat\u0131\/S\u00f6yle\u015fi \u00b7         Prof. Dr. Ahmet Ya\u015far OCAK Hayat\u0131\/S\u00f6yle\u015fi \u00b7         Prof. Dr. B\u00fclent \u0130PL\u0130K\u00c7\u0130O\u011eLU Hayat\u0131\/S\u00f6yle\u015fi \u00b7         Prof. Dr. Hale \u015eIVGIN Hayat\u0131\/S\u00f6yle\u015fi \u00b7         Prof. Dr. \u0130lhan TEKEL\u0130 Hayat\u0131\/S\u00f6yle\u015fi \u00b7         Prof. Dr. Mustafa SAFRAN Hayat\u0131\/S\u00f6yle\u015fi \u00b7         Prof. Dr. Necmettin ALKAN Hayat\u0131\/S\u00f6yle\u015fi \u00b7         Prof. Dr. Refik TURAN Hayat\u0131\/S\u00f6yle\u015fi \u00b7         Prof. Dr. Saadettin Ya\u011fmur G\u00d6ME\u00c7 Hayat\u0131\/S\u00f6yle\u015fi \u00b7         Prof. Dr. Temu\u00e7in Faik ERTAN Hayat\u0131\/S\u00f6yle\u015fi \u00b7         Prof. Dr. Tuncer BAYKARA Hayat\u0131\/S\u00f6yle\u015fi \u00b7         Prof. Dr. Yavuz UNAT Hayat\u0131\/S\u00f6yle\u015fi \u00b7         Prof. Dr. Y\u0131lmaz KURT Hayat\u0131\/S\u00f6yle\u015fi <\/p>\n","protected":false},"excerpt":{"rendered":"<p>\u00b7 \u0130\u00e7indekiler \u00b7 T\u00fcrk Tarih Kurumu Ba\u015fkan\u0131 Prof. Dr. Y\u00fcksel \u00d6ZGEN Hayat\u0131\/S\u00f6yle\u015fi \u00b7 Prof. Dr. Ahmet \u015e\u0130M\u015eEK Hayat\u0131\/S\u00f6yle\u015fi \u00b7 Prof. Dr. Ahmet Ya\u015far OCAK Hayat\u0131\/S\u00f6yle\u015fi \u00b7<span class=\"excerpt-hellip\"> [\u2026]<\/span><\/p>\n","protected":false},"featured_media":0,"template":"","meta":{"_monsterinsights_skip_tracking":false,"_monsterinsights_sitenote_active":false,"_monsterinsights_sitenote_note":"","_monsterinsights_sitenote_category":0},"product_brand":[],"product_cat":[13005,40995],"product_tag":[],"class_list":{"0":"post-777526","1":"product","2":"type-product","3":"status-publish","5":"product_cat-bilim-muhendislik","6":"product_cat-sosyal-bilimler","7":"pa_cilt-ciltsiz","8":"pa_tur-kitap","9":"pa_yayinevi-gazi-kitabevi","10":"pa_yazar-gulluhan-ozdemir-ciceklitas-gursoy-sahin","12":"first","13":"instock","14":"sale","15":"shipping-taxable","16":"purchasable","17":"product-type-simple"},"_links":{"self":[{"href":"https:\/\/roveyayinevi.com.tr\/index.php\/wp-json\/wp\/v2\/product\/777526","targetHints":{"allow":["GET"]}}],"collection":[{"href":"https:\/\/roveyayinevi.com.tr\/index.php\/wp-json\/wp\/v2\/product"}],"about":[{"href":"https:\/\/roveyayinevi.com.tr\/index.php\/wp-json\/wp\/v2\/types\/product"}],"wp:attachment":[{"href":"https:\/\/roveyayinevi.com.tr\/index.php\/wp-json\/wp\/v2\/media?parent=777526"}],"wp:term":[{"taxonomy":"product_brand","embeddable":true,"href":"https:\/\/roveyayinevi.com.tr\/index.php\/wp-json\/wp\/v2\/product_brand?post=777526"},{"taxonomy":"product_cat","embeddable":true,"href":"https:\/\/roveyayinevi.com.tr\/index.php\/wp-json\/wp\/v2\/product_cat?post=777526"},{"taxonomy":"product_tag","embeddable":true,"href":"https:\/\/roveyayinevi.com.tr\/index.php\/wp-json\/wp\/v2\/product_tag?post=777526"}],"curies":[{"name":"wp","href":"https:\/\/api.w.org\/{rel}","templated":true}]}}