{"id":777522,"date":"2025-10-17T11:44:27","date_gmt":"2025-10-17T08:44:27","guid":{"rendered":"https:\/\/roveyayinevi.com.tr\/index.php\/urun\/turk-muziginde-makam-ogretimi-icin-solfej-etutleri-1-makam-5-etut\/"},"modified":"2026-04-15T03:43:11","modified_gmt":"2026-04-15T00:43:11","slug":"turk-muziginde-makam-ogretimi-icin-solfej-etutleri-1-makam-5-etut","status":"publish","type":"product","link":"https:\/\/roveyayinevi.com.tr\/index.php\/urun\/turk-muziginde-makam-ogretimi-icin-solfej-etutleri-1-makam-5-etut\/","title":{"rendered":"T\u00fcrk M\u00fczi\u011finde Makam \u00d6\u011fretimi \u0130\u00e7in Solfej Et\u00fctleri 1 Makam 5 Et\u00fct"},"content":{"rendered":"<p>Bu kitapta, 20. y\u00fczy\u0131l Arel nazar\u00eeyesinde temel makam olarak belirlenen \u00c7arg\u00e2h makam\u0131 ba\u015fta olmak \u00fczere Arel\u2019in s\u0131n\u0131fland\u0131rm\u0131\u015f oldu\u011fu basit makamlardan; B\u00fbselik, K\u00fcrd\u00ee, Rast, U\u015f\u015f\u00e2k, H\u00fcseyn\u00ee, Nev\u00e2, Basit S\u00fbzinak ve Bay\u00e2ti ile bile\u015fik makamlardan olan Muhayyer, T\u00e2hir makamlar\u0131na y\u00f6nelik et\u00fctlere yer verilmi\u015ftir. Bu ba\u011flamda kitapta yer alan et\u00fctler, T\u00fcrk m\u00fczi\u011finde temel makamlar\u0131 solfej okumalar\u0131 ile pratik yapmak isteyen b\u00fct\u00fcn okurlara hit\u00e2b etmektedir. Kitab\u0131n amac\u0131, T\u00fcrk m\u00fczi\u011finde solfej geli\u015fimine katk\u0131 sa\u011flamak oldu\u011fundan makam ve us\u00fbl tariflerine burada yer verilmemi\u015ftir. Bu nedenle kitapta yer alan makamlar\u0131n ve us\u00fbllerin \u00f6\u011frenimi tamamlad\u0131ktan sonra et\u00fctlerin solfej edilmesi tavsiye edilmektedir. <\/p>\n","protected":false},"excerpt":{"rendered":"<p>Bu kitapta, 20. y\u00fczy\u0131l Arel nazar\u00eeyesinde temel makam olarak belirlenen \u00c7arg\u00e2h makam\u0131 ba\u015fta olmak \u00fczere Arel\u2019in s\u0131n\u0131fland\u0131rm\u0131\u015f oldu\u011fu basit makamlardan; B\u00fbselik, K\u00fcrd\u00ee, Rast, U\u015f\u015f\u00e2k, H\u00fcseyn\u00ee, Nev\u00e2,<span class=\"excerpt-hellip\"> [\u2026]<\/span><\/p>\n","protected":false},"featured_media":0,"template":"","meta":{"_monsterinsights_skip_tracking":false,"_monsterinsights_sitenote_active":false,"_monsterinsights_sitenote_note":"","_monsterinsights_sitenote_category":0},"product_brand":[],"product_cat":[14556,20810],"product_tag":[],"class_list":{"0":"post-777522","1":"product","2":"type-product","3":"status-publish","5":"product_cat-muzik","6":"product_cat-ogrenim-kitaplari","7":"pa_cilt-ciltsiz","8":"pa_tur-kitap","9":"pa_yayinevi-soncag-akademik-kitaplar","10":"pa_yazar-ogr-gor-dr-aziz-destegul","12":"first","13":"instock","14":"sale","15":"shipping-taxable","16":"purchasable","17":"product-type-simple"},"_links":{"self":[{"href":"https:\/\/roveyayinevi.com.tr\/index.php\/wp-json\/wp\/v2\/product\/777522","targetHints":{"allow":["GET"]}}],"collection":[{"href":"https:\/\/roveyayinevi.com.tr\/index.php\/wp-json\/wp\/v2\/product"}],"about":[{"href":"https:\/\/roveyayinevi.com.tr\/index.php\/wp-json\/wp\/v2\/types\/product"}],"wp:attachment":[{"href":"https:\/\/roveyayinevi.com.tr\/index.php\/wp-json\/wp\/v2\/media?parent=777522"}],"wp:term":[{"taxonomy":"product_brand","embeddable":true,"href":"https:\/\/roveyayinevi.com.tr\/index.php\/wp-json\/wp\/v2\/product_brand?post=777522"},{"taxonomy":"product_cat","embeddable":true,"href":"https:\/\/roveyayinevi.com.tr\/index.php\/wp-json\/wp\/v2\/product_cat?post=777522"},{"taxonomy":"product_tag","embeddable":true,"href":"https:\/\/roveyayinevi.com.tr\/index.php\/wp-json\/wp\/v2\/product_tag?post=777522"}],"curies":[{"name":"wp","href":"https:\/\/api.w.org\/{rel}","templated":true}]}}