{"id":777521,"date":"2025-10-17T11:43:46","date_gmt":"2025-10-17T08:43:46","guid":{"rendered":"https:\/\/roveyayinevi.com.tr\/index.php\/urun\/kursun-dokme-ritueli\/"},"modified":"2026-03-12T03:39:56","modified_gmt":"2026-03-12T00:39:56","slug":"kursun-dokme-ritueli","status":"publish","type":"product","link":"https:\/\/roveyayinevi.com.tr\/index.php\/urun\/kursun-dokme-ritueli\/","title":{"rendered":"Kur\u015fun D\u00f6kme Rit\u00fceli"},"content":{"rendered":"<p>\u0130nsan\u0131 tesir alt\u0131na alan, hasta eden baz\u0131 vak\u2019alar vard\u0131r ki, t\u0131p ilmi bunlar i\u00e7in kesin te\u015fhise varamam\u0131\u015ft\u0131r. Ger\u00e7ek sebebi hakk\u0131nda da a\u00e7\u0131k bir bilgi verememektedir. \u0130\u015fte bunlardan birisi de \u201cnazar etme,\u201d \u201cg\u00f6z de\u011fme\u201ddir. Kur\u015fun en \u00e7ok kem g\u00f6ze maruz kalan nazara u\u011frad\u0131\u011f\u0131na inan\u0131lan ki\u015filere d\u00f6k\u00fcl\u00fcr, Bazen insanlar hi\u00e7 bir mani olmamas\u0131na ra\u011fmen yapmak istedikleri bir i\u015fe ba\u015flayamazlar yada ba\u015flad\u0131klar\u0131 i\u015fi bitiremezler bazen i\u015fleri yolunda gitmez devaml\u0131 terslikler \u00e7\u0131kar, bazen enerjileri d\u00fc\u015fer, bazen olumsuzluklar hep \u00fcst \u00fcste gelir b\u00f6yle zamanlarda Allah\u2019\u0131n (cc) izni ile kur\u015fun d\u00f6kt\u00fcrenler daima ve faydas\u0131n\u0131 g\u00f6r\u00fcr \u2026 <\/p>\n","protected":false},"excerpt":{"rendered":"<p>\u0130nsan\u0131 tesir alt\u0131na alan, hasta eden baz\u0131 vak\u2019alar vard\u0131r ki, t\u0131p ilmi bunlar i\u00e7in kesin te\u015fhise varamam\u0131\u015ft\u0131r. Ger\u00e7ek sebebi hakk\u0131nda da a\u00e7\u0131k bir bilgi verememektedir. \u0130\u015fte<span class=\"excerpt-hellip\"> [\u2026]<\/span><\/p>\n","protected":false},"featured_media":0,"template":"","meta":{"_monsterinsights_skip_tracking":false,"_monsterinsights_sitenote_active":false,"_monsterinsights_sitenote_note":"","_monsterinsights_sitenote_category":0},"product_brand":[],"product_cat":[12718],"product_tag":[],"class_list":{"0":"post-777521","1":"product","2":"type-product","3":"status-publish","5":"product_cat-din","6":"pa_cilt-ciltsiz","7":"pa_tur-kitap","8":"pa_yayinevi-kirmizi-cati-yayinlari","9":"pa_yazar-son-care-zekai-hoca","11":"first","12":"instock","13":"sale","14":"shipping-taxable","15":"purchasable","16":"product-type-simple"},"_links":{"self":[{"href":"https:\/\/roveyayinevi.com.tr\/index.php\/wp-json\/wp\/v2\/product\/777521","targetHints":{"allow":["GET"]}}],"collection":[{"href":"https:\/\/roveyayinevi.com.tr\/index.php\/wp-json\/wp\/v2\/product"}],"about":[{"href":"https:\/\/roveyayinevi.com.tr\/index.php\/wp-json\/wp\/v2\/types\/product"}],"wp:attachment":[{"href":"https:\/\/roveyayinevi.com.tr\/index.php\/wp-json\/wp\/v2\/media?parent=777521"}],"wp:term":[{"taxonomy":"product_brand","embeddable":true,"href":"https:\/\/roveyayinevi.com.tr\/index.php\/wp-json\/wp\/v2\/product_brand?post=777521"},{"taxonomy":"product_cat","embeddable":true,"href":"https:\/\/roveyayinevi.com.tr\/index.php\/wp-json\/wp\/v2\/product_cat?post=777521"},{"taxonomy":"product_tag","embeddable":true,"href":"https:\/\/roveyayinevi.com.tr\/index.php\/wp-json\/wp\/v2\/product_tag?post=777521"}],"curies":[{"name":"wp","href":"https:\/\/api.w.org\/{rel}","templated":true}]}}