{"id":777520,"date":"2025-10-17T11:25:44","date_gmt":"2025-10-17T08:25:44","guid":{"rendered":"https:\/\/roveyayinevi.com.tr\/index.php\/urun\/dunyada-din-psikolojisi-dunu-bugunu-i\/"},"modified":"2026-04-15T03:38:46","modified_gmt":"2026-04-15T00:38:46","slug":"dunyada-din-psikolojisi-dunu-bugunu-i","status":"publish","type":"product","link":"https:\/\/roveyayinevi.com.tr\/index.php\/urun\/dunyada-din-psikolojisi-dunu-bugunu-i\/","title":{"rendered":"D\u00fcnyada Din Psikolojisi (D\u00fcn\u00fc Bug\u00fcn\u00fc-I)"},"content":{"rendered":"<p>Din ve psikoloji, insanl\u0131k tarihinin en temel yap\u0131 ta\u015flar\u0131ndan biri olarak bireylerin anlam aray\u0131\u015f\u0131ndan toplumsal yap\u0131n\u0131n \u015fekillenmesine kadar geni\u015f bir etki alan\u0131na sahiptir. Bu eser, din psikolojisinin tarihsel geli\u015fimini, modern d\u00f6nemdeki d\u00f6n\u00fc\u015f\u00fcm s\u00fcre\u00e7lerini ve psikologlardan \u00e7a\u011fda\u015f akademisyenlere kadar uzanan geni\u015f bir yelpazede bir\u00e7ok \u00f6nemli d\u00fc\u015f\u00fcn\u00fcr\u00fcn katk\u0131lar\u0131yla \u015fekillenen teorik ve uygulamal\u0131 yakla\u015f\u0131mlar\u0131n\u0131 kapsaml\u0131 bir \u015fekilde ele almaktad\u0131r. Kitap, din psikolojisinin olu\u015fum ve geli\u015fim s\u00fcre\u00e7lerini tarihsel bir perspektiften de\u011ferlendirmekte, alandaki \u00f6nemli isimleri, eserleri, a\u015famalar\u0131 ve kavramsal \u00e7er\u00e7eveleri derinlemesine incelemektedir. Ayr\u0131ca, din ve psikoloji aras\u0131ndaki ili\u015fkinin nas\u0131l \u015fekillendi\u011fini anlamak isteyen ara\u015ft\u0131rmac\u0131 ve okuyuculara \u00e7ok y\u00f6nl\u00fc bir analiz sunmaktad\u0131r. Bu y\u00f6n\u00fcyle, eser, din psikolojisi alan\u0131nda \u00e7al\u0131\u015fan akademisyenler ve bu disiplinle ilgilenen t\u00fcm bireyler i\u00e7in \u00f6nemli bir ba\u015fvuru kayna\u011f\u0131 ve bilimsel bir rehber niteli\u011findedir. <\/p>\n","protected":false},"excerpt":{"rendered":"<p>Din ve psikoloji, insanl\u0131k tarihinin en temel yap\u0131 ta\u015flar\u0131ndan biri olarak bireylerin anlam aray\u0131\u015f\u0131ndan toplumsal yap\u0131n\u0131n \u015fekillenmesine kadar geni\u015f bir etki alan\u0131na sahiptir. Bu eser, din<span class=\"excerpt-hellip\"> [\u2026]<\/span><\/p>\n","protected":false},"featured_media":0,"template":"","meta":{"_monsterinsights_skip_tracking":false,"_monsterinsights_sitenote_active":false,"_monsterinsights_sitenote_note":"","_monsterinsights_sitenote_category":0},"product_brand":[],"product_cat":[20502,12357],"product_tag":[],"class_list":{"0":"post-777520","1":"product","2":"type-product","3":"status-publish","5":"product_cat-basvuru-kitaplari-psikoloji","6":"product_cat-psikoloji","7":"pa_cilt-ciltsiz","8":"pa_tur-kitap","9":"pa_yayinevi-soncag-akademik-kitaplar","10":"pa_yazar-kolektif","12":"first","13":"instock","14":"sale","15":"shipping-taxable","16":"purchasable","17":"product-type-simple"},"_links":{"self":[{"href":"https:\/\/roveyayinevi.com.tr\/index.php\/wp-json\/wp\/v2\/product\/777520","targetHints":{"allow":["GET"]}}],"collection":[{"href":"https:\/\/roveyayinevi.com.tr\/index.php\/wp-json\/wp\/v2\/product"}],"about":[{"href":"https:\/\/roveyayinevi.com.tr\/index.php\/wp-json\/wp\/v2\/types\/product"}],"wp:attachment":[{"href":"https:\/\/roveyayinevi.com.tr\/index.php\/wp-json\/wp\/v2\/media?parent=777520"}],"wp:term":[{"taxonomy":"product_brand","embeddable":true,"href":"https:\/\/roveyayinevi.com.tr\/index.php\/wp-json\/wp\/v2\/product_brand?post=777520"},{"taxonomy":"product_cat","embeddable":true,"href":"https:\/\/roveyayinevi.com.tr\/index.php\/wp-json\/wp\/v2\/product_cat?post=777520"},{"taxonomy":"product_tag","embeddable":true,"href":"https:\/\/roveyayinevi.com.tr\/index.php\/wp-json\/wp\/v2\/product_tag?post=777520"}],"curies":[{"name":"wp","href":"https:\/\/api.w.org\/{rel}","templated":true}]}}