{"id":777518,"date":"2025-10-17T11:00:41","date_gmt":"2025-10-17T08:00:41","guid":{"rendered":"https:\/\/roveyayinevi.com.tr\/index.php\/urun\/pratik-biyokimya-laboratuari\/"},"modified":"2026-04-15T03:34:54","modified_gmt":"2026-04-15T00:34:54","slug":"pratik-biyokimya-laboratuari","status":"publish","type":"product","link":"https:\/\/roveyayinevi.com.tr\/index.php\/urun\/pratik-biyokimya-laboratuari\/","title":{"rendered":"Pratik Biyokimya Laboratuar\u0131"},"content":{"rendered":"<p>\u0130\u00e7indekiler :     1. KARBONH\u0130DRATLARA A\u0130T TEPK\u0130MELER   2. N\u0130\u015eASTANIN H\u0130DROL\u0130Z\u0130   3. PROTE\u0130NLERE A\u0130T TEPK\u0130MELER   4. N\u00dcKLE\u0130K AS\u0130TLERE A\u0130T REAKS\u0130YONLAR   5. \u0130DRARIN F\u0130Z\u0130KSEL VE M\u0130KROSKOB\u0130K TETK\u0130K\u0130   6. \u0130DRARDA GLUKOZ ARANMASI   7. \u0130DRARDA PROTE\u0130N ARANMASI   8. \u0130DRARDA KETON C\u0130S\u0130MLER\u0130N\u0130N ARANMASI VE L\u0130P\u0130TLERE A\u0130T TEPK\u0130MELER   9. \u0130DRARDA SAFRA BOYALARININ ARANMASI     10. S\u00dcTTE KAZE\u0130N\u0130N \u00c7\u00d6KT\u00dcR\u00dcLMES\u0130 VE S\u00dcTTE LAKTOZ M\u0130KTARININ TAY\u0130N\u0130   11. KANDA GLUKOZ TAY\u0130N\u0130   12. KANDA TOPLAM L\u0130P\u0130D TAY\u0130N\u0130   13. KANDA TOPLAM PROTE\u0130N TAY\u0130N\u0130   14. KANDA KALS\u0130YUM TAY\u0130N\u0130   15. KANDA \u00dcR\u0130K AS\u0130T TAY\u0130N\u0130   16. KANDA \u00dcRE TAY\u0130N\u0130   17. KARAC\u0130\u011eER FONKS\u0130YON TESTLER\u0130 I   18. KARAC\u0130\u011eER FONKS\u0130YON TESTLER\u0130 II   19. \u0130DRARDA KREAT\u0130N\u0130N TAY\u0130N\u0130 VE KREAT\u0130N\u0130N KLERENS   20. SUBSTRAT M\u0130KTARINDAK\u0130 DE\u011e\u0130\u015e\u0130KL\u0130KLER\u0130N ENZ\u0130MAT\u0130K TEPK\u0130ME HIZINA ETK\u0130S\u0130 21. KAN GRUBU TAY\u0130N\u0130<\/p>\n","protected":false},"excerpt":{"rendered":"<p>\u0130\u00e7indekiler : 1. KARBONH\u0130DRATLARA A\u0130T TEPK\u0130MELER 2. N\u0130\u015eASTANIN H\u0130DROL\u0130Z\u0130 3. PROTE\u0130NLERE A\u0130T TEPK\u0130MELER 4. N\u00dcKLE\u0130K AS\u0130TLERE A\u0130T REAKS\u0130YONLAR 5. \u0130DRARIN F\u0130Z\u0130KSEL VE M\u0130KROSKOB\u0130K TETK\u0130K\u0130 6. \u0130DRARDA<span class=\"excerpt-hellip\"> [\u2026]<\/span><\/p>\n","protected":false},"featured_media":0,"template":"","meta":{"_monsterinsights_skip_tracking":false,"_monsterinsights_sitenote_active":false,"_monsterinsights_sitenote_note":"","_monsterinsights_sitenote_category":0},"product_brand":[],"product_cat":[13005,37328],"product_tag":[],"class_list":{"0":"post-777518","1":"product","2":"type-product","3":"status-publish","5":"product_cat-bilim-muhendislik","6":"product_cat-diger-bilim-muhendislik","7":"pa_cilt-ciltsiz","8":"pa_tur-kitap","9":"pa_yayinevi-gazi-kitabevi","10":"pa_yazar-bekir-s-cevrimli-sinan-mithat-muhammet","12":"first","13":"instock","14":"sale","15":"shipping-taxable","16":"purchasable","17":"product-type-simple"},"_links":{"self":[{"href":"https:\/\/roveyayinevi.com.tr\/index.php\/wp-json\/wp\/v2\/product\/777518","targetHints":{"allow":["GET"]}}],"collection":[{"href":"https:\/\/roveyayinevi.com.tr\/index.php\/wp-json\/wp\/v2\/product"}],"about":[{"href":"https:\/\/roveyayinevi.com.tr\/index.php\/wp-json\/wp\/v2\/types\/product"}],"wp:attachment":[{"href":"https:\/\/roveyayinevi.com.tr\/index.php\/wp-json\/wp\/v2\/media?parent=777518"}],"wp:term":[{"taxonomy":"product_brand","embeddable":true,"href":"https:\/\/roveyayinevi.com.tr\/index.php\/wp-json\/wp\/v2\/product_brand?post=777518"},{"taxonomy":"product_cat","embeddable":true,"href":"https:\/\/roveyayinevi.com.tr\/index.php\/wp-json\/wp\/v2\/product_cat?post=777518"},{"taxonomy":"product_tag","embeddable":true,"href":"https:\/\/roveyayinevi.com.tr\/index.php\/wp-json\/wp\/v2\/product_tag?post=777518"}],"curies":[{"name":"wp","href":"https:\/\/api.w.org\/{rel}","templated":true}]}}