{"id":777517,"date":"2025-10-17T09:30:02","date_gmt":"2025-10-17T06:30:02","guid":{"rendered":"https:\/\/roveyayinevi.com.tr\/index.php\/urun\/idam-ipinden-tasma\/"},"modified":"2026-04-16T03:08:51","modified_gmt":"2026-04-16T00:08:51","slug":"idam-ipinden-tasma","status":"publish","type":"product","link":"https:\/\/roveyayinevi.com.tr\/index.php\/urun\/idam-ipinden-tasma\/","title":{"rendered":"\u0130dam \u0130pinden Tasma"},"content":{"rendered":"<p>Merhaba sevgili okur! Yazar Bulut Yi\u011fittepe\u2019nin bu kitab\u0131n\u0131 binlik bir puzzle gibi d\u00fc\u015f\u00fcn\u00fcn. Evinize al\u0131p g\u00f6t\u00fcrd\u00fc\u011f\u00fcn\u00fcz vakit 200  300 par\u00e7as\u0131n\u0131 birle\u015ftirirseniz, size g\u00fczel bir sonu\u00e7 verir mi? Vermez.   \u0130\u015fte bu kitab\u0131 edindi\u011finiz vakit 200  300 sayfas\u0131n\u0131 okursan\u0131z hi\u00e7bir sonu\u00e7 elde edemezsiniz. L\u00fctfen t\u00fcm puzzlelar\u0131 birle\u015ftiriniz, yani t\u00fcm sayfalar\u0131 okuyunuz. Ve b\u00fcy\u00fck resmi g\u00f6r\u00fcn\u00fcz. Bir gecede insan hayat\u0131 ne kadar de\u011fi\u015febilir? Bir insan bir geceye \u00f6mr\u00fcn\u00fc nas\u0131l s\u0131\u011fd\u0131rabilir? Verilen bir karar ka\u00e7 hayat\u0131 etkileyebilir? Ka\u00e7 can, verilen kararla yitip gidebilir? Hangi hayat hangi hayatlara dokunabilir?   Karakterlerin hepsinin birbirinin hayatlar\u0131na nas\u0131l dokunaca\u011f\u0131na, nas\u0131l bir \u00f6r\u00fcmcek a\u011f\u0131 ya da sarma\u015f\u0131k gibi  sar\u0131p sarmalayaca\u011f\u0131na \u015fahit olacaks\u0131n\u0131z.  Birbirine ilmek ilmek i\u015flenmi\u015f hayatlar\u0131 okurken tahmin par\u00e7alar\u0131n\u0131z\u0131 do\u011fru yerle\u015ftirebilece\u011finize inan\u0131yor musunuz?   Cevab\u0131n\u0131z evet ise i\u00e7eride sizi bekleyen b\u00fcy\u00fck bir bulmaca var.   Bakal\u0131m \u00e7\u00f6zebilecek misiniz&#8230;<\/p>\n","protected":false},"excerpt":{"rendered":"<p>Merhaba sevgili okur! Yazar Bulut Yi\u011fittepe\u2019nin bu kitab\u0131n\u0131 binlik bir puzzle gibi d\u00fc\u015f\u00fcn\u00fcn. Evinize al\u0131p g\u00f6t\u00fcrd\u00fc\u011f\u00fcn\u00fcz vakit 200 300 par\u00e7as\u0131n\u0131 birle\u015ftirirseniz, size g\u00fczel bir sonu\u00e7 verir<span class=\"excerpt-hellip\"> [\u2026]<\/span><\/p>\n","protected":false},"featured_media":0,"template":"","meta":{"_monsterinsights_skip_tracking":false,"_monsterinsights_sitenote_active":false,"_monsterinsights_sitenote_note":"","_monsterinsights_sitenote_category":0},"product_brand":[],"product_cat":[12291,12711],"product_tag":[],"class_list":{"0":"post-777517","1":"product","2":"type-product","3":"status-publish","5":"product_cat-edebiyat","6":"product_cat-roman-oyku","7":"pa_cilt-ciltsiz","8":"pa_tur-kitap","9":"pa_yayinevi-luna-yayinlari","10":"pa_yazar-bulut-yigittepe","12":"first","13":"instock","14":"sale","15":"shipping-taxable","16":"purchasable","17":"product-type-simple"},"_links":{"self":[{"href":"https:\/\/roveyayinevi.com.tr\/index.php\/wp-json\/wp\/v2\/product\/777517","targetHints":{"allow":["GET"]}}],"collection":[{"href":"https:\/\/roveyayinevi.com.tr\/index.php\/wp-json\/wp\/v2\/product"}],"about":[{"href":"https:\/\/roveyayinevi.com.tr\/index.php\/wp-json\/wp\/v2\/types\/product"}],"wp:attachment":[{"href":"https:\/\/roveyayinevi.com.tr\/index.php\/wp-json\/wp\/v2\/media?parent=777517"}],"wp:term":[{"taxonomy":"product_brand","embeddable":true,"href":"https:\/\/roveyayinevi.com.tr\/index.php\/wp-json\/wp\/v2\/product_brand?post=777517"},{"taxonomy":"product_cat","embeddable":true,"href":"https:\/\/roveyayinevi.com.tr\/index.php\/wp-json\/wp\/v2\/product_cat?post=777517"},{"taxonomy":"product_tag","embeddable":true,"href":"https:\/\/roveyayinevi.com.tr\/index.php\/wp-json\/wp\/v2\/product_tag?post=777517"}],"curies":[{"name":"wp","href":"https:\/\/api.w.org\/{rel}","templated":true}]}}