{"id":777516,"date":"2025-10-17T07:31:58","date_gmt":"2025-10-17T04:31:58","guid":{"rendered":"https:\/\/roveyayinevi.com.tr\/index.php\/urun\/rune-mucizesi\/"},"modified":"2026-04-16T02:48:54","modified_gmt":"2026-04-15T23:48:54","slug":"rune-mucizesi","status":"publish","type":"product","link":"https:\/\/roveyayinevi.com.tr\/index.php\/urun\/rune-mucizesi\/","title":{"rendered":"Rune Mucizesi"},"content":{"rendered":"<p>Semboller hayat\u0131m\u0131z\u0131n ayr\u0131lmaz birer par\u00e7as\u0131d\u0131r. Biz evrene y\u00f6nelince evren de bize baz\u0131 mesajlar g\u00f6ndermeye ba\u015flar. Evrenle ileti\u015fim kurman\u0131n bir yolu da sembollerdir. Her sembol\u00fcn ta\u015f\u0131d\u0131\u011f\u0131 belli bir frekans vard\u0131r ve biz bu sayede kendi frekans\u0131m\u0131z\u0131 da y\u00fckseltmi\u015f oluruz. Ayr\u0131ca sprit\u00fcel konularla ilgili gizli tutulmas\u0131 gereken bir\u00e7ok bilgi -zamanla \u015fekil ve boyutlar\u0131 de\u011fi\u015fime u\u011frasa da- sembollerle anlat\u0131lm\u0131\u015ft\u0131r. Semboller evrenseldir. <\/p>\n","protected":false},"excerpt":{"rendered":"<p>Semboller hayat\u0131m\u0131z\u0131n ayr\u0131lmaz birer par\u00e7as\u0131d\u0131r. Biz evrene y\u00f6nelince evren de bize baz\u0131 mesajlar g\u00f6ndermeye ba\u015flar. Evrenle ileti\u015fim kurman\u0131n bir yolu da sembollerdir. Her sembol\u00fcn ta\u015f\u0131d\u0131\u011f\u0131 belli<span class=\"excerpt-hellip\"> [\u2026]<\/span><\/p>\n","protected":false},"featured_media":0,"template":"","meta":{"_monsterinsights_skip_tracking":false,"_monsterinsights_sitenote_active":false,"_monsterinsights_sitenote_note":"","_monsterinsights_sitenote_category":0},"product_brand":[],"product_cat":[12364,12376],"product_tag":[],"class_list":{"0":"post-777516","1":"product","2":"type-product","3":"status-publish","5":"product_cat-genel-konular","6":"product_cat-kisisel-gelisim","7":"pa_cilt-ciltsiz","8":"pa_tur-kitap","9":"pa_yayinevi-luna-yayinlari","10":"pa_yazar-zeynep-keyik","12":"first","13":"instock","14":"sale","15":"shipping-taxable","16":"purchasable","17":"product-type-simple"},"_links":{"self":[{"href":"https:\/\/roveyayinevi.com.tr\/index.php\/wp-json\/wp\/v2\/product\/777516","targetHints":{"allow":["GET"]}}],"collection":[{"href":"https:\/\/roveyayinevi.com.tr\/index.php\/wp-json\/wp\/v2\/product"}],"about":[{"href":"https:\/\/roveyayinevi.com.tr\/index.php\/wp-json\/wp\/v2\/types\/product"}],"wp:attachment":[{"href":"https:\/\/roveyayinevi.com.tr\/index.php\/wp-json\/wp\/v2\/media?parent=777516"}],"wp:term":[{"taxonomy":"product_brand","embeddable":true,"href":"https:\/\/roveyayinevi.com.tr\/index.php\/wp-json\/wp\/v2\/product_brand?post=777516"},{"taxonomy":"product_cat","embeddable":true,"href":"https:\/\/roveyayinevi.com.tr\/index.php\/wp-json\/wp\/v2\/product_cat?post=777516"},{"taxonomy":"product_tag","embeddable":true,"href":"https:\/\/roveyayinevi.com.tr\/index.php\/wp-json\/wp\/v2\/product_tag?post=777516"}],"curies":[{"name":"wp","href":"https:\/\/api.w.org\/{rel}","templated":true}]}}