{"id":777515,"date":"2025-10-17T07:22:24","date_gmt":"2025-10-17T04:22:24","guid":{"rendered":"https:\/\/roveyayinevi.com.tr\/index.php\/urun\/keder-uzerine\/"},"modified":"2026-04-16T02:46:47","modified_gmt":"2026-04-15T23:46:47","slug":"keder-uzerine","status":"publish","type":"product","link":"https:\/\/roveyayinevi.com.tr\/index.php\/urun\/keder-uzerine\/","title":{"rendered":"Keder \u00dczerine"},"content":{"rendered":"<p>Keder zalim bir e\u011fitim t\u00fcr\u00fc. Yas tutman\u0131n ne kadar kaba, ne kadar \u00f6fke dolu olabilece\u011fini \u00f6\u011freniyorsunuz kederliyken. D\u00fc\u015f\u00fcnmeden s\u00f6ylenen ba\u015fsa\u011fl\u0131\u011f\u0131 dileklerinin nas\u0131l hissettirebilece\u011fini \u00f6\u011freniyorsunuz.   Babas\u0131n\u0131n \u00f6l\u00fcm\u00fcn\u00fcn ard\u0131ndan yazan Chimamanda Ngozi Adichie, kay\u0131pla derin bir hesapla\u015fmaya giriyor. Babas\u0131n\u0131n \u00f6l\u00fcm haberini izleyen g\u00fcnleri \u201cYar\u0131ndan ve daha sonraki b\u00fct\u00fcn yar\u0131nlardan korkuyorum\u201d diye tan\u0131mlayan yazar, \u015fok, yaln\u0131zl\u0131k ve hayal k\u0131r\u0131kl\u0131\u011f\u0131n\u0131 \u00e7arp\u0131c\u0131 bir dille anlat\u0131yor.   Keder \u00dczerine, t\u00fcm kay\u0131plar i\u00e7in ki\u015fisel bir a\u011f\u0131t. <\/p>\n","protected":false},"excerpt":{"rendered":"<p>Keder zalim bir e\u011fitim t\u00fcr\u00fc. Yas tutman\u0131n ne kadar kaba, ne kadar \u00f6fke dolu olabilece\u011fini \u00f6\u011freniyorsunuz kederliyken. D\u00fc\u015f\u00fcnmeden s\u00f6ylenen ba\u015fsa\u011fl\u0131\u011f\u0131 dileklerinin nas\u0131l hissettirebilece\u011fini \u00f6\u011freniyorsunuz. Babas\u0131n\u0131n \u00f6l\u00fcm\u00fcn\u00fcn<span class=\"excerpt-hellip\"> [\u2026]<\/span><\/p>\n","protected":false},"featured_media":0,"template":"","meta":{"_monsterinsights_skip_tracking":false,"_monsterinsights_sitenote_active":false,"_monsterinsights_sitenote_note":"","_monsterinsights_sitenote_category":0},"product_brand":[],"product_cat":[12777,12291],"product_tag":[],"class_list":{"0":"post-777515","1":"product","2":"type-product","3":"status-publish","5":"product_cat-deneme","6":"product_cat-edebiyat","7":"pa_cilt-ciltsiz","8":"pa_tur-kitap","9":"pa_yayinevi-dogan-kitap","10":"pa_yazar-chimamanda-ngozi-adichie","12":"first","13":"instock","14":"sale","15":"shipping-taxable","16":"purchasable","17":"product-type-simple"},"_links":{"self":[{"href":"https:\/\/roveyayinevi.com.tr\/index.php\/wp-json\/wp\/v2\/product\/777515","targetHints":{"allow":["GET"]}}],"collection":[{"href":"https:\/\/roveyayinevi.com.tr\/index.php\/wp-json\/wp\/v2\/product"}],"about":[{"href":"https:\/\/roveyayinevi.com.tr\/index.php\/wp-json\/wp\/v2\/types\/product"}],"wp:attachment":[{"href":"https:\/\/roveyayinevi.com.tr\/index.php\/wp-json\/wp\/v2\/media?parent=777515"}],"wp:term":[{"taxonomy":"product_brand","embeddable":true,"href":"https:\/\/roveyayinevi.com.tr\/index.php\/wp-json\/wp\/v2\/product_brand?post=777515"},{"taxonomy":"product_cat","embeddable":true,"href":"https:\/\/roveyayinevi.com.tr\/index.php\/wp-json\/wp\/v2\/product_cat?post=777515"},{"taxonomy":"product_tag","embeddable":true,"href":"https:\/\/roveyayinevi.com.tr\/index.php\/wp-json\/wp\/v2\/product_tag?post=777515"}],"curies":[{"name":"wp","href":"https:\/\/api.w.org\/{rel}","templated":true}]}}